{"id":704,"date":"2022-12-29T12:00:11","date_gmt":"2022-12-29T12:00:11","guid":{"rendered":"https:\/\/cmykprinted.com\/?post_type=product&#038;p=704"},"modified":"2022-12-29T15:39:11","modified_gmt":"2022-12-29T15:39:11","slug":"40mm-hexagonal-folding-aluminum-frame-10x15ft-pop-up-tent","status":"publish","type":"product","link":"https:\/\/cmykprinted.com\/hr\/proizvod\/40mm-hexagonal-folding-aluminum-frame-10x15ft-pop-up-tent\/","title":{"rendered":"40 mm \u0161esterokutni sklopivi aluminijski okvir 10x15 stopa (3 x 4,6 m)"},"content":{"rendered":"","protected":false},"excerpt":{"rendered":"<p>Ova sko\u010dna nadstre\u0161nica ima ja\u010di okvir izra\u0111en od nadogra\u0111ene \u010deli\u010dne konstrukcije, s ve\u0107im re\u0161etkastim \u0161ipkama i oja\u010danom popre\u010dnom gredom dimenzija 26 x 13 za dodatnu \u010dvrsto\u0107u i bolju otpornost na vjetar. \u010celi\u010dne noge imaju dvije izbu\u0161ene rupe za ve\u0107u stabilnost. Sama nadstre\u0161nica je 10\u00d715 stopa i pru\u017ea izda\u0161nih 150 \u010detvornih metara hlada, pogodnog za okupljanja od 8-13 ljudi. Mo\u017ee se koristiti i u sun\u010danim i u ki\u0161nim uvjetima. Postavljanje nadstre\u0161nice jednostavno je, ne zahtijeva alate i jednoj osobi treba samo nekoliko minuta. Potporne cijevi mogu se podesiti na tri razli\u010dite razine za dodatnu svestranost. Nadstre\u0161nica je izra\u0111ena od 300D poliestera s PU premazom koji blokira pribli\u017eno 99% UV zraka i ima vodootporne trake. Nadstre\u0161nica dolazi s kompletnim priborom, uklju\u010duju\u0107i vre\u0107u za valjanje, vre\u0107e s pijeskom, \u010depove za uzemljenje, najlonske u\u017eadi i trake. Ovi dodaci, kao i zamjenski dijelovi, dostupni su cijeli \u017eivot.<\/p>\n<div style=\"width: 1280px;\" class=\"wp-video\"><!--[if lt IE 9]><script>document.createElement('video');<\/script><![endif]--><br \/>\n<video class=\"wp-video-shortcode\" id=\"video-704-1\" width=\"1280\" height=\"720\" loop autoplay preload=\"auto\" controls=\"controls\"><source type=\"video\/mp4\" src=\"http:\/\/cmykprinted.com\/wp-content\/uploads\/2022\/12\/10x15ft-Pop-up-Tent.mp4?_=1\" \/><a href=\"http:\/\/cmykprinted.com\/wp-content\/uploads\/2022\/12\/10x15ft-Pop-up-Tent.mp4\">http:\/\/cmykprinted.com\/wp-content\/uploads\/2022\/12\/10x15ft-Pop-up-Tent.mp4<\/a><\/video><\/div>","protected":false},"featured_media":705,"template":"","meta":{"_kad_post_transparent":"default","_kad_post_title":"hide","_kad_post_layout":"fullwidth","_kad_post_sidebar_id":"","_kad_post_content_style":"unboxed","_kad_post_vertical_padding":"hide","_kad_post_feature":"hide","_kad_post_feature_position":"","_kad_post_header":false,"_kad_post_footer":false},"product_cat":[68,71,69],"product_tag":[179,180,182,181],"class_list":{"0":"post-704","1":"product","2":"type-product","3":"status-publish","4":"has-post-thumbnail","6":"product_cat-custom-canopy-tents","7":"product_cat-10x15ft-pop-up-tents","8":"product_cat-40mm-hexagon-aluminum-tents","9":"product_tag-10x15ft-pop-up-tent","10":"product_tag-40mm-hexagonal-pop-up-tent","11":"product_tag-aluminum-frame-pop-up-tent","12":"product_tag-folding-pop-up-tent","14":"first","15":"instock","16":"shipping-taxable","17":"product-type-simple","18":"entry","19":"content-bg","20":"loop-entry"},"_links":{"self":[{"href":"https:\/\/cmykprinted.com\/hr\/wp-json\/wp\/v2\/product\/704","targetHints":{"allow":["GET"]}}],"collection":[{"href":"https:\/\/cmykprinted.com\/hr\/wp-json\/wp\/v2\/product"}],"about":[{"href":"https:\/\/cmykprinted.com\/hr\/wp-json\/wp\/v2\/types\/product"}],"version-history":[{"count":3,"href":"https:\/\/cmykprinted.com\/hr\/wp-json\/wp\/v2\/product\/704\/revisions"}],"predecessor-version":[{"id":714,"href":"https:\/\/cmykprinted.com\/hr\/wp-json\/wp\/v2\/product\/704\/revisions\/714"}],"wp:featuredmedia":[{"embeddable":true,"href":"https:\/\/cmykprinted.com\/hr\/wp-json\/wp\/v2\/media\/705"}],"wp:attachment":[{"href":"https:\/\/cmykprinted.com\/hr\/wp-json\/wp\/v2\/media?parent=704"}],"wp:term":[{"taxonomy":"product_cat","embeddable":true,"href":"https:\/\/cmykprinted.com\/hr\/wp-json\/wp\/v2\/product_cat?post=704"},{"taxonomy":"product_tag","embeddable":true,"href":"https:\/\/cmykprinted.com\/hr\/wp-json\/wp\/v2\/product_tag?post=704"}],"curies":[{"name":"wp","href":"https:\/\/api.w.org\/{rel}","templated":true}]}}