{"id":715,"date":"2022-12-29T22:23:16","date_gmt":"2022-12-29T22:23:16","guid":{"rendered":"https:\/\/cmykprinted.com\/?post_type=product&#038;p=715"},"modified":"2022-12-29T22:34:28","modified_gmt":"2022-12-29T22:34:28","slug":"personalized-stretch-fitted-table-cover-tablecloth-with-logo","status":"publish","type":"product","link":"https:\/\/cmykprinted.com\/hr\/proizvod\/personalized-stretch-fitted-table-cover-tablecloth-with-logo\/","title":{"rendered":"Personalizirani rastezljivi stolnjak s logom"},"content":{"rendered":"","protected":false},"excerpt":{"rendered":"<p>Na\u0161a presvlaka za stol izra\u0111ena od spandexa posebno je dizajnirana da tijesno pristaje na sklopivi stol ili stol za bankete s dimenzijama od 72 in\u010da u duljinu, 30 in\u010da u \u0161irinu i 30 in\u010da u visinu. Ovaj pravokutni stolnjak izvrstan je izbor za razne doga\u0111aje, kao \u0161to su vjen\u010danja, ro\u0111endani, tu\u0161iranja, probe ve\u010dere, pa \u010dak i jednostavna obiteljska okupljanja. Izra\u0111eni od rastezljivog poliestera vrhunske kvalitete, na\u0161i stolnjaci od spandexa od 6 ft izra\u0111eni su da traju, s izdr\u017eljivom konstrukcijom koja je otporna na gu\u017evanje i mrlje. Osim toga, ovi se stolnjaci mogu prati bezbroj puta, \u0161to ih \u010dini ekonomi\u010dnim izborom za svakog organizatora doga\u0111aja ili vlasnika ku\u0107e. Bez obzira organizirate li formalni doga\u0111aj ili le\u017eerno okupljanje, na\u0161 pokriva\u010d za stol od spandeksa privla\u010dan je i prakti\u010dan dodatak va\u0161oj postavci stola.<\/p>\n<div style=\"width: 1290px;\" class=\"wp-video\"><!--[if lt IE 9]><script>document.createElement('video');<\/script><![endif]--><br \/>\n<video class=\"wp-video-shortcode\" id=\"video-715-1\" width=\"1290\" height=\"726\" loop autoplay preload=\"auto\" controls=\"controls\"><source type=\"video\/mp4\" src=\"http:\/\/cmykprinted.com\/wp-content\/uploads\/2022\/12\/Custom-Stretch-Tablecloth.mp4?_=1\" \/><a href=\"http:\/\/cmykprinted.com\/wp-content\/uploads\/2022\/12\/Custom-Stretch-Tablecloth.mp4\">http:\/\/cmykprinted.com\/wp-content\/uploads\/2022\/12\/Custom-Stretch-Tablecloth.mp4<\/a><\/video><\/div>","protected":false},"featured_media":716,"template":"","meta":{"_kad_post_transparent":"default","_kad_post_title":"hide","_kad_post_layout":"fullwidth","_kad_post_sidebar_id":"","_kad_post_content_style":"unboxed","_kad_post_vertical_padding":"hide","_kad_post_feature":"hide","_kad_post_feature_position":"","_kad_post_header":false,"_kad_post_footer":false},"product_cat":[80,81,83],"product_tag":[185,183,186,184],"class_list":{"0":"post-715","1":"product","2":"type-product","3":"status-publish","4":"has-post-thumbnail","6":"product_cat-custom-tablecloth","7":"product_cat-custom-stretch-tablecloth","8":"product_cat-fitted-table-cover","9":"product_tag-fitted-table-cover","10":"product_tag-personalized-fitted-table-cover","11":"product_tag-personalized-stretch-tablecloth","12":"product_tag-stretch-fitted-table-cover","14":"first","15":"instock","16":"shipping-taxable","17":"product-type-simple","18":"entry","19":"content-bg","20":"loop-entry"},"_links":{"self":[{"href":"https:\/\/cmykprinted.com\/hr\/wp-json\/wp\/v2\/product\/715","targetHints":{"allow":["GET"]}}],"collection":[{"href":"https:\/\/cmykprinted.com\/hr\/wp-json\/wp\/v2\/product"}],"about":[{"href":"https:\/\/cmykprinted.com\/hr\/wp-json\/wp\/v2\/types\/product"}],"version-history":[{"count":1,"href":"https:\/\/cmykprinted.com\/hr\/wp-json\/wp\/v2\/product\/715\/revisions"}],"predecessor-version":[{"id":722,"href":"https:\/\/cmykprinted.com\/hr\/wp-json\/wp\/v2\/product\/715\/revisions\/722"}],"wp:featuredmedia":[{"embeddable":true,"href":"https:\/\/cmykprinted.com\/hr\/wp-json\/wp\/v2\/media\/716"}],"wp:attachment":[{"href":"https:\/\/cmykprinted.com\/hr\/wp-json\/wp\/v2\/media?parent=715"}],"wp:term":[{"taxonomy":"product_cat","embeddable":true,"href":"https:\/\/cmykprinted.com\/hr\/wp-json\/wp\/v2\/product_cat?post=715"},{"taxonomy":"product_tag","embeddable":true,"href":"https:\/\/cmykprinted.com\/hr\/wp-json\/wp\/v2\/product_tag?post=715"}],"curies":[{"name":"wp","href":"https:\/\/api.w.org\/{rel}","templated":true}]}}