{"id":723,"date":"2022-12-30T02:47:50","date_gmt":"2022-12-30T02:47:50","guid":{"rendered":"https:\/\/cmykprinted.com\/?post_type=product&#038;p=723"},"modified":"2022-12-30T03:52:19","modified_gmt":"2022-12-30T03:52:19","slug":"all-weather-outdoor-advertising-pvc-mesh-banner-printing","status":"publish","type":"product","link":"https:\/\/cmykprinted.com\/hr\/proizvod\/all-weather-outdoor-advertising-pvc-mesh-banner-printing\/","title":{"rendered":"Vanjsko ogla\u0161avanje za sve vremenske uvjete Tiskanje bannera od PVC mre\u017ee"},"content":{"rendered":"","protected":false},"excerpt":{"rendered":"<p>Na\u0161 banner od PVC mre\u017ee visoko je specijalizirani materijal koji je posebno dizajniran da izdr\u017ei jake vjetrove i druge te\u0161ke vanjske uvjete. Perforacije u materijalu propu\u0161taju vjetar, smanjuju\u0107i rizik od o\u0161te\u0107enja bannera i minimaliziraju\u0107i \u0161anse da bude potrgan ili otpuhan.<br \/>\nOsim svojstva otpornog na vjetar, PVC mre\u017easti banner tako\u0111er je izuzetno lagan, \u0161to ga \u010dini jednostavnim za postavljanje i rukovanje. To ga \u010dini idealnim izborom za \u0161irok raspon posebnih primjena gdje je potreban djelomi\u010dno proziran materijal koji omogu\u0107uje prolaz svjetlosti, zvuka i zraka.<br \/>\nI na\u0161i mre\u017easti banneri i banneri za pozornice tiskani su na mre\u017eastom PVC-u ili na tkanini AIRTEC materijalu, a oba su perforirana po cijelom banneru s vrlo intenzivnim uzorkom malih rupica. To osigurava da Stage Banneri zadr\u017ee svoj strukturni integritet i vizualnu privla\u010dnost, \u010dak iu najzahtjevnijim okru\u017eenjima. Bilo da vam je potreban banner za doga\u0111aj na otvorenom, sajam ili neku drugu posebnu prigodu, na\u0161a PVC mre\u017ea i banneri za pozornicu izvrstan su izbor za sve va\u0161e potrebe za bannerima.<\/p>\n<div style=\"width: 1280px;\" class=\"wp-video\"><!--[if lt IE 9]><script>document.createElement('video');<\/script><![endif]--><br \/>\n<video class=\"wp-video-shortcode\" id=\"video-723-1\" width=\"1280\" height=\"720\" loop autoplay preload=\"metadata\" controls=\"controls\"><source type=\"video\/mp4\" src=\"http:\/\/cmykprinted.com\/wp-content\/uploads\/2022\/12\/PVC-Mesh-Banner.mp4?_=1\" \/><a href=\"http:\/\/cmykprinted.com\/wp-content\/uploads\/2022\/12\/PVC-Mesh-Banner.mp4\">http:\/\/cmykprinted.com\/wp-content\/uploads\/2022\/12\/PVC-Mesh-Banner.mp4<\/a><\/video><\/div>","protected":false},"featured_media":724,"template":"","meta":{"_kad_post_transparent":"default","_kad_post_title":"hide","_kad_post_layout":"fullwidth","_kad_post_sidebar_id":"","_kad_post_content_style":"unboxed","_kad_post_vertical_padding":"hide","_kad_post_feature":"hide","_kad_post_feature_position":"","_kad_post_header":false,"_kad_post_footer":false},"product_cat":[85,90,91,89,88],"product_tag":[189,191,188,190,187],"class_list":{"0":"post-723","1":"product","2":"type-product","3":"status-publish","4":"has-post-thumbnail","6":"product_cat-outdoor-vinyl-banners","7":"product_cat-glossy-pvc-banners","8":"product_cat-matte-vinyl-banners","9":"product_cat-pvc-banners","10":"product_cat-pvc-mesh-banners","11":"product_tag-advertising-mesh-banner","12":"product_tag-all-weather-mesh-banner","13":"product_tag-mesh-banner-printing","14":"product_tag-outdoor-mesh-banner","15":"product_tag-pvc-mesh-banner","17":"first","18":"instock","19":"shipping-taxable","20":"product-type-simple","21":"entry","22":"content-bg","23":"loop-entry"},"_links":{"self":[{"href":"https:\/\/cmykprinted.com\/hr\/wp-json\/wp\/v2\/product\/723","targetHints":{"allow":["GET"]}}],"collection":[{"href":"https:\/\/cmykprinted.com\/hr\/wp-json\/wp\/v2\/product"}],"about":[{"href":"https:\/\/cmykprinted.com\/hr\/wp-json\/wp\/v2\/types\/product"}],"version-history":[{"count":2,"href":"https:\/\/cmykprinted.com\/hr\/wp-json\/wp\/v2\/product\/723\/revisions"}],"predecessor-version":[{"id":732,"href":"https:\/\/cmykprinted.com\/hr\/wp-json\/wp\/v2\/product\/723\/revisions\/732"}],"wp:featuredmedia":[{"embeddable":true,"href":"https:\/\/cmykprinted.com\/hr\/wp-json\/wp\/v2\/media\/724"}],"wp:attachment":[{"href":"https:\/\/cmykprinted.com\/hr\/wp-json\/wp\/v2\/media?parent=723"}],"wp:term":[{"taxonomy":"product_cat","embeddable":true,"href":"https:\/\/cmykprinted.com\/hr\/wp-json\/wp\/v2\/product_cat?post=723"},{"taxonomy":"product_tag","embeddable":true,"href":"https:\/\/cmykprinted.com\/hr\/wp-json\/wp\/v2\/product_tag?post=723"}],"curies":[{"name":"wp","href":"https:\/\/api.w.org\/{rel}","templated":true}]}}