{"id":733,"date":"2022-12-30T03:56:29","date_gmt":"2022-12-30T03:56:29","guid":{"rendered":"https:\/\/cmykprinted.com\/?post_type=product&#038;p=733"},"modified":"2022-12-30T04:21:48","modified_gmt":"2022-12-30T04:21:48","slug":"promotional-triangle-pop-up-banners-a-frame-pop-out-banners","status":"publish","type":"product","link":"https:\/\/cmykprinted.com\/hr\/proizvod\/promotional-triangle-pop-up-banners-a-frame-pop-out-banners\/","title":{"rendered":"Promotivni trokutasti iska\u010du\u0107i banneri A-okvir iska\u010du\u0107i banneri"},"content":{"rendered":"","protected":false},"excerpt":{"rendered":"<p>Trokutasti sko\u010dni banneri su svestran i privla\u010dan na\u010din za promicanje va\u0161e tvrtke ili robne marke. Dizajnirani su za jednostavno postavljanje i uklanjanje, \u0161to ih \u010dini savr\u0161enim za kori\u0161tenje na sajmovima, konferencijama i drugim doga\u0111ajima. Izra\u0111eni od izdr\u017eljive tkanine boje breskve, ovi su transparenti lagani i jednostavni za transport, a dolaze s prakti\u010dnom torbom za pohranu.<br \/>\nOsim \u0161to su jednostavni za kori\u0161tenje, na\u0161i trokutasti sko\u010dni banneri tako\u0111er su vrlo u\u010dinkoviti u privla\u010denju pa\u017enje. Bilo da \u017eelite ogla\u0161avati lansiranje novog proizvoda, rasprodaju ili nadolaze\u0107i doga\u0111aj, ovi banneri izvrstan su na\u010din da zainteresirate ljude za svoju tvrtku. Mogu se koristiti u zatvorenom i na otvorenom, a njihov hardver od opru\u017enog metalnog \u010delika i klinova olak\u0161ava ih sastavljanje i rastavljanje.<br \/>\nAko tra\u017eite na\u010din da podignete svoje poslovno ogla\u0161avanje na vi\u0161u razinu, razmislite o ulaganju u trokutasti sko\u010dni banner. Oni su odli\u010dan na\u010din da privu\u010dete pozornost na svoju tvrtku i ostavite trajan dojam na potencijalne kupce. A s na\u0161im sveobuhvatnim priru\u010dnikom za instalaciju, imat \u0107ete sve \u0161to vam je potrebno za postavljanje i skidanje va\u0161eg bannera s lako\u0107om. Dakle, ovi banneri savr\u0161en su izbor za bilo koju tvrtku koja \u017eeli napraviti senzaciju na svom sljede\u0107em doga\u0111aju ili konferenciji.<\/p>\n<div style=\"width: 1280px;\" class=\"wp-video\"><!--[if lt IE 9]><script>document.createElement('video');<\/script><![endif]--><br \/>\n<video class=\"wp-video-shortcode\" id=\"video-733-1\" width=\"1280\" height=\"720\" loop autoplay preload=\"metadata\" controls=\"controls\"><source type=\"video\/mp4\" src=\"http:\/\/cmykprinted.com\/wp-content\/uploads\/2022\/12\/Triangle-Pop-Up-Banners.mp4?_=1\" \/><a href=\"http:\/\/cmykprinted.com\/wp-content\/uploads\/2022\/12\/Triangle-Pop-Up-Banners.mp4\">http:\/\/cmykprinted.com\/wp-content\/uploads\/2022\/12\/Triangle-Pop-Up-Banners.mp4<\/a><\/video><\/div>","protected":false},"featured_media":734,"template":"","meta":{"_kad_post_transparent":"default","_kad_post_title":"hide","_kad_post_layout":"fullwidth","_kad_post_sidebar_id":"","_kad_post_content_style":"unboxed","_kad_post_vertical_padding":"hide","_kad_post_feature":"hide","_kad_post_feature_position":"","_kad_post_header":false,"_kad_post_footer":false},"product_cat":[92,95],"product_tag":[193,194,128,195,192],"class_list":{"0":"post-733","1":"product","2":"type-product","3":"status-publish","4":"has-post-thumbnail","6":"product_cat-pop-up-banners","7":"product_cat-triangle-pop-up-banners","8":"product_tag-a-frame-pop-out-banners","9":"product_tag-pop-out-banners","10":"product_tag-pop-up-banner","11":"product_tag-promotional-pop-up-banners","12":"product_tag-triangle-pop-up-banner","14":"first","15":"instock","16":"shipping-taxable","17":"product-type-simple","18":"entry","19":"content-bg","20":"loop-entry"},"_links":{"self":[{"href":"https:\/\/cmykprinted.com\/hr\/wp-json\/wp\/v2\/product\/733","targetHints":{"allow":["GET"]}}],"collection":[{"href":"https:\/\/cmykprinted.com\/hr\/wp-json\/wp\/v2\/product"}],"about":[{"href":"https:\/\/cmykprinted.com\/hr\/wp-json\/wp\/v2\/types\/product"}],"version-history":[{"count":3,"href":"https:\/\/cmykprinted.com\/hr\/wp-json\/wp\/v2\/product\/733\/revisions"}],"predecessor-version":[{"id":743,"href":"https:\/\/cmykprinted.com\/hr\/wp-json\/wp\/v2\/product\/733\/revisions\/743"}],"wp:featuredmedia":[{"embeddable":true,"href":"https:\/\/cmykprinted.com\/hr\/wp-json\/wp\/v2\/media\/734"}],"wp:attachment":[{"href":"https:\/\/cmykprinted.com\/hr\/wp-json\/wp\/v2\/media?parent=733"}],"wp:term":[{"taxonomy":"product_cat","embeddable":true,"href":"https:\/\/cmykprinted.com\/hr\/wp-json\/wp\/v2\/product_cat?post=733"},{"taxonomy":"product_tag","embeddable":true,"href":"https:\/\/cmykprinted.com\/hr\/wp-json\/wp\/v2\/product_tag?post=733"}],"curies":[{"name":"wp","href":"https:\/\/api.w.org\/{rel}","templated":true}]}}