{"id":744,"date":"2022-12-30T08:55:17","date_gmt":"2022-12-30T08:55:17","guid":{"rendered":"https:\/\/cmykprinted.com\/?post_type=product&#038;p=744"},"modified":"2022-12-30T12:44:27","modified_gmt":"2022-12-30T12:44:27","slug":"straight-tension-fabric-backdrop-media-wall-wholesale-price","status":"publish","type":"product","link":"https:\/\/cmykprinted.com\/hr\/proizvod\/straight-tension-fabric-backdrop-media-wall-wholesale-price\/","title":{"rendered":"Veleprodajna cijena medijskog zida s ravnom napeto\u0161\u0107u od tkanine"},"content":{"rendered":"","protected":false},"excerpt":{"rendered":"<p>Na\u0161a najprodavanija pozadina od ravne zategnute tkanine svestrana je i prikladna za razli\u010dite svrhe, uklju\u010duju\u0107i upotrebu kao pozadina u studiju, pozadina za pozornicu ili doga\u0111aj, pozadina za fotokabinu, pozadinu za press konferenciju, pozadinu za dodjelu nagrada i pozadinu za crveni tepih. Uz opciju uklju\u010divanja dva razli\u010dita dizajna na isti banner, mo\u017eete pove\u0107ati svoju vrijednost i pogodnost transporta. Pozadina od rastezljive tkanine izra\u0111ena je od \u010dvrstog i fleksibilnog poliestera 100% koji se mo\u017ee prati u perilici, otisnuta na\u0161im prilago\u0111enim postupkom tiska na tkaninu, koji osigurava da \u0107e va\u0161 dizajn ostati \u017eiv i jasan \u010dak i nakon vi\u0161estrukih pranja i u svim vremenskim uvjetima. Na\u0161 proces ispisa tako\u0111er je eko-otapalo, koriste\u0107i potpuno prirodna, biorazgradiva otapala koja su manje o\u0161tra i sigurnija za tijelo. Lagani i jaki aluminijski okvir dizajniran je da podupre rastezanje tkanine tijekom duljeg vremenskog razdoblja, a dolazi s cijevima za zaklju\u010davanje za jednostavno i brzo postavljanje bez potrebe za dodatnim alatima. Postolje je podesivo prema va\u0161oj \u017eeljenoj veli\u010dini, a dolazi s kotrljaju\u0107im tvrdim postoljem za lako preno\u0161enje. Pozadina od ravne zategnute tkanine isporu\u010duje se besplatno u roku od \u010detiri do pet radnih dana.<\/p>\n<div style=\"width: 1280px;\" class=\"wp-video\"><!--[if lt IE 9]><script>document.createElement('video');<\/script><![endif]--><br \/>\n<video class=\"wp-video-shortcode\" id=\"video-744-1\" width=\"1280\" height=\"720\" loop autoplay preload=\"auto\" controls=\"controls\"><source type=\"video\/mp4\" src=\"http:\/\/cmykprinted.com\/wp-content\/uploads\/2022\/12\/Straight-Tension-Fabric-Backdrop.mp4?_=1\" \/><a href=\"http:\/\/cmykprinted.com\/wp-content\/uploads\/2022\/12\/Straight-Tension-Fabric-Backdrop.mp4\">http:\/\/cmykprinted.com\/wp-content\/uploads\/2022\/12\/Straight-Tension-Fabric-Backdrop.mp4<\/a><\/video><\/div>","protected":false},"featured_media":745,"template":"","meta":{"_kad_post_transparent":"default","_kad_post_title":"hide","_kad_post_layout":"fullwidth","_kad_post_sidebar_id":"","_kad_post_content_style":"unboxed","_kad_post_vertical_padding":"hide","_kad_post_feature":"hide","_kad_post_feature_position":"","_kad_post_header":false,"_kad_post_footer":false},"product_cat":[97,100],"product_tag":[196,197,198],"class_list":{"0":"post-744","1":"product","2":"type-product","3":"status-publish","4":"has-post-thumbnail","6":"product_cat-tension-fabric-displays","7":"product_cat-straight-tension-fabric-backdrop","8":"product_tag-straight-tension-fabric-backdrop","9":"product_tag-tension-fabric-backdrop","10":"product_tag-tension-fabric-media-wall","12":"first","13":"instock","14":"shipping-taxable","15":"product-type-simple","16":"entry","17":"content-bg","18":"loop-entry"},"_links":{"self":[{"href":"https:\/\/cmykprinted.com\/hr\/wp-json\/wp\/v2\/product\/744","targetHints":{"allow":["GET"]}}],"collection":[{"href":"https:\/\/cmykprinted.com\/hr\/wp-json\/wp\/v2\/product"}],"about":[{"href":"https:\/\/cmykprinted.com\/hr\/wp-json\/wp\/v2\/types\/product"}],"version-history":[{"count":4,"href":"https:\/\/cmykprinted.com\/hr\/wp-json\/wp\/v2\/product\/744\/revisions"}],"predecessor-version":[{"id":750,"href":"https:\/\/cmykprinted.com\/hr\/wp-json\/wp\/v2\/product\/744\/revisions\/750"}],"wp:featuredmedia":[{"embeddable":true,"href":"https:\/\/cmykprinted.com\/hr\/wp-json\/wp\/v2\/media\/745"}],"wp:attachment":[{"href":"https:\/\/cmykprinted.com\/hr\/wp-json\/wp\/v2\/media?parent=744"}],"wp:term":[{"taxonomy":"product_cat","embeddable":true,"href":"https:\/\/cmykprinted.com\/hr\/wp-json\/wp\/v2\/product_cat?post=744"},{"taxonomy":"product_tag","embeddable":true,"href":"https:\/\/cmykprinted.com\/hr\/wp-json\/wp\/v2\/product_tag?post=744"}],"curies":[{"name":"wp","href":"https:\/\/api.w.org\/{rel}","templated":true}]}}