{"id":751,"date":"2022-12-30T12:03:52","date_gmt":"2022-12-30T12:03:52","guid":{"rendered":"https:\/\/cmykprinted.com\/?post_type=product&#038;p=751"},"modified":"2022-12-30T12:39:33","modified_gmt":"2022-12-30T12:39:33","slug":"multipurpose-wholesale-adhesive-uv-transfer-stickers-labels","status":"publish","type":"product","link":"https:\/\/cmykprinted.com\/hr\/proizvod\/multipurpose-wholesale-adhesive-uv-transfer-stickers-labels\/","title":{"rendered":"Vi\u0161enamjenske veleprodajne ljepljive UV prijenosne naljepnice, naljepnice"},"content":{"rendered":"","protected":false},"excerpt":{"rendered":"<p>UV prijenosne naljepnice s 3D stereo efektom omogu\u0107uju vam stvaranje prilago\u0111enih dizajna s vlastitim uzorcima, logotipima i tekstom. Ove naljepnice izra\u0111ene su od UV prijenosne paste, koja je poznata po svojim jakim ljepljivim svojstvima i vodootpornosti. Tako\u0111er je otporan na ogrebotine, \u0161to ga \u010dini izdr\u017eljivim i dugotrajnim izborom za razli\u010dite povr\u0161ine. Me\u0111utim, va\u017eno je napomenuti da se ove naljepnice ne smiju izlagati vru\u0107oj vodi ili grijanju jer to mo\u017ee utjecati na njihovu ljepljivost.<br \/>\nOve naljepnice mogu se koristiti na \u0161irokom rasponu povr\u0161ina, uklju\u010duju\u0107i metal, plastiku, staklo, obojene povr\u0161ine, knjige, karton, drvo, kartone, materijale od smole, kerami\u010dke materijale, materijale s tvrdim uvezima, olovke, trofeje, boce, termosice, blokove za bilje\u017enice, dr\u017ea\u010di i bilo koji drugi glatki materijal. Mogu se nanijeti \u010dak i na va\u0161 automobil, sve dok je povr\u0161ina \u010dista prije upotrebe.<br \/>\nOsim toga, ove se naljepnice mogu izrezati po narud\u017ebi u bilo koji oblik koji \u017eelite, kori\u0161tenjem procesa koji se zove rezanje rezanjem ili rezanje poljupcem. To vam omogu\u0107uje stvaranje jedinstvenih i personaliziranih naljepnica koje se mogu koristiti u razne svrhe, kao \u0161to su brendiranje, marketing ili osobni izraz. Stoga su ove naljepnice vrlo svestrane i mogu se koristiti u \u0161irokom rasponu primjena.<\/p>\n<div style=\"width: 1280px;\" class=\"wp-video\"><!--[if lt IE 9]><script>document.createElement('video');<\/script><![endif]--><br \/>\n<video class=\"wp-video-shortcode\" id=\"video-751-1\" width=\"1280\" height=\"720\" loop autoplay preload=\"auto\" controls=\"controls\"><source type=\"video\/mp4\" src=\"http:\/\/cmykprinted.com\/wp-content\/uploads\/2022\/12\/UV-transfer-stickers.mp4?_=1\" \/><a href=\"http:\/\/cmykprinted.com\/wp-content\/uploads\/2022\/12\/UV-transfer-stickers.mp4\">http:\/\/cmykprinted.com\/wp-content\/uploads\/2022\/12\/UV-transfer-stickers.mp4<\/a><\/video><\/div>","protected":false},"featured_media":752,"template":"","meta":{"_kad_post_transparent":"default","_kad_post_title":"hide","_kad_post_layout":"fullwidth","_kad_post_sidebar_id":"","_kad_post_content_style":"unboxed","_kad_post_vertical_padding":"hide","_kad_post_feature":"hide","_kad_post_feature_position":"","_kad_post_header":false,"_kad_post_footer":false},"product_cat":[101,103],"product_tag":[202,200,199,138,201],"class_list":{"0":"post-751","1":"product","2":"type-product","3":"status-publish","4":"has-post-thumbnail","6":"product_cat-transfer-stickers","7":"product_cat-uv-transfer-stickers","8":"product_tag-adhesive-transfer-stickers","9":"product_tag-multipurpose-transfer-stickers","10":"product_tag-uv-transfer-labels","11":"product_tag-uv-transfer-stickers","12":"product_tag-wholesale-transfer-stickers","14":"first","15":"instock","16":"shipping-taxable","17":"product-type-simple","18":"entry","19":"content-bg","20":"loop-entry"},"_links":{"self":[{"href":"https:\/\/cmykprinted.com\/hr\/wp-json\/wp\/v2\/product\/751","targetHints":{"allow":["GET"]}}],"collection":[{"href":"https:\/\/cmykprinted.com\/hr\/wp-json\/wp\/v2\/product"}],"about":[{"href":"https:\/\/cmykprinted.com\/hr\/wp-json\/wp\/v2\/types\/product"}],"version-history":[{"count":3,"href":"https:\/\/cmykprinted.com\/hr\/wp-json\/wp\/v2\/product\/751\/revisions"}],"predecessor-version":[{"id":761,"href":"https:\/\/cmykprinted.com\/hr\/wp-json\/wp\/v2\/product\/751\/revisions\/761"}],"wp:featuredmedia":[{"embeddable":true,"href":"https:\/\/cmykprinted.com\/hr\/wp-json\/wp\/v2\/media\/752"}],"wp:attachment":[{"href":"https:\/\/cmykprinted.com\/hr\/wp-json\/wp\/v2\/media?parent=751"}],"wp:term":[{"taxonomy":"product_cat","embeddable":true,"href":"https:\/\/cmykprinted.com\/hr\/wp-json\/wp\/v2\/product_cat?post=751"},{"taxonomy":"product_tag","embeddable":true,"href":"https:\/\/cmykprinted.com\/hr\/wp-json\/wp\/v2\/product_tag?post=751"}],"curies":[{"name":"wp","href":"https:\/\/api.w.org\/{rel}","templated":true}]}}