{"id":791,"date":"2022-12-31T06:57:00","date_gmt":"2022-12-31T06:57:00","guid":{"rendered":"https:\/\/cmykprinted.com\/?post_type=product&#038;p=791"},"modified":"2022-12-31T07:06:35","modified_gmt":"2022-12-31T07:06:35","slug":"wall-mounted-promotional-flags-end-sign-flags-custom-printed","status":"publish","type":"product","link":"https:\/\/cmykprinted.com\/hr\/proizvod\/wall-mounted-promotional-flags-end-sign-flags-custom-printed\/","title":{"rendered":"Zidne promotivne zastave. Zastave s krajnjim natpisom Tiskane po narud\u017ebi"},"content":{"rendered":"","protected":false},"excerpt":{"rendered":"<p>Na\u0161e zidne promotivne zastave tiskane su na \u010dvrstom, otpornom PVC materijalu za transparente i tretirane UV tintom za dug \u017eivotni vijek na otvorenom. \u0160iroke 430 mm i 355 mm s jedne strane i 560 mm s druge strane, ove zastave izra\u0111ene su od \u010dvrstog, ali fleksibilnog bijelog PVC-a i imaju jarbol za zastavu dug 750 mm. Konusni nastavak osigurava sigurno dr\u017eanje na stupu i sprje\u010dava gubitak zastave u vjetrovitim uvjetima. Ove se zastave mogu lako pri\u010dvrstiti na zidove i dolaze s kompletom koji uklju\u010duje polipropilenski nosa\u010d, PVC stup, zavr\u0161etak i ovratnik. Tako\u0111er nudimo obi\u010dne &#039;Display Flags&#039; izra\u0111ene od 780gsm oja\u010danog svjetlosnog bloka PVC-a koje su prikladne za primjenu na vinilu i mogu se tiskati po narud\u017ebi. Dostupne su i prilago\u0111ene zastave. Sve na\u0161e zastave izra\u0111ene su od super \u010dvrstih medija i \u0161avova od poliestera morske kvalitete za najbolju izvedbu na otvorenom.<\/p>","protected":false},"featured_media":792,"template":"","meta":{"_kad_post_transparent":"default","_kad_post_title":"hide","_kad_post_layout":"fullwidth","_kad_post_sidebar_id":"","_kad_post_content_style":"unboxed","_kad_post_vertical_padding":"hide","_kad_post_feature":"hide","_kad_post_feature_position":"","_kad_post_header":false,"_kad_post_footer":false},"product_cat":[79],"product_tag":[215,213,214,212],"class_list":{"0":"post-791","1":"product","2":"type-product","3":"status-publish","4":"has-post-thumbnail","6":"product_cat-custom-flags","7":"product_tag-custom-promotional-flags","8":"product_tag-end-sign-flags","9":"product_tag-promotional-flags","10":"product_tag-wall-mounted-promotional-flags","12":"first","13":"instock","14":"shipping-taxable","15":"product-type-simple","16":"entry","17":"content-bg","18":"loop-entry"},"_links":{"self":[{"href":"https:\/\/cmykprinted.com\/hr\/wp-json\/wp\/v2\/product\/791","targetHints":{"allow":["GET"]}}],"collection":[{"href":"https:\/\/cmykprinted.com\/hr\/wp-json\/wp\/v2\/product"}],"about":[{"href":"https:\/\/cmykprinted.com\/hr\/wp-json\/wp\/v2\/types\/product"}],"version-history":[{"count":3,"href":"https:\/\/cmykprinted.com\/hr\/wp-json\/wp\/v2\/product\/791\/revisions"}],"predecessor-version":[{"id":799,"href":"https:\/\/cmykprinted.com\/hr\/wp-json\/wp\/v2\/product\/791\/revisions\/799"}],"wp:featuredmedia":[{"embeddable":true,"href":"https:\/\/cmykprinted.com\/hr\/wp-json\/wp\/v2\/media\/792"}],"wp:attachment":[{"href":"https:\/\/cmykprinted.com\/hr\/wp-json\/wp\/v2\/media?parent=791"}],"wp:term":[{"taxonomy":"product_cat","embeddable":true,"href":"https:\/\/cmykprinted.com\/hr\/wp-json\/wp\/v2\/product_cat?post=791"},{"taxonomy":"product_tag","embeddable":true,"href":"https:\/\/cmykprinted.com\/hr\/wp-json\/wp\/v2\/product_tag?post=791"}],"curies":[{"name":"wp","href":"https:\/\/api.w.org\/{rel}","templated":true}]}}