{"id":810,"date":"2022-12-31T13:39:50","date_gmt":"2022-12-31T13:39:50","guid":{"rendered":"https:\/\/cmykprinted.com\/?post_type=product&#038;p=810"},"modified":"2022-12-31T13:53:52","modified_gmt":"2022-12-31T13:53:52","slug":"durable-custom-printed-outdoor-scrim-glossy-vinyl-banner","status":"publish","type":"product","link":"https:\/\/cmykprinted.com\/hr\/proizvod\/durable-custom-printed-outdoor-scrim-glossy-vinyl-banner\/","title":{"rendered":"Izdr\u017eljivi sjajni vinilni banner tiskan po narud\u017ebi za vanjsku upotrebu"},"content":{"rendered":"","protected":false},"excerpt":{"rendered":"<p>Na\u0161i banneri od sjajnog vinila prikladni su za unutarnju i vanjsku upotrebu jer su otporni na blije\u0111enje, trganje i vjetar. Tako\u0111er su vrlo isplativi, \u0161to ih \u010dini izvrsnim izborom za one s ograni\u010denim bud\u017eetom. Vinil materijal koji se koristi u ovim bannerima je svijetao i sjajan, \u0161to poma\u017ee da boje u va\u0161em dizajnu izgledaju \u017eivopisnije i privla\u010dnije. Osim toga, iznimno glatka povr\u0161ina natpisa ovih bannera poma\u017ee da va\u0161a grafika o\u017eivi.<br \/>\nNa\u0161i sjajni banneri od vinila popularan su izbor za doga\u0111aje na otvorenom, kao \u0161to su nogometne utakmice, gdje se mogu objesiti du\u017e ograde ili zida koji okru\u017euje teren kako bi se predstavili sponzori tima. Tako\u0111er su izvrstan izbor za obiteljska okupljanja, korporativne piknike i druga okupljanja na otvorenom, budu\u0107i da se lako mogu objesiti izme\u0111u dva stabla kako bi se stvorio \u017eivahan i pristupa\u010dan zaslon. Bez obzira na prigodu, na\u0161i transparenti od sjajnog vinila zasigurno \u0107e va\u0161 doga\u0111aj u\u010diniti posebnim.<\/p>\n<div style=\"width: 1290px;\" class=\"wp-video\"><!--[if lt IE 9]><script>document.createElement('video');<\/script><![endif]--><br \/>\n<video class=\"wp-video-shortcode\" id=\"video-810-1\" width=\"1290\" height=\"726\" loop autoplay preload=\"auto\" controls=\"controls\"><source type=\"video\/mp4\" src=\"http:\/\/cmykprinted.com\/wp-content\/uploads\/2022\/12\/vinyl-PVC-banners.mp4?_=1\" \/><a href=\"http:\/\/cmykprinted.com\/wp-content\/uploads\/2022\/12\/vinyl-PVC-banners.mp4\">http:\/\/cmykprinted.com\/wp-content\/uploads\/2022\/12\/vinyl-PVC-banners.mp4<\/a><\/video><\/div>\n<p>&nbsp;<\/p>","protected":false},"featured_media":811,"template":"","meta":{"_kad_post_transparent":"default","_kad_post_title":"hide","_kad_post_layout":"fullwidth","_kad_post_sidebar_id":"","_kad_post_content_style":"unboxed","_kad_post_vertical_padding":"hide","_kad_post_feature":"hide","_kad_post_feature_position":"","_kad_post_header":false,"_kad_post_footer":false},"product_cat":[85,90,91,89],"product_tag":[221,220,219,222],"class_list":{"0":"post-810","1":"product","2":"type-product","3":"status-publish","4":"has-post-thumbnail","6":"product_cat-outdoor-vinyl-banners","7":"product_cat-glossy-pvc-banners","8":"product_cat-matte-vinyl-banners","9":"product_cat-pvc-banners","10":"product_tag-custom-vinyl-banner","11":"product_tag-durable-vinyl-banner","12":"product_tag-glossy-vinyl-banner","13":"product_tag-outdoor-vinyl-banner","15":"first","16":"instock","17":"shipping-taxable","18":"product-type-simple","19":"entry","20":"content-bg","21":"loop-entry"},"_links":{"self":[{"href":"https:\/\/cmykprinted.com\/hr\/wp-json\/wp\/v2\/product\/810","targetHints":{"allow":["GET"]}}],"collection":[{"href":"https:\/\/cmykprinted.com\/hr\/wp-json\/wp\/v2\/product"}],"about":[{"href":"https:\/\/cmykprinted.com\/hr\/wp-json\/wp\/v2\/types\/product"}],"version-history":[{"count":2,"href":"https:\/\/cmykprinted.com\/hr\/wp-json\/wp\/v2\/product\/810\/revisions"}],"predecessor-version":[{"id":817,"href":"https:\/\/cmykprinted.com\/hr\/wp-json\/wp\/v2\/product\/810\/revisions\/817"}],"wp:featuredmedia":[{"embeddable":true,"href":"https:\/\/cmykprinted.com\/hr\/wp-json\/wp\/v2\/media\/811"}],"wp:attachment":[{"href":"https:\/\/cmykprinted.com\/hr\/wp-json\/wp\/v2\/media?parent=810"}],"wp:term":[{"taxonomy":"product_cat","embeddable":true,"href":"https:\/\/cmykprinted.com\/hr\/wp-json\/wp\/v2\/product_cat?post=810"},{"taxonomy":"product_tag","embeddable":true,"href":"https:\/\/cmykprinted.com\/hr\/wp-json\/wp\/v2\/product_tag?post=810"}],"curies":[{"name":"wp","href":"https:\/\/api.w.org\/{rel}","templated":true}]}}