{"id":818,"date":"2022-12-31T14:04:19","date_gmt":"2022-12-31T14:04:19","guid":{"rendered":"https:\/\/cmykprinted.com\/?post_type=product&#038;p=818"},"modified":"2022-12-31T14:16:24","modified_gmt":"2022-12-31T14:16:24","slug":"vertical-pop-up-banners-for-promotional-outdoor-advertising","status":"publish","type":"product","link":"https:\/\/cmykprinted.com\/hr\/proizvod\/vertical-pop-up-banners-for-promotional-outdoor-advertising\/","title":{"rendered":"Vertikalni pop-up banneri za promotivno vanjsko ogla\u0161avanje"},"content":{"rendered":"","protected":false},"excerpt":{"rendered":"<p>Vertikalni sko\u010dni banneri izvrsna su alternativa tradicionalnom dizajnu A-okvira jer nude mnogo ve\u0107u povr\u0161inu za ispis. Ovi banneri dizajnirani su za jednostavan transport, postavljanje i skidanje, \u0161to ih \u010dini prikladnim izborom za doga\u0111aje, sajmove i druge prigode. Tako\u0111er su prikladni za unutarnju i vanjsku upotrebu, a dolaze s \u010detiri bru\u0161ena \u0161iljka za dodatnu stabilnost.<br \/>\nJedna od klju\u010dnih prednosti okomitih pop-up bannera je to \u0161to su jednodijelni, \u0161to zna\u010di da su stalak i grafika spojeni u jednu jedinicu. To ih \u010dini lakima za premje\u0161tanje i transport jer ne morate brinuti o odvojenim dijelovima. Sama grafika tiskana je na visokokvalitetnoj polisatenskoj tkanini koja je glatka, izdr\u017eljiva i lako se savija za transport.<br \/>\nDostupne su razli\u010dite veli\u010dine u svakoj konfiguraciji, tako da mo\u017eete odabrati onu koja najbolje odgovara va\u0161im potrebama. Osim toga, prilago\u0111ena torba za no\u0161enje uvijek je uklju\u010dena, \u0161to olak\u0161ava pohranu i transport va\u0161eg bannera s jednog doga\u0111aja na drugi. Op\u0107enito, okomiti sko\u010dni banneri su svestran, prakti\u010dan i u\u010dinkovit na\u010din za prikazivanje va\u0161e robne marke ili poruke u velikoj mjeri.<\/p>\n<div style=\"width: 1290px;\" class=\"wp-video\"><!--[if lt IE 9]><script>document.createElement('video');<\/script><![endif]--><br \/>\n<video class=\"wp-video-shortcode\" id=\"video-818-1\" width=\"1290\" height=\"726\" loop autoplay preload=\"auto\" controls=\"controls\"><source type=\"video\/mp4\" src=\"http:\/\/cmykprinted.com\/wp-content\/uploads\/2022\/12\/horizontal-pop-up-banners.mp4?_=1\" \/><a href=\"http:\/\/cmykprinted.com\/wp-content\/uploads\/2022\/12\/horizontal-pop-up-banners.mp4\">http:\/\/cmykprinted.com\/wp-content\/uploads\/2022\/12\/horizontal-pop-up-banners.mp4<\/a><\/video><\/div>\n<p>&nbsp;<\/p>","protected":false},"featured_media":819,"template":"","meta":{"_kad_post_transparent":"default","_kad_post_title":"hide","_kad_post_layout":"fullwidth","_kad_post_sidebar_id":"","_kad_post_content_style":"unboxed","_kad_post_vertical_padding":"hide","_kad_post_feature":"hide","_kad_post_feature_position":"","_kad_post_header":false,"_kad_post_footer":false},"product_cat":[92,96],"product_tag":[224,167,225,166,195,223],"class_list":{"0":"post-818","1":"product","2":"type-product","3":"status-publish","4":"has-post-thumbnail","6":"product_cat-pop-up-banners","7":"product_cat-vertical-pop-up-banners","8":"product_tag-advertising-pop-up-banners","9":"product_tag-custom-pop-up-banners","10":"product_tag-outdoor-pop-up-banners","11":"product_tag-pop-up-banners","12":"product_tag-promotional-pop-up-banners","13":"product_tag-vertical-pop-up-banners","15":"first","16":"instock","17":"shipping-taxable","18":"product-type-simple","19":"entry","20":"content-bg","21":"loop-entry"},"_links":{"self":[{"href":"https:\/\/cmykprinted.com\/hr\/wp-json\/wp\/v2\/product\/818","targetHints":{"allow":["GET"]}}],"collection":[{"href":"https:\/\/cmykprinted.com\/hr\/wp-json\/wp\/v2\/product"}],"about":[{"href":"https:\/\/cmykprinted.com\/hr\/wp-json\/wp\/v2\/types\/product"}],"version-history":[{"count":1,"href":"https:\/\/cmykprinted.com\/hr\/wp-json\/wp\/v2\/product\/818\/revisions"}],"predecessor-version":[{"id":825,"href":"https:\/\/cmykprinted.com\/hr\/wp-json\/wp\/v2\/product\/818\/revisions\/825"}],"wp:featuredmedia":[{"embeddable":true,"href":"https:\/\/cmykprinted.com\/hr\/wp-json\/wp\/v2\/media\/819"}],"wp:attachment":[{"href":"https:\/\/cmykprinted.com\/hr\/wp-json\/wp\/v2\/media?parent=818"}],"wp:term":[{"taxonomy":"product_cat","embeddable":true,"href":"https:\/\/cmykprinted.com\/hr\/wp-json\/wp\/v2\/product_cat?post=818"},{"taxonomy":"product_tag","embeddable":true,"href":"https:\/\/cmykprinted.com\/hr\/wp-json\/wp\/v2\/product_tag?post=818"}],"curies":[{"name":"wp","href":"https:\/\/api.w.org\/{rel}","templated":true}]}}