{"id":842,"date":"2023-01-01T06:44:35","date_gmt":"2023-01-01T06:44:35","guid":{"rendered":"https:\/\/cmykprinted.com\/?post_type=product&#038;p=842"},"modified":"2023-01-01T06:50:35","modified_gmt":"2023-01-01T06:50:35","slug":"rectangle-flag-banners-with-custom-printing-fast-delivery","status":"publish","type":"product","link":"https:\/\/cmykprinted.com\/hr\/proizvod\/rectangle-flag-banners-with-custom-printing-fast-delivery\/","title":{"rendered":"Banneri s pravokutnim zastavama s prilago\u0111enim ispisom i brzom dostavom"},"content":{"rendered":"","protected":false},"excerpt":{"rendered":"<p>Ako \u017eelite napraviti veliki utjecaj svojom sljede\u0107om promocijom ili doga\u0111ajem, razmislite o prilago\u0111enom tiskanju pravokutnih zastavica s va\u0161im logotipom ili dizajnom po izboru. Ovi banneri dostupni su u tri veli\u010dine \u2013 5 stopa, 8 stopa ili 11 stopa \u2013 tako da mo\u017eete odabrati opciju koja najbolje odgovara va\u0161im potrebama. Kada je nekoliko zastava poredano u nizu, one stvaraju ogroman i vizualno impresivan zaslon koji \u0107e dati \u010distu, profesionalnu i uzbudljivu atmosferu va\u0161em doga\u0111aju.<br \/>\nJedna od sjajnih stvari kod ovih pravokutnih bannera je da je prilago\u0111eni ispis na prednjoj strani vidljiv na pole\u0111ini u formatu zrcalne slike. To zna\u010di da ih mo\u017eete koristiti u raznim postavkama, a va\u0161a poruka i dalje biti istaknuta. Dodatno, dvostrani ispis dostupan je za one koji \u017eele prenijeti dvostruku razmjenu poruka.<br \/>\nPo\u010detak rada s prilago\u0111enim pravokutnim natpisom je jednostavan \u2013 jednostavno prenesite svoj logotip ili dizajn prema gornjim uputama ili preuzmite umjetni\u010dki predlo\u017eak u nastavku i izradite vlastitu datoteku za prijenos i pla\u0107anje. Uz na\u0161 visokokvalitetni tisak i pa\u017enju posve\u0107enu detaljima, mo\u017eete biti sigurni da \u0107e va\u0161a pravokutna zastava ostaviti trajan dojam na va\u0161u publiku.<\/p>\n<div style=\"width: 1280px;\" class=\"wp-video\"><!--[if lt IE 9]><script>document.createElement('video');<\/script><![endif]--><br \/>\n<video class=\"wp-video-shortcode\" id=\"video-842-1\" width=\"1280\" height=\"720\" loop autoplay preload=\"metadata\" controls=\"controls\"><source type=\"video\/mp4\" src=\"http:\/\/cmykprinted.com\/wp-content\/uploads\/2022\/12\/Feather-beach-flags.mp4?_=1\" \/><a href=\"http:\/\/cmykprinted.com\/wp-content\/uploads\/2022\/12\/Feather-beach-flags.mp4\">http:\/\/cmykprinted.com\/wp-content\/uploads\/2022\/12\/Feather-beach-flags.mp4<\/a><\/video><\/div>","protected":false},"featured_media":843,"template":"","meta":{"_kad_post_transparent":"default","_kad_post_title":"hide","_kad_post_layout":"fullwidth","_kad_post_sidebar_id":"","_kad_post_content_style":"unboxed","_kad_post_vertical_padding":"hide","_kad_post_feature":"hide","_kad_post_feature_position":"","_kad_post_header":false,"_kad_post_footer":false},"product_cat":[64,66],"product_tag":[236,235,234],"class_list":{"0":"post-842","1":"product","2":"type-product","3":"status-publish","4":"has-post-thumbnail","6":"product_cat-beach-flags","7":"product_cat-rectangular-flags-banners","8":"product_tag-custom-rectangle-banners","9":"product_tag-custom-rectangle-flag","10":"product_tag-rectangle-flag-banners","12":"first","13":"instock","14":"shipping-taxable","15":"product-type-simple","16":"entry","17":"content-bg","18":"loop-entry"},"_links":{"self":[{"href":"https:\/\/cmykprinted.com\/hr\/wp-json\/wp\/v2\/product\/842","targetHints":{"allow":["GET"]}}],"collection":[{"href":"https:\/\/cmykprinted.com\/hr\/wp-json\/wp\/v2\/product"}],"about":[{"href":"https:\/\/cmykprinted.com\/hr\/wp-json\/wp\/v2\/types\/product"}],"version-history":[{"count":1,"href":"https:\/\/cmykprinted.com\/hr\/wp-json\/wp\/v2\/product\/842\/revisions"}],"predecessor-version":[{"id":848,"href":"https:\/\/cmykprinted.com\/hr\/wp-json\/wp\/v2\/product\/842\/revisions\/848"}],"wp:featuredmedia":[{"embeddable":true,"href":"https:\/\/cmykprinted.com\/hr\/wp-json\/wp\/v2\/media\/843"}],"wp:attachment":[{"href":"https:\/\/cmykprinted.com\/hr\/wp-json\/wp\/v2\/media?parent=842"}],"wp:term":[{"taxonomy":"product_cat","embeddable":true,"href":"https:\/\/cmykprinted.com\/hr\/wp-json\/wp\/v2\/product_cat?post=842"},{"taxonomy":"product_tag","embeddable":true,"href":"https:\/\/cmykprinted.com\/hr\/wp-json\/wp\/v2\/product_tag?post=842"}],"curies":[{"name":"wp","href":"https:\/\/api.w.org\/{rel}","templated":true}]}}