{"id":858,"date":"2023-01-01T07:50:37","date_gmt":"2023-01-01T07:50:37","guid":{"rendered":"https:\/\/cmykprinted.com\/?post_type=product&#038;p=858"},"modified":"2023-01-01T07:57:12","modified_gmt":"2023-01-01T07:57:12","slug":"custom-branded-promotional-hand-held-stick-flags-printing","status":"publish","type":"product","link":"https:\/\/cmykprinted.com\/hr\/proizvod\/custom-branded-promotional-hand-held-stick-flags-printing\/","title":{"rendered":"Tiskanje promotivnih ru\u010dnih \u0161tapi\u0107a zastavica po narud\u017ebi"},"content":{"rendered":"","protected":false},"excerpt":{"rendered":"<p>Zastavice koje se dr\u017ee u ruci popularan su izbor za tvrtke i organizacije koje \u017eele pove\u0107ati vidljivost brenda i privu\u0107i svoju ciljanu publiku na paradama, sportskim doga\u0111ajima i drugim okupljanjima na otvorenom. Ove su zastave posebno popularne kod djece i drugih sudionika koji u\u017eivaju ma\u0161u\u0107i njima i iskazuju\u0107i svoju podr\u0161ku odre\u0111enom cilju ili timu.<br \/>\nJedna od klju\u010dnih prodajnih to\u010daka ru\u010dnih \u0161tapi\u0107a zastavica je velika povr\u0161ina za brendiranje, koja omogu\u0107uje tvrtkama da iskoriste svaki milimetar prikazanog prostora osim bijele trake oko postavljene \u0161tapi\u0107e. Ovo pru\u017ea dovoljno prostora za tvrtke da poka\u017eu svoj identitet marke, logotip i poruku, osiguravaju\u0107i da ih vidi velika i prijem\u010diva publika.<br \/>\nOsim \u0161to su u\u010dinkovit marketin\u0161ki alat, ru\u010dne zastavice tako\u0111er su pristupa\u010dan izbor za tvrtke i organizacije koje \u017eele promovirati svoj brend. Izra\u0111ene su od izdr\u017eljivih materijala, poput poliestera ili najlona, i imaju drveni ili plasti\u010dni \u0161tapi\u0107 za lako mahanje. Ove zastave su lagane i lake za no\u0161enje, \u0161to ih \u010dini prakti\u010dnim izborom za doga\u0111aje na otvorenom.<br \/>\nSve u svemu, ru\u010dne zastavice su isplativ i interaktivan marketin\u0161ki alat koji se mo\u017ee koristiti za promicanje identiteta robne marke i pove\u0107anje vidljivosti na raznim doga\u0111ajima.<\/p>\n<div style=\"width: 1290px;\" class=\"wp-video\"><!--[if lt IE 9]><script>document.createElement('video');<\/script><![endif]--><br \/>\n<video class=\"wp-video-shortcode\" id=\"video-858-1\" width=\"1290\" height=\"726\" loop autoplay preload=\"auto\" controls=\"controls\"><source type=\"video\/mp4\" src=\"http:\/\/cmykprinted.com\/wp-content\/uploads\/2022\/12\/Custom-Printed-Hand-Flags.mp4?_=1\" \/><a href=\"http:\/\/cmykprinted.com\/wp-content\/uploads\/2022\/12\/Custom-Printed-Hand-Flags.mp4\">http:\/\/cmykprinted.com\/wp-content\/uploads\/2022\/12\/Custom-Printed-Hand-Flags.mp4<\/a><\/video><\/div>\n<p>&nbsp;<\/p>","protected":false},"featured_media":859,"template":"","meta":{"_kad_post_transparent":"default","_kad_post_title":"hide","_kad_post_layout":"fullwidth","_kad_post_sidebar_id":"","_kad_post_content_style":"unboxed","_kad_post_vertical_padding":"hide","_kad_post_feature":"hide","_kad_post_feature_position":"","_kad_post_header":false,"_kad_post_footer":false},"product_cat":[79],"product_tag":[153,243,241,242],"class_list":{"0":"post-858","1":"product","2":"type-product","3":"status-publish","4":"has-post-thumbnail","6":"product_cat-custom-flags","7":"product_tag-custom-hand-flags","8":"product_tag-hand-flags-printing","9":"product_tag-hand-held-stick-flags","10":"product_tag-promotional-hand-flags","12":"first","13":"instock","14":"shipping-taxable","15":"product-type-simple","16":"entry","17":"content-bg","18":"loop-entry"},"_links":{"self":[{"href":"https:\/\/cmykprinted.com\/hr\/wp-json\/wp\/v2\/product\/858","targetHints":{"allow":["GET"]}}],"collection":[{"href":"https:\/\/cmykprinted.com\/hr\/wp-json\/wp\/v2\/product"}],"about":[{"href":"https:\/\/cmykprinted.com\/hr\/wp-json\/wp\/v2\/types\/product"}],"version-history":[{"count":2,"href":"https:\/\/cmykprinted.com\/hr\/wp-json\/wp\/v2\/product\/858\/revisions"}],"predecessor-version":[{"id":865,"href":"https:\/\/cmykprinted.com\/hr\/wp-json\/wp\/v2\/product\/858\/revisions\/865"}],"wp:featuredmedia":[{"embeddable":true,"href":"https:\/\/cmykprinted.com\/hr\/wp-json\/wp\/v2\/media\/859"}],"wp:attachment":[{"href":"https:\/\/cmykprinted.com\/hr\/wp-json\/wp\/v2\/media?parent=858"}],"wp:term":[{"taxonomy":"product_cat","embeddable":true,"href":"https:\/\/cmykprinted.com\/hr\/wp-json\/wp\/v2\/product_cat?post=858"},{"taxonomy":"product_tag","embeddable":true,"href":"https:\/\/cmykprinted.com\/hr\/wp-json\/wp\/v2\/product_tag?post=858"}],"curies":[{"name":"wp","href":"https:\/\/api.w.org\/{rel}","templated":true}]}}