{"id":866,"date":"2023-01-01T08:19:36","date_gmt":"2023-01-01T08:19:36","guid":{"rendered":"https:\/\/cmykprinted.com\/?post_type=product&#038;p=866"},"modified":"2023-01-01T08:25:52","modified_gmt":"2023-01-01T08:25:52","slug":"promotional-advertising-color-printing-custom-table-runner","status":"publish","type":"product","link":"https:\/\/cmykprinted.com\/hr\/proizvod\/promotional-advertising-color-printing-custom-table-runner\/","title":{"rendered":"Promotivni oglasni tisak u boji, prilago\u0111eni stolnjak"},"content":{"rendered":"","protected":false},"excerpt":{"rendered":"<p>Trebate li visokokvalitetne, prilago\u0111ene nosa\u010de stolova za va\u0161 sljede\u0107i doga\u0111aj ili sajam? Ne tra\u017eite dalje! U na\u0161oj tvornici nudimo vrhunske stolnjake koji su savr\u0161eni za osobne i profesionalne doga\u0111aje. Na\u0161e staze za stolove izra\u0111ene su od kvalitetne poliesterske tkanine i imaju ispis sublimacijskim bojama u punoj boji, 1440 DPI, \u010dime se osigurava njihova dugotrajnost i u\u010dinkovitost u ogla\u0161avanju va\u0161eg poslovanja ili promoviranju va\u0161eg logotipa.<br \/>\nOvi prilago\u0111eni vodilice izvrstan su na\u010din da brendirate svoju tvrtku ili dodate da\u0161ak dekora i elegancije svakom stolu. Dostupni su u unaprijed definiranim dimenzijama od 2&#039;x7.5&#039; ili mo\u017eete odabrati opciju prilago\u0111ene veli\u010dine kako biste dobili to\u010dnu veli\u010dinu koja vam je potrebna. Jednostavno ih polo\u017eite preko \u010dvrstog pokriva\u010da stola kako biste svom doga\u0111aju dali profesionalan i kohezivan izgled.<br \/>\nBilo da sudjelujete na sajmu, odr\u017eavate konferenciju ili planirate prikupljanje sredstava, stolni nosa\u010di po narud\u017ebi izvrstan su izbor za u\u010dinkovito promoviranje va\u0161eg brenda i ostavljanje dugotrajnog dojma. Ne propustite ovu priliku da svom doga\u0111aju dodate visokokvalitetan i profesionalan \u0161tih.<\/p>","protected":false},"featured_media":867,"template":"","meta":{"_kad_post_transparent":"default","_kad_post_title":"hide","_kad_post_layout":"fullwidth","_kad_post_sidebar_id":"","_kad_post_content_style":"unboxed","_kad_post_vertical_padding":"hide","_kad_post_feature":"hide","_kad_post_feature_position":"","_kad_post_header":false,"_kad_post_footer":false},"product_cat":[80,82],"product_tag":[246,244,245],"class_list":{"0":"post-866","1":"product","2":"type-product","3":"status-publish","4":"has-post-thumbnail","6":"product_cat-custom-tablecloth","7":"product_cat-custom-table-runner","8":"product_tag-advertising-table-runner","9":"product_tag-custom-table-runner","10":"product_tag-promotional-table-runner","12":"first","13":"instock","14":"shipping-taxable","15":"product-type-simple","16":"entry","17":"content-bg","18":"loop-entry"},"_links":{"self":[{"href":"https:\/\/cmykprinted.com\/hr\/wp-json\/wp\/v2\/product\/866","targetHints":{"allow":["GET"]}}],"collection":[{"href":"https:\/\/cmykprinted.com\/hr\/wp-json\/wp\/v2\/product"}],"about":[{"href":"https:\/\/cmykprinted.com\/hr\/wp-json\/wp\/v2\/types\/product"}],"version-history":[{"count":2,"href":"https:\/\/cmykprinted.com\/hr\/wp-json\/wp\/v2\/product\/866\/revisions"}],"predecessor-version":[{"id":874,"href":"https:\/\/cmykprinted.com\/hr\/wp-json\/wp\/v2\/product\/866\/revisions\/874"}],"wp:featuredmedia":[{"embeddable":true,"href":"https:\/\/cmykprinted.com\/hr\/wp-json\/wp\/v2\/media\/867"}],"wp:attachment":[{"href":"https:\/\/cmykprinted.com\/hr\/wp-json\/wp\/v2\/media?parent=866"}],"wp:term":[{"taxonomy":"product_cat","embeddable":true,"href":"https:\/\/cmykprinted.com\/hr\/wp-json\/wp\/v2\/product_cat?post=866"},{"taxonomy":"product_tag","embeddable":true,"href":"https:\/\/cmykprinted.com\/hr\/wp-json\/wp\/v2\/product_tag?post=866"}],"curies":[{"name":"wp","href":"https:\/\/api.w.org\/{rel}","templated":true}]}}