{"id":875,"date":"2023-01-01T08:42:13","date_gmt":"2023-01-01T08:42:13","guid":{"rendered":"https:\/\/cmykprinted.com\/?post_type=product&#038;p=875"},"modified":"2023-01-01T08:53:01","modified_gmt":"2023-01-01T08:53:01","slug":"wholesale-personalized-advertising-matte-pvc-vinyl-banner","status":"publish","type":"product","link":"https:\/\/cmykprinted.com\/hr\/proizvod\/wholesale-personalized-advertising-matte-pvc-vinyl-banner\/","title":{"rendered":"Veleprodajni personalizirani reklamni banner od mat PVC vinila"},"content":{"rendered":"","protected":false},"excerpt":{"rendered":"<p>Ako vam je potrebno dugotrajno i trajno rje\u0161enje za ogla\u0161avanje za va\u0161e poslovanje, na\u0161i mat PVC vinilni banneri mogu biti savr\u0161en izbor. Izra\u0111eni od \u010dvrstog PVC savitljivog materijala, ovi transparenti nude izvrsnu otpornost i izdr\u017eljivost na o\u0161tre vanjske elemente, \u0161to ih \u010dini prikladnima za vanjsku upotrebu.<br \/>\nBilo da promovirate doga\u0111aj, izla\u017eete svoje proizvode ili usluge ili jednostavno dijelite va\u017ene informacije sa svojom publikom, na\u0161i prilago\u0111eni mat banneri su u\u010dinkovit i isplativ izbor. Njihova izdr\u017eljiva priroda omogu\u0107uje im da izdr\u017ee vremenske uvjete i pru\u017ee dugoro\u010dnu uslugu, tako da ih mo\u017eete ponovno koristiti kad god je to potrebno.<br \/>\nJedna od prednosti kori\u0161tenja bannera od mat PVC vinila je ta \u0161to mogu pomo\u0107i u smanjenju ukupnih tro\u0161kova ogla\u0161avanja va\u0161eg objekta. Budu\u0107i da su toliko izdr\u017eljivi i dugotrajni, ne\u0107ete morati brinuti o \u010destim kupnjama ili zamjenama. To vam dugoro\u010dno mo\u017ee u\u0161tedjeti vrijeme i novac, a istovremeno osigurava da va\u0161i banneri ostanu u vrhunskom stanju i nastave u\u010dinkovito promovirati va\u0161e poslovanje.<br \/>\nZaklju\u010dno, na\u0161i banneri od mat PVC vinila pouzdan su i isplativ izbor za ogla\u0161avanje va\u0161eg poslovanja na otvorenom. Njihov \u010dvrsti materijal i izdr\u017eljiva konstrukcija \u010dine ih prikladnima za dugotrajnu upotrebu, poma\u017eu\u0107i vam da u\u0161tedite novac i postignete svoje ciljeve ogla\u0161avanja.<\/p>\n<div style=\"width: 1280px;\" class=\"wp-video\"><!--[if lt IE 9]><script>document.createElement('video');<\/script><![endif]--><br \/>\n<video class=\"wp-video-shortcode\" id=\"video-875-1\" width=\"1280\" height=\"720\" loop autoplay preload=\"metadata\" controls=\"controls\"><source type=\"video\/mp4\" src=\"http:\/\/cmykprinted.com\/wp-content\/uploads\/2022\/12\/PVC-Mesh-Banner.mp4?_=1\" \/><a href=\"http:\/\/cmykprinted.com\/wp-content\/uploads\/2022\/12\/PVC-Mesh-Banner.mp4\">http:\/\/cmykprinted.com\/wp-content\/uploads\/2022\/12\/PVC-Mesh-Banner.mp4<\/a><\/video><\/div>","protected":false},"featured_media":876,"template":"","meta":{"_kad_post_transparent":"default","_kad_post_title":"hide","_kad_post_layout":"fullwidth","_kad_post_sidebar_id":"","_kad_post_content_style":"unboxed","_kad_post_vertical_padding":"hide","_kad_post_feature":"hide","_kad_post_feature_position":"","_kad_post_header":false,"_kad_post_footer":false},"product_cat":[85,90,91,89,88],"product_tag":[189,191,188,190,187],"class_list":{"0":"post-875","1":"product","2":"type-product","3":"status-publish","4":"has-post-thumbnail","6":"product_cat-outdoor-vinyl-banners","7":"product_cat-glossy-pvc-banners","8":"product_cat-matte-vinyl-banners","9":"product_cat-pvc-banners","10":"product_cat-pvc-mesh-banners","11":"product_tag-advertising-mesh-banner","12":"product_tag-all-weather-mesh-banner","13":"product_tag-mesh-banner-printing","14":"product_tag-outdoor-mesh-banner","15":"product_tag-pvc-mesh-banner","17":"first","18":"instock","19":"shipping-taxable","20":"product-type-simple","21":"entry","22":"content-bg","23":"loop-entry"},"_links":{"self":[{"href":"https:\/\/cmykprinted.com\/hr\/wp-json\/wp\/v2\/product\/875","targetHints":{"allow":["GET"]}}],"collection":[{"href":"https:\/\/cmykprinted.com\/hr\/wp-json\/wp\/v2\/product"}],"about":[{"href":"https:\/\/cmykprinted.com\/hr\/wp-json\/wp\/v2\/types\/product"}],"version-history":[{"count":2,"href":"https:\/\/cmykprinted.com\/hr\/wp-json\/wp\/v2\/product\/875\/revisions"}],"predecessor-version":[{"id":883,"href":"https:\/\/cmykprinted.com\/hr\/wp-json\/wp\/v2\/product\/875\/revisions\/883"}],"wp:featuredmedia":[{"embeddable":true,"href":"https:\/\/cmykprinted.com\/hr\/wp-json\/wp\/v2\/media\/876"}],"wp:attachment":[{"href":"https:\/\/cmykprinted.com\/hr\/wp-json\/wp\/v2\/media?parent=875"}],"wp:term":[{"taxonomy":"product_cat","embeddable":true,"href":"https:\/\/cmykprinted.com\/hr\/wp-json\/wp\/v2\/product_cat?post=875"},{"taxonomy":"product_tag","embeddable":true,"href":"https:\/\/cmykprinted.com\/hr\/wp-json\/wp\/v2\/product_tag?post=875"}],"curies":[{"name":"wp","href":"https:\/\/api.w.org\/{rel}","templated":true}]}}