{"id":884,"date":"2023-01-01T12:57:04","date_gmt":"2023-01-01T12:57:04","guid":{"rendered":"https:\/\/cmykprinted.com\/?post_type=product&#038;p=884"},"modified":"2023-01-01T13:07:05","modified_gmt":"2023-01-01T13:07:05","slug":"portable-advertising-a-frame-round-pop-up-banners-stand","status":"publish","type":"product","link":"https:\/\/cmykprinted.com\/hr\/proizvod\/portable-advertising-a-frame-round-pop-up-banners-stand\/","title":{"rendered":"Prijenosni reklamni A-Frame okrugli stalak za sko\u010dne bannere"},"content":{"rendered":"","protected":false},"excerpt":{"rendered":"<p>Okrugli sko\u010dni banneri nude jedinstvenu opciju koja \u0161tedi prostor za prikaze na plo\u010dniku. Ovi se banneri tiskaju sublimacijom boje, metodom ispisa koja osigurava dugotrajne i postojane rezultate, \u010dak i kada su izlo\u017eeni izravnoj sun\u010devoj svjetlosti. Kori\u0161tenje \u010deli\u010dnog okvira \u010dini ove transparente laganima i robusnima, a dolaze u kompletu s klinovima koji se mogu koristiti za pri\u010dvr\u0161\u0107ivanje transparenta na tlo po \u017eelji. Ovi sko\u010dni banneri su svestrani i mogu se koristiti u zatvorenom prostoru i na otvorenom, \u0161to ih \u010dini izvrsnim izborom za razne doga\u0111aje i lokacije, poput sportskih doga\u0111aja, turnira, festivala, skijali\u0161ta i vi\u0161e. Oni su idealan izbor za svakoga tko \u017eeli dati izjavu i istaknuti se u prenapu\u010denom i u\u017eurbanom okru\u017eenju.<\/p>\n<div style=\"width: 1280px;\" class=\"wp-video\"><!--[if lt IE 9]><script>document.createElement('video');<\/script><![endif]--><br \/>\n<video class=\"wp-video-shortcode\" id=\"video-884-1\" width=\"1280\" height=\"720\" loop autoplay preload=\"metadata\" controls=\"controls\"><source type=\"video\/mp4\" src=\"http:\/\/cmykprinted.com\/wp-content\/uploads\/2022\/12\/Triangle-Pop-Up-Banners.mp4?_=1\" \/><a href=\"http:\/\/cmykprinted.com\/wp-content\/uploads\/2022\/12\/Triangle-Pop-Up-Banners.mp4\">http:\/\/cmykprinted.com\/wp-content\/uploads\/2022\/12\/Triangle-Pop-Up-Banners.mp4<\/a><\/video><\/div>","protected":false},"featured_media":885,"template":"","meta":{"_kad_post_transparent":"default","_kad_post_title":"hide","_kad_post_layout":"fullwidth","_kad_post_sidebar_id":"","_kad_post_content_style":"unboxed","_kad_post_vertical_padding":"hide","_kad_post_feature":"hide","_kad_post_feature_position":"","_kad_post_header":false,"_kad_post_footer":false},"product_cat":[92,93],"product_tag":[248,224,249,247],"class_list":{"0":"post-884","1":"product","2":"type-product","3":"status-publish","4":"has-post-thumbnail","6":"product_cat-pop-up-banners","7":"product_cat-circle-pop-up-banners","8":"product_tag-a-frame-pop-up-banne","9":"product_tag-advertising-pop-up-banners","10":"product_tag-portable-pop-up-banners","11":"product_tag-round-pop-up-banners","13":"first","14":"instock","15":"shipping-taxable","16":"product-type-simple","17":"entry","18":"content-bg","19":"loop-entry"},"_links":{"self":[{"href":"https:\/\/cmykprinted.com\/hr\/wp-json\/wp\/v2\/product\/884","targetHints":{"allow":["GET"]}}],"collection":[{"href":"https:\/\/cmykprinted.com\/hr\/wp-json\/wp\/v2\/product"}],"about":[{"href":"https:\/\/cmykprinted.com\/hr\/wp-json\/wp\/v2\/types\/product"}],"version-history":[{"count":1,"href":"https:\/\/cmykprinted.com\/hr\/wp-json\/wp\/v2\/product\/884\/revisions"}],"predecessor-version":[{"id":892,"href":"https:\/\/cmykprinted.com\/hr\/wp-json\/wp\/v2\/product\/884\/revisions\/892"}],"wp:featuredmedia":[{"embeddable":true,"href":"https:\/\/cmykprinted.com\/hr\/wp-json\/wp\/v2\/media\/885"}],"wp:attachment":[{"href":"https:\/\/cmykprinted.com\/hr\/wp-json\/wp\/v2\/media?parent=884"}],"wp:term":[{"taxonomy":"product_cat","embeddable":true,"href":"https:\/\/cmykprinted.com\/hr\/wp-json\/wp\/v2\/product_cat?post=884"},{"taxonomy":"product_tag","embeddable":true,"href":"https:\/\/cmykprinted.com\/hr\/wp-json\/wp\/v2\/product_tag?post=884"}],"curies":[{"name":"wp","href":"https:\/\/api.w.org\/{rel}","templated":true}]}}