{"id":893,"date":"2023-01-01T13:31:11","date_gmt":"2023-01-01T13:31:11","guid":{"rendered":"https:\/\/cmykprinted.com\/?post_type=product&#038;p=893"},"modified":"2023-01-01T14:17:19","modified_gmt":"2023-01-01T14:17:19","slug":"tension-fabric-displays-with-single-or-double-sided-printing","status":"publish","type":"product","link":"https:\/\/cmykprinted.com\/hr\/proizvod\/tension-fabric-displays-with-single-or-double-sided-printing\/","title":{"rendered":"Displeji od zatezne tkanine s jednostranim ili dvostranim tiskom"},"content":{"rendered":"","protected":false},"excerpt":{"rendered":"<p>Zasloni od zategnute tkanine popularan su izbor za \u0161tandove na sajmovima i izlo\u0161ke za posebne doga\u0111aje jer su lagani, jednostavni za postavljanje i pru\u017eaju \u010dist i moderan izgled va\u0161oj robnoj marki. Ovi zasloni koriste prilago\u0111eni pokrov od tkanine, na kojem je otisnuto va\u0161e umjetni\u010dko djelo, rastegnuto preko laganog okvira za stvaranje raznih konfiguracija. Neke uobi\u010dajene vrste zaslona od zategnute tkanine uklju\u010duju stalke za bannere, sko\u010dne zaslone i vise\u0107e bannere. Ovi sustavi nude \u0161irok raspon mogu\u0107nosti prilago\u0111avanja kako bi odgovarali va\u0161im jedinstvenim marketin\u0161kim potrebama i mogu se lako rastaviti i transportirati na razli\u010dite doga\u0111aje. Zasloni od zategnute tkanine mogu biti u\u010dinkovit na\u010din za predstavljanje va\u0161eg brenda i poruke na profesionalan i vizualno privla\u010dan na\u010din.<\/p>\n<div style=\"width: 1290px;\" class=\"wp-video\"><!--[if lt IE 9]><script>document.createElement('video');<\/script><![endif]--><br \/>\n<video class=\"wp-video-shortcode\" id=\"video-893-1\" width=\"1290\" height=\"726\" loop autoplay preload=\"auto\" controls=\"controls\"><source type=\"video\/mp4\" src=\"http:\/\/cmykprinted.com\/wp-content\/uploads\/2022\/12\/Tension-Fabric-Displays.mp4?_=1\" \/><a href=\"http:\/\/cmykprinted.com\/wp-content\/uploads\/2022\/12\/Tension-Fabric-Displays.mp4\">http:\/\/cmykprinted.com\/wp-content\/uploads\/2022\/12\/Tension-Fabric-Displays.mp4<\/a><\/video><\/div>\n<p>&nbsp;<\/p>","protected":false},"featured_media":896,"template":"","meta":{"_kad_post_transparent":"default","_kad_post_title":"hide","_kad_post_layout":"fullwidth","_kad_post_sidebar_id":"","_kad_post_content_style":"unboxed","_kad_post_vertical_padding":"hide","_kad_post_feature":"hide","_kad_post_feature_position":"","_kad_post_header":false,"_kad_post_footer":false},"product_cat":[97,99],"product_tag":[134],"class_list":{"0":"post-893","1":"product","2":"type-product","3":"status-publish","4":"has-post-thumbnail","6":"product_cat-tension-fabric-displays","7":"product_cat-custom-fabric-displays","8":"product_tag-tension-fabric-displays","10":"first","11":"instock","12":"shipping-taxable","13":"product-type-simple","14":"entry","15":"content-bg","16":"loop-entry"},"_links":{"self":[{"href":"https:\/\/cmykprinted.com\/hr\/wp-json\/wp\/v2\/product\/893","targetHints":{"allow":["GET"]}}],"collection":[{"href":"https:\/\/cmykprinted.com\/hr\/wp-json\/wp\/v2\/product"}],"about":[{"href":"https:\/\/cmykprinted.com\/hr\/wp-json\/wp\/v2\/types\/product"}],"version-history":[{"count":2,"href":"https:\/\/cmykprinted.com\/hr\/wp-json\/wp\/v2\/product\/893\/revisions"}],"predecessor-version":[{"id":895,"href":"https:\/\/cmykprinted.com\/hr\/wp-json\/wp\/v2\/product\/893\/revisions\/895"}],"wp:featuredmedia":[{"embeddable":true,"href":"https:\/\/cmykprinted.com\/hr\/wp-json\/wp\/v2\/media\/896"}],"wp:attachment":[{"href":"https:\/\/cmykprinted.com\/hr\/wp-json\/wp\/v2\/media?parent=893"}],"wp:term":[{"taxonomy":"product_cat","embeddable":true,"href":"https:\/\/cmykprinted.com\/hr\/wp-json\/wp\/v2\/product_cat?post=893"},{"taxonomy":"product_tag","embeddable":true,"href":"https:\/\/cmykprinted.com\/hr\/wp-json\/wp\/v2\/product_tag?post=893"}],"curies":[{"name":"wp","href":"https:\/\/api.w.org\/{rel}","templated":true}]}}