{"id":913,"date":"2023-01-13T12:49:09","date_gmt":"2023-01-13T12:49:09","guid":{"rendered":"https:\/\/cmykprinted.com\/?post_type=product&#038;p=913"},"modified":"2023-01-13T12:59:43","modified_gmt":"2023-01-13T12:59:43","slug":"custom-personalized-teardrop-shaped-advertising-flags","status":"publish","type":"product","link":"https:\/\/cmykprinted.com\/hr\/proizvod\/custom-personalized-teardrop-shaped-advertising-flags\/","title":{"rendered":"Prilago\u0111ene reklamne zastavice u obliku suze"},"content":{"rendered":"","protected":false},"excerpt":{"rendered":"<p>Reklamne zastavice u obliku suze, poznate i kao transparenti od perja, izvrstan su na\u010din za promociju va\u0161eg poslovanja i privla\u010denje pa\u017enje potencijalnih kupaca. S razli\u010ditim dostupnim opcijama, na\u0161e se zastave mogu koristiti i unutar i na otvorenom, \u0161to ih \u010dini svestranim izborom za bilo koji posao.<br \/>\nNa\u0161e zastave dolaze s vi\u0161estrukim opcijama baze, uklju\u010duju\u0107i temeljne \u0161iljke i kri\u017ene baze, kako bi se osiguralo da se mogu postaviti na bilo koje mjesto. Nudimo i mogu\u0107nost jednostranog i obostranog ispisa kako bi Va\u0161 oglas bio vidljiv iz svih kutova.<br \/>\nNa\u0161e zastave izra\u0111ene su od izdr\u017eljivog materijala od 3,24 oz. poliesterske tkanine i tiskane su tintom otpornom na UV zra\u010denje kako bi se osiguralo da mogu izdr\u017eati vremenske uvjete i trajati dugo vremena. Zastave su tako\u0111er lagane i jednostavne za transport, \u0161to ih \u010dini savr\u0161enim za doga\u0111aje i sajmove.<br \/>\nKada kupite jedan od na\u0161ih kompleta stupova, dobit \u0107ete i putnu torbu za no\u0161enje, \u0161to olak\u0161ava transport va\u0161e zastave na razli\u010dita mjesta. Uz na\u0161e visokokvalitetne zastave i prikladne mogu\u0107nosti putovanja, mo\u017eete biti sigurni da \u0107e va\u0161 posao biti vidljiv kamo god po\u0161li.<\/p>\n<div style=\"width: 1280px;\" class=\"wp-video\"><!--[if lt IE 9]><script>document.createElement('video');<\/script><![endif]--><br \/>\n<video class=\"wp-video-shortcode\" id=\"video-913-1\" width=\"1280\" height=\"720\" loop autoplay preload=\"metadata\" controls=\"controls\"><source type=\"video\/mp4\" src=\"http:\/\/cmykprinted.com\/wp-content\/uploads\/2022\/12\/Feather-beach-flags.mp4?_=1\" \/><a href=\"http:\/\/cmykprinted.com\/wp-content\/uploads\/2022\/12\/Feather-beach-flags.mp4\">http:\/\/cmykprinted.com\/wp-content\/uploads\/2022\/12\/Feather-beach-flags.mp4<\/a><\/video><\/div>","protected":false},"featured_media":914,"template":"","meta":{"_kad_post_transparent":"default","_kad_post_title":"hide","_kad_post_layout":"fullwidth","_kad_post_sidebar_id":"","_kad_post_content_style":"unboxed","_kad_post_vertical_padding":"hide","_kad_post_feature":"hide","_kad_post_feature_position":"","_kad_post_header":false,"_kad_post_footer":false},"product_cat":[64,67],"product_tag":[254,255,256,253],"class_list":{"0":"post-913","1":"product","2":"type-product","3":"status-publish","4":"has-post-thumbnail","6":"product_cat-beach-flags","7":"product_cat-teardrop-flags-banners","8":"product_tag-custom-teardrop-flags","9":"product_tag-personalized-teardrop-flags","10":"product_tag-teardrop-advertising-flags","11":"product_tag-teardrop-shaped-advertising-flags","13":"first","14":"instock","15":"shipping-taxable","16":"product-type-simple","17":"entry","18":"content-bg","19":"loop-entry"},"_links":{"self":[{"href":"https:\/\/cmykprinted.com\/hr\/wp-json\/wp\/v2\/product\/913","targetHints":{"allow":["GET"]}}],"collection":[{"href":"https:\/\/cmykprinted.com\/hr\/wp-json\/wp\/v2\/product"}],"about":[{"href":"https:\/\/cmykprinted.com\/hr\/wp-json\/wp\/v2\/types\/product"}],"version-history":[{"count":2,"href":"https:\/\/cmykprinted.com\/hr\/wp-json\/wp\/v2\/product\/913\/revisions"}],"predecessor-version":[{"id":920,"href":"https:\/\/cmykprinted.com\/hr\/wp-json\/wp\/v2\/product\/913\/revisions\/920"}],"wp:featuredmedia":[{"embeddable":true,"href":"https:\/\/cmykprinted.com\/hr\/wp-json\/wp\/v2\/media\/914"}],"wp:attachment":[{"href":"https:\/\/cmykprinted.com\/hr\/wp-json\/wp\/v2\/media?parent=913"}],"wp:term":[{"taxonomy":"product_cat","embeddable":true,"href":"https:\/\/cmykprinted.com\/hr\/wp-json\/wp\/v2\/product_cat?post=913"},{"taxonomy":"product_tag","embeddable":true,"href":"https:\/\/cmykprinted.com\/hr\/wp-json\/wp\/v2\/product_tag?post=913"}],"curies":[{"name":"wp","href":"https:\/\/api.w.org\/{rel}","templated":true}]}}