{"id":930,"date":"2023-01-15T04:21:00","date_gmt":"2023-01-15T04:21:00","guid":{"rendered":"https:\/\/cmykprinted.com\/?post_type=product&#038;p=930"},"modified":"2023-01-15T05:50:05","modified_gmt":"2023-01-15T05:50:05","slug":"cheapest-personalized-custom-printed-handheld-stick-flag","status":"publish","type":"product","link":"https:\/\/cmykprinted.com\/hr\/proizvod\/cheapest-personalized-custom-printed-handheld-stick-flag\/","title":{"rendered":"Najjeftinija personalizirana tiskana ru\u010dna zastavica"},"content":{"rendered":"","protected":false},"excerpt":{"rendered":"<p>Ru\u010dna \u0161tapna zastavica je isplativ i vizualno privla\u010dan na\u010din za predstavljanje va\u0161ih doga\u0111aja ili promocija. Prilago\u0111avaju\u0107i ih ba\u0161 kao i na\u0161e obi\u010dne prilago\u0111ene zastave, ali s manjom veli\u010dinom koju je lako dr\u017eati, savr\u0161en su dodatak svakom sajmu, sportskoj utakmici, mimohodu, konferenciji ili doga\u0111aju. Ove zastave izra\u0111ene su od izdr\u017eljive poliesterske tkanine i tiskane su sublimacijom boje, \u0161to osigurava svijetle i jake boje. Zastavice se zavr\u0161avaju plasti\u010dnim ili drvenim tiplama, a svaka zastavica se na \u0161tap pri\u010dvr\u0161\u0107uje pomo\u0107u navlake za zastavice, \u0161to osigurava da zastavica \u010dvrsto stoji na mjestu. Bilo da promovirate tvrtku, cilj ili poseban doga\u0111aj, ove su zastavice izvrstan na\u010din da prenesete svoju poruku.<\/p>","protected":false},"featured_media":931,"template":"","meta":{"_kad_post_transparent":"default","_kad_post_title":"hide","_kad_post_layout":"fullwidth","_kad_post_sidebar_id":"","_kad_post_content_style":"unboxed","_kad_post_vertical_padding":"hide","_kad_post_feature":"hide","_kad_post_feature_position":"","_kad_post_header":false,"_kad_post_footer":false},"product_cat":[79],"product_tag":[263,262,154,261],"class_list":{"0":"post-930","1":"product","2":"type-product","3":"status-publish","4":"has-post-thumbnail","6":"product_cat-custom-flags","7":"product_tag-cheapest-stick-flag","8":"product_tag-custom-stick-flag","9":"product_tag-handheld-stick-flag","10":"product_tag-personalized-stick-flag","12":"first","13":"instock","14":"shipping-taxable","15":"product-type-simple","16":"entry","17":"content-bg","18":"loop-entry"},"_links":{"self":[{"href":"https:\/\/cmykprinted.com\/hr\/wp-json\/wp\/v2\/product\/930","targetHints":{"allow":["GET"]}}],"collection":[{"href":"https:\/\/cmykprinted.com\/hr\/wp-json\/wp\/v2\/product"}],"about":[{"href":"https:\/\/cmykprinted.com\/hr\/wp-json\/wp\/v2\/types\/product"}],"version-history":[{"count":2,"href":"https:\/\/cmykprinted.com\/hr\/wp-json\/wp\/v2\/product\/930\/revisions"}],"predecessor-version":[{"id":937,"href":"https:\/\/cmykprinted.com\/hr\/wp-json\/wp\/v2\/product\/930\/revisions\/937"}],"wp:featuredmedia":[{"embeddable":true,"href":"https:\/\/cmykprinted.com\/hr\/wp-json\/wp\/v2\/media\/931"}],"wp:attachment":[{"href":"https:\/\/cmykprinted.com\/hr\/wp-json\/wp\/v2\/media?parent=930"}],"wp:term":[{"taxonomy":"product_cat","embeddable":true,"href":"https:\/\/cmykprinted.com\/hr\/wp-json\/wp\/v2\/product_cat?post=930"},{"taxonomy":"product_tag","embeddable":true,"href":"https:\/\/cmykprinted.com\/hr\/wp-json\/wp\/v2\/product_tag?post=930"}],"curies":[{"name":"wp","href":"https:\/\/api.w.org\/{rel}","templated":true}]}}