{"id":938,"date":"2023-01-15T14:03:34","date_gmt":"2023-01-15T14:03:34","guid":{"rendered":"https:\/\/cmykprinted.com\/?post_type=product&#038;p=938"},"modified":"2023-01-15T14:14:31","modified_gmt":"2023-01-15T14:14:31","slug":"trade-show-fitted-custom-stretch-table-cover-tablecloth","status":"publish","type":"product","link":"https:\/\/cmykprinted.com\/hr\/proizvod\/trade-show-fitted-custom-stretch-table-cover-tablecloth\/","title":{"rendered":"Trgova\u010dki sajam prilago\u0111en rastezljivi stolnjak za pokrivanje stola"},"content":{"rendered":"","protected":false},"excerpt":{"rendered":"<p>Organiziranje poslovnog doga\u0111aja mo\u017ee biti izazovno jer \u017eelite ostaviti dobar dojam i na nove i na postoje\u0107e klijente. Na\u0161e rastezljive prekriva\u010de za stolove izvrsno su rje\u0161enje za ure\u0111enje va\u0161eg \u0161tanda i promociju va\u0161eg poslovanja. Na\u0161 izbor elegantnih navlaka od spandexa jeftin je i mo\u017ee se koristiti za pobolj\u0161anje izgleda va\u0161ih stolova. Izra\u0111ene od izdr\u017eljive rastezljive tkanine od 180 GSM, na\u0161e su presvlake otporne na trganje i mogu se ponovno koristiti za vi\u0161e doga\u0111aja. S na\u0161om tehnologijom ispisa u punoj boji od 1440 DPI, grafika na naslovnicama je \u017eiva i o\u0161tra, sigurno \u0107e privu\u0107i pa\u017enju posjetitelja. Na\u0161e navlake dostupne su u dva stila: s patentnim zatvara\u010dem i s 3 strane, a obje se lako postavljaju i sigurno ostaju na mjestu. Rastezljivi stolnjaci od spandeksa svestrani su i jeftini, \u0161to ih \u010dini savr\u0161enim za bilo koju vrstu doga\u0111aja, poput blagdanskih zabava, sajmova i vi\u0161e.<\/p>","protected":false},"featured_media":939,"template":"","meta":{"_kad_post_transparent":"default","_kad_post_title":"hide","_kad_post_layout":"fullwidth","_kad_post_sidebar_id":"","_kad_post_content_style":"unboxed","_kad_post_vertical_padding":"hide","_kad_post_feature":"hide","_kad_post_feature_position":"","_kad_post_header":false,"_kad_post_footer":false},"product_cat":[80,81],"product_tag":[117,265,264,266],"class_list":{"0":"post-938","1":"product","2":"type-product","3":"status-publish","4":"has-post-thumbnail","6":"product_cat-custom-tablecloth","7":"product_cat-custom-stretch-tablecloth","8":"product_tag-custom-stretch-tablecloth","9":"product_tag-fitted-tablecloth","10":"product_tag-stretch-table-cover","11":"product_tag-trade-show-table-cover","13":"first","14":"instock","15":"shipping-taxable","16":"product-type-simple","17":"entry","18":"content-bg","19":"loop-entry"},"_links":{"self":[{"href":"https:\/\/cmykprinted.com\/hr\/wp-json\/wp\/v2\/product\/938","targetHints":{"allow":["GET"]}}],"collection":[{"href":"https:\/\/cmykprinted.com\/hr\/wp-json\/wp\/v2\/product"}],"about":[{"href":"https:\/\/cmykprinted.com\/hr\/wp-json\/wp\/v2\/types\/product"}],"version-history":[{"count":3,"href":"https:\/\/cmykprinted.com\/hr\/wp-json\/wp\/v2\/product\/938\/revisions"}],"predecessor-version":[{"id":947,"href":"https:\/\/cmykprinted.com\/hr\/wp-json\/wp\/v2\/product\/938\/revisions\/947"}],"wp:featuredmedia":[{"embeddable":true,"href":"https:\/\/cmykprinted.com\/hr\/wp-json\/wp\/v2\/media\/939"}],"wp:attachment":[{"href":"https:\/\/cmykprinted.com\/hr\/wp-json\/wp\/v2\/media?parent=938"}],"wp:term":[{"taxonomy":"product_cat","embeddable":true,"href":"https:\/\/cmykprinted.com\/hr\/wp-json\/wp\/v2\/product_cat?post=938"},{"taxonomy":"product_tag","embeddable":true,"href":"https:\/\/cmykprinted.com\/hr\/wp-json\/wp\/v2\/product_tag?post=938"}],"curies":[{"name":"wp","href":"https:\/\/api.w.org\/{rel}","templated":true}]}}