{"id":949,"date":"2023-02-07T09:02:38","date_gmt":"2023-02-07T09:02:38","guid":{"rendered":"https:\/\/cmykprinted.com\/?post_type=product&#038;p=949"},"modified":"2023-02-08T03:15:05","modified_gmt":"2023-02-08T03:15:05","slug":"cheap-custom-outdoor-vinyl-banners-design-and-printing","status":"publish","type":"product","link":"https:\/\/cmykprinted.com\/hr\/proizvod\/cheap-custom-outdoor-vinyl-banners-design-and-printing\/","title":{"rendered":"Jeftini dizajn i tisak prilago\u0111enih vanjskih bannera od vinila"},"content":{"rendered":"","protected":false},"excerpt":{"rendered":"<p>Vanjski banneri od vinila su isplativo i prakti\u010dno rje\u0161enje za preno\u0161enje va\u0161e poruke. Jednostavni su za transport i postavljanje, \u0161to ih \u010dini idealnim za doga\u0111aje i zabave koji se odr\u017eavaju vani. Na\u0161 jednostavan i pristupa\u010dan postupak naru\u010divanja omogu\u0107uje vam brzo dobivanje prilago\u0111enih vinilnih bannera bez \u010dekanja. Premium 13 oz. vinil koji koristimo ima glatku povr\u0161inu za visokokvalitetni ispis i obi\u010dno se koristi za razli\u010dite vanjske reklamne svrhe kao \u0161to su billboardi, omoti za zgrade, zastave za doga\u0111aje, znakovi za sajmove i parade.<\/p>\n<div style=\"width: 1290px;\" class=\"wp-video\"><!--[if lt IE 9]><script>document.createElement('video');<\/script><![endif]--><br \/>\n<video class=\"wp-video-shortcode\" id=\"video-949-1\" width=\"1290\" height=\"726\" loop autoplay preload=\"auto\" controls=\"controls\"><source type=\"video\/mp4\" src=\"http:\/\/cmykprinted.com\/wp-content\/uploads\/2022\/12\/Fence-Mesh-Banners.mp4?_=1\" \/><a href=\"http:\/\/cmykprinted.com\/wp-content\/uploads\/2022\/12\/Fence-Mesh-Banners.mp4\">http:\/\/cmykprinted.com\/wp-content\/uploads\/2022\/12\/Fence-Mesh-Banners.mp4<\/a><\/video><\/div>\n<p>&nbsp;<\/p>","protected":false},"featured_media":950,"template":"","meta":{"_kad_post_transparent":"default","_kad_post_title":"hide","_kad_post_layout":"fullwidth","_kad_post_sidebar_id":"","_kad_post_content_style":"unboxed","_kad_post_vertical_padding":"hide","_kad_post_feature":"hide","_kad_post_feature_position":"","_kad_post_header":false,"_kad_post_footer":false},"product_cat":[85,87,86],"product_tag":[269,268,163,267,164],"class_list":{"0":"post-949","1":"product","2":"type-product","3":"status-publish","4":"has-post-thumbnail","6":"product_cat-outdoor-vinyl-banners","7":"product_cat-fabric-mesh-banners","8":"product_cat-fence-mesh-banners","9":"product_tag-cheap-outdoor-vinyl-banners","10":"product_tag-custom-outdoor-vinyl-banners","11":"product_tag-outdoor-vinyl-banners","12":"product_tag-vinyl-banners-design","13":"product_tag-vinyl-banners-printing","15":"first","16":"instock","17":"shipping-taxable","18":"product-type-simple","19":"entry","20":"content-bg","21":"loop-entry"},"_links":{"self":[{"href":"https:\/\/cmykprinted.com\/hr\/wp-json\/wp\/v2\/product\/949","targetHints":{"allow":["GET"]}}],"collection":[{"href":"https:\/\/cmykprinted.com\/hr\/wp-json\/wp\/v2\/product"}],"about":[{"href":"https:\/\/cmykprinted.com\/hr\/wp-json\/wp\/v2\/types\/product"}],"version-history":[{"count":2,"href":"https:\/\/cmykprinted.com\/hr\/wp-json\/wp\/v2\/product\/949\/revisions"}],"predecessor-version":[{"id":955,"href":"https:\/\/cmykprinted.com\/hr\/wp-json\/wp\/v2\/product\/949\/revisions\/955"}],"wp:featuredmedia":[{"embeddable":true,"href":"https:\/\/cmykprinted.com\/hr\/wp-json\/wp\/v2\/media\/950"}],"wp:attachment":[{"href":"https:\/\/cmykprinted.com\/hr\/wp-json\/wp\/v2\/media?parent=949"}],"wp:term":[{"taxonomy":"product_cat","embeddable":true,"href":"https:\/\/cmykprinted.com\/hr\/wp-json\/wp\/v2\/product_cat?post=949"},{"taxonomy":"product_tag","embeddable":true,"href":"https:\/\/cmykprinted.com\/hr\/wp-json\/wp\/v2\/product_tag?post=949"}],"curies":[{"name":"wp","href":"https:\/\/api.w.org\/{rel}","templated":true}]}}