{"id":976,"date":"2023-02-11T03:41:11","date_gmt":"2023-02-11T03:41:11","guid":{"rendered":"https:\/\/cmykprinted.com\/?post_type=product&#038;p=976"},"modified":"2023-02-11T03:46:13","modified_gmt":"2023-02-11T03:46:13","slug":"double-sided-feather-flags-with-free-design-at-cheap-price","status":"publish","type":"product","link":"https:\/\/cmykprinted.com\/hr\/proizvod\/double-sided-feather-flags-with-free-design-at-cheap-price\/","title":{"rendered":"Dvostrane zastave od perja s besplatnim dizajnom po povoljnoj cijeni"},"content":{"rendered":"","protected":false},"excerpt":{"rendered":"<p>Dvostrane pernate zastave \u0161iroko su kori\u0161tena opcija za tvrtke i organizacije koje tra\u017ee prikladan na\u010din za ogla\u0161avanje svoje robne marke ili poruke. Uz jednostavno postavljanje i mogu\u0107nost postavljanja na bilo koje mjesto, nude prakti\u010dno rje\u0161enje. Jarbol pernate zastave za pla\u017eu izra\u0111en je od \u010dvrstih materijala, poput aluminija i stakloplastike, \u0161to mu omogu\u0107uje da zadr\u017ei svoj oblik \u010dak iu vjetrovitim uvjetima i lo\u0161em vremenu. Zastava je otisnuta na visokokvalitetnoj poliesterskoj tkanini 115 g\/m2, koja na pole\u0111ini nudi refleksiju od gotovo 100%, \u0161to jam\u010di da je zastava lako uo\u010dljiva i \u010ditljiva iz daljine.<br \/>\nUz njihovu pouzdanost i vidljivost, pernate zastavice za pla\u017eu tako\u0111er se lako transportiraju i zauzimaju minimalan prostor. Mogu se bez napora premje\u0161tati s jednog mjesta na drugo i mogu se postaviti na bilo koju povr\u0161inu uz pomo\u0107 razli\u010ditih opcija postolja.<br \/>\nZaklju\u010dno, pernate zastavice za pla\u017eu su fleksibilan i u\u010dinkovit na\u010din za predstavljanje va\u0161eg brenda ili poruke. Uz jednostavnu monta\u017eu, snagu i izvrsnu vidljivost, izvrstan su izbor za bilo koju tvrtku ili organizaciju koja \u017eeli privu\u0107i pozornost.<\/p>\n<div style=\"width: 1280px;\" class=\"wp-video\"><!--[if lt IE 9]><script>document.createElement('video');<\/script><![endif]--><br \/>\n<video class=\"wp-video-shortcode\" id=\"video-976-1\" width=\"1280\" height=\"720\" loop autoplay preload=\"metadata\" controls=\"controls\"><source type=\"video\/mp4\" src=\"http:\/\/cmykprinted.com\/wp-content\/uploads\/2022\/12\/Feather-beach-flags.mp4?_=1\" \/><a href=\"http:\/\/cmykprinted.com\/wp-content\/uploads\/2022\/12\/Feather-beach-flags.mp4\">http:\/\/cmykprinted.com\/wp-content\/uploads\/2022\/12\/Feather-beach-flags.mp4<\/a><\/video><\/div>","protected":false},"featured_media":977,"template":"","meta":{"_kad_post_transparent":"default","_kad_post_title":"hide","_kad_post_layout":"fullwidth","_kad_post_sidebar_id":"","_kad_post_content_style":"unboxed","_kad_post_vertical_padding":"hide","_kad_post_feature":"hide","_kad_post_feature_position":"","_kad_post_header":false,"_kad_post_footer":false},"product_cat":[64,65],"product_tag":[278,275,276,277],"class_list":{"0":"post-976","1":"product","2":"type-product","3":"status-publish","4":"has-post-thumbnail","6":"product_cat-beach-flags","7":"product_cat-feather-flags-banners","8":"product_tag-cheap-feather-flags","9":"product_tag-double-sided-feather-flags","10":"product_tag-feather-flags","11":"product_tag-free-design-feather-flags","13":"first","14":"instock","15":"shipping-taxable","16":"product-type-simple","17":"entry","18":"content-bg","19":"loop-entry"},"_links":{"self":[{"href":"https:\/\/cmykprinted.com\/hr\/wp-json\/wp\/v2\/product\/976","targetHints":{"allow":["GET"]}}],"collection":[{"href":"https:\/\/cmykprinted.com\/hr\/wp-json\/wp\/v2\/product"}],"about":[{"href":"https:\/\/cmykprinted.com\/hr\/wp-json\/wp\/v2\/types\/product"}],"version-history":[{"count":2,"href":"https:\/\/cmykprinted.com\/hr\/wp-json\/wp\/v2\/product\/976\/revisions"}],"predecessor-version":[{"id":983,"href":"https:\/\/cmykprinted.com\/hr\/wp-json\/wp\/v2\/product\/976\/revisions\/983"}],"wp:featuredmedia":[{"embeddable":true,"href":"https:\/\/cmykprinted.com\/hr\/wp-json\/wp\/v2\/media\/977"}],"wp:attachment":[{"href":"https:\/\/cmykprinted.com\/hr\/wp-json\/wp\/v2\/media?parent=976"}],"wp:term":[{"taxonomy":"product_cat","embeddable":true,"href":"https:\/\/cmykprinted.com\/hr\/wp-json\/wp\/v2\/product_cat?post=976"},{"taxonomy":"product_tag","embeddable":true,"href":"https:\/\/cmykprinted.com\/hr\/wp-json\/wp\/v2\/product_tag?post=976"}],"curies":[{"name":"wp","href":"https:\/\/api.w.org\/{rel}","templated":true}]}}