{"id":984,"date":"2023-02-11T03:57:42","date_gmt":"2023-02-11T03:57:42","guid":{"rendered":"https:\/\/cmykprinted.com\/?post_type=product&#038;p=984"},"modified":"2023-02-11T04:04:18","modified_gmt":"2023-02-11T04:04:18","slug":"10x15ft-50mm-hexagonal-pop-up-canopy-tent-aluminum-frame","status":"publish","type":"product","link":"https:\/\/cmykprinted.com\/hr\/proizvod\/10x15ft-50mm-hexagonal-pop-up-canopy-tent-aluminum-frame\/","title":{"rendered":"10X15FT 50mm \u0161esterokutni pop-up \u0161ator s aluminijskim okvirom"},"content":{"rendered":"","protected":false},"excerpt":{"rendered":"<p>\u0160esterokutna sko\u010dna nadstre\u0161nica od 50 mm s aluminijskim okvirom savr\u0161ena je za isticanje va\u0161e nadstre\u0161nice na \u0161tandu ili sajmu. Okvir se mo\u017ee pohvaliti impresivnim specifikacijama, uklju\u010duju\u0107i \u0161esterokutnu aluminijsku vanjsku nogu veli\u010dine 50x50 mm i debljine 1,8 mm. Tako\u0111er ima pet polo\u017eaja visine s intervalom od 7,5 cm te je jak i stabilan za dugotrajnu upotrebu.<br \/>\nPostavljanje i skidanje nadstre\u0161nice je brzo i jednostavno, zahvaljuju\u0107i sklopivom aluminijskom okviru i odsutnosti labavih dijelova. Gumb za pode\u0161avanje nogu i velike igle za povla\u010denje koje je lako uhvatiti u gornjim kutovima \u010dine postavljanje i rastavljanje lakim bez potrebe za bilo kakvim alatom.<br \/>\nPaket uklju\u010duje komercijalni aluminijski okvir nadstre\u0161nice i mogu ga postaviti i skinuti jedna ili dvije osobe u nekoliko minuta bez ikakvog alata. Dolazi s jednogodi\u0161njim jamstvom i do\u017eivotnom opskrbom priborom i dijelovima. Ako trebate rad po narud\u017ebi, slobodno nam se obratite. Jam\u010dimo 100% zadovoljstvo i radit \u0107emo na rje\u0161avanju svih problema koje imate.<br \/>\nOva nadstre\u0161nica je prikladna za razli\u010dite doga\u0111aje na otvorenom, uklju\u010duju\u0107i zabave, sajmove, sport, piknike, ro\u0161tiljanje i jo\u0161 mnogo toga. Mo\u017ee se koristiti u komercijalnim podru\u010djima, pla\u017eama, igrali\u0161tima, dvori\u0161tima, vrtovima, farmama i drugim vanjskim postavkama, kao iu zatvorenim okru\u017eenjima poput velikih sportskih dvorana. Uz vrhunsku kvalitetu, mo\u017eete biti sigurni u njegovu dugovje\u010dnost i izdr\u017eljivost. Ako imate bilo kakvih nedoumica u vezi s kvalitetom tijekom prve godine, ne ustru\u010davajte se obratiti nam se. Na\u0161e 100% jamstvo zadovoljstva osigurava da \u0107emo raditi na rje\u0161avanju svih problema koje imate.<\/p>\n<div style=\"width: 1280px;\" class=\"wp-video\"><!--[if lt IE 9]><script>document.createElement('video');<\/script><![endif]--><br \/>\n<video class=\"wp-video-shortcode\" id=\"video-984-1\" width=\"1280\" height=\"720\" loop autoplay preload=\"auto\" controls=\"controls\"><source type=\"video\/mp4\" src=\"http:\/\/cmykprinted.com\/wp-content\/uploads\/2022\/12\/10x15ft-Pop-up-Tent.mp4?_=1\" \/><a href=\"http:\/\/cmykprinted.com\/wp-content\/uploads\/2022\/12\/10x15ft-Pop-up-Tent.mp4\">http:\/\/cmykprinted.com\/wp-content\/uploads\/2022\/12\/10x15ft-Pop-up-Tent.mp4<\/a><\/video><\/div>","protected":false},"featured_media":985,"template":"","meta":{"_kad_post_transparent":"default","_kad_post_title":"hide","_kad_post_layout":"fullwidth","_kad_post_sidebar_id":"","_kad_post_content_style":"unboxed","_kad_post_vertical_padding":"hide","_kad_post_feature":"hide","_kad_post_feature_position":"","_kad_post_header":false,"_kad_post_footer":false},"product_cat":[68,76,74],"product_tag":[279,282,281,280],"class_list":{"0":"post-984","1":"product","2":"type-product","3":"status-publish","4":"has-post-thumbnail","6":"product_cat-custom-canopy-tents","7":"product_cat-10x15ft-pop-up-tents-50mm-heavy-duty-hexagon-aluminum-tents-custom-canopy-tents","8":"product_cat-50mm-heavy-duty-hexagon-aluminum-tents","9":"product_tag-10x15ft-hexagonal-pop-up-canopy-tent","10":"product_tag-50mm-hexagonal-pop-up-canopy","11":"product_tag-aluminum-frame-pop-up-canopy-tent","12":"product_tag-hexagonal-pop-up-canopy-tent","14":"first","15":"instock","16":"shipping-taxable","17":"product-type-simple","18":"entry","19":"content-bg","20":"loop-entry"},"_links":{"self":[{"href":"https:\/\/cmykprinted.com\/hr\/wp-json\/wp\/v2\/product\/984","targetHints":{"allow":["GET"]}}],"collection":[{"href":"https:\/\/cmykprinted.com\/hr\/wp-json\/wp\/v2\/product"}],"about":[{"href":"https:\/\/cmykprinted.com\/hr\/wp-json\/wp\/v2\/types\/product"}],"version-history":[{"count":2,"href":"https:\/\/cmykprinted.com\/hr\/wp-json\/wp\/v2\/product\/984\/revisions"}],"predecessor-version":[{"id":992,"href":"https:\/\/cmykprinted.com\/hr\/wp-json\/wp\/v2\/product\/984\/revisions\/992"}],"wp:featuredmedia":[{"embeddable":true,"href":"https:\/\/cmykprinted.com\/hr\/wp-json\/wp\/v2\/media\/985"}],"wp:attachment":[{"href":"https:\/\/cmykprinted.com\/hr\/wp-json\/wp\/v2\/media?parent=984"}],"wp:term":[{"taxonomy":"product_cat","embeddable":true,"href":"https:\/\/cmykprinted.com\/hr\/wp-json\/wp\/v2\/product_cat?post=984"},{"taxonomy":"product_tag","embeddable":true,"href":"https:\/\/cmykprinted.com\/hr\/wp-json\/wp\/v2\/product_tag?post=984"}],"curies":[{"name":"wp","href":"https:\/\/api.w.org\/{rel}","templated":true}]}}