{"id":1000,"date":"2023-02-12T10:41:09","date_gmt":"2023-02-12T10:41:09","guid":{"rendered":"https:\/\/cmykprinted.com\/?post_type=product&#038;p=1000"},"modified":"2023-02-12T10:46:25","modified_gmt":"2023-02-12T10:46:25","slug":"logo-printed-premium-full-color-trade-show-table-throw","status":"publish","type":"product","link":"https:\/\/cmykprinted.com\/hu\/termek\/logo-printed-premium-full-color-trade-show-table-throw\/","title":{"rendered":"Embl\u00e9m\u00e1val nyomtatott pr\u00e9mium sz\u00ednes v\u00e1s\u00e1ri asztaldob\u00e1s"},"content":{"rendered":"","protected":false},"excerpt":{"rendered":"<p>C\u00e9g\u00fcnkn\u00e9l elk\u00f6telezettek vagyunk a magas sz\u00ednvonal\u00fa \u00e9s megfizethet\u0151 ki\u00e1ll\u00edt\u00e1si asztalter\u00edt\u00e9sek biztos\u00edt\u00e1sa mellett, b\u00e1rmilyen m\u00e9ret\u0171 v\u00e1llalkoz\u00e1sok \u00e9s szervezetek sz\u00e1m\u00e1ra. Meg\u00e9rtj\u00fck annak fontoss\u00e1g\u00e1t, hogy nagy benyom\u00e1st kelts\u00fcnk a szakki\u00e1ll\u00edt\u00e1sokon \u00e9s ki\u00e1ll\u00edt\u00e1sokon, \u00e9s elk\u00f6telezettek vagyunk amellett, hogy seg\u00edts\u00fcnk \u00fcgyfeleinknek ebben. Professzion\u00e1lis nyomtat\u00f3csapatunk teljes fest\u00e9kszublim\u00e1ci\u00f3s folyamatot alkalmaz annak \u00e9rdek\u00e9ben, hogy asztali dob\u00e1saink \u00e9l\u00e9nkek, szemet gy\u00f6ny\u00f6rk\u00f6dtet\u0151ek \u00e9s teljesen szem\u00e9lyre szabhat\u00f3k legyenek. Ak\u00e1r asztaltakar\u00f3ra van sz\u00fcks\u00e9ge egy ki\u00e1ll\u00edt\u00e1sra, ter\u00edt\u0151re egy k\u00fcl\u00f6nleges ki\u00e1ll\u00edt\u00e1sra, vagy b\u00e1rmilyen m\u00e1s t\u00edpus\u00fa asztalra, n\u00e1lunk megtal\u00e1lja a sz\u00fcks\u00e9ges term\u00e9keket az \u00d6n \u00e1ltal k\u00edv\u00e1nt sebess\u00e9ggel.<br \/>\n\u00dczem\u00fcnk a ki\u00e1ll\u00edt\u00e1si asztaldob\u00f3k sz\u00e9les v\u00e1laszt\u00e9k\u00e1t k\u00edn\u00e1lja, bele\u00e9rtve a sztreccs huzatokat, 3 \u00e9s 4 oldalas burkolatokat, fut\u00f3kat \u00e9s m\u00e9g sok m\u00e1st. K\u00edn\u00e1lunk m\u00e9g olyan asztalter\u00edt\u0151ket is, amelyek kieg\u00e9sz\u00edtik v\u00e1llalkoz\u00e1sa vagy szervezete sz\u00edns\u00e9m\u00e1j\u00e1t. \u00c9s ha nincs log\u00f3ja, az nem probl\u00e9ma! Egyedi diz\u00e1jnt k\u00e9sz\u00edt\u00fcnk \u00d6nnek, amely el\u0151seg\u00edti m\u00e1rk\u00e1j\u00e1nak n\u00e9pszer\u0171s\u00edt\u00e9s\u00e9t \u00e9s \u00faj \u00fcgyfelek vonz\u00e1s\u00e1t.<br \/>\n24 \u00f3r\u00e1s \u00e1tfut\u00e1si id\u0151t biztos\u00edtunk minden ki\u00e1ll\u00edt\u00e1si asztali dob\u00e1sunkn\u00e1l, \u00edgy biztos\u00edtva, hogy akkor szerezze be a sz\u00fcks\u00e9ges term\u00e9keket, amikor sz\u00fcks\u00e9ge van r\u00e1juk. A nagyobb k\u00e9nyelem \u00e9rdek\u00e9ben minden term\u00e9k\u00fcnket a v\u00e1s\u00e1rl\u00e1st k\u00f6vet\u0151 munkanapon kisz\u00e1ll\u00edtjuk. \u00cdgy ak\u00e1r egyetlen asztalfeldob\u00e1sra, ak\u00e1r nagy rendel\u00e9sre van sz\u00fcks\u00e9ge egy k\u00f6zelg\u0151 esem\u00e9nyhez, n\u00e1lunk megtal\u00e1lja a sikerhez sz\u00fcks\u00e9ges term\u00e9keket \u00e9s szolg\u00e1ltat\u00e1sokat.<\/p>","protected":false},"featured_media":1001,"template":"","meta":{"_kad_post_transparent":"default","_kad_post_title":"hide","_kad_post_layout":"fullwidth","_kad_post_sidebar_id":"","_kad_post_content_style":"unboxed","_kad_post_vertical_padding":"hide","_kad_post_feature":"hide","_kad_post_feature_position":"","_kad_post_header":false,"_kad_post_footer":false},"product_cat":[80,84],"product_tag":[218,216,217],"class_list":{"0":"post-1000","1":"product","2":"type-product","3":"status-publish","4":"has-post-thumbnail","6":"product_cat-custom-tablecloth","7":"product_cat-trade-show-table-throw","8":"product_tag-custom-table-throw","9":"product_tag-trade-show-table-throw","10":"product_tag-tradeshow-table-throw","12":"first","13":"instock","14":"shipping-taxable","15":"product-type-simple","16":"entry","17":"content-bg","18":"loop-entry"},"_links":{"self":[{"href":"https:\/\/cmykprinted.com\/hu\/wp-json\/wp\/v2\/product\/1000","targetHints":{"allow":["GET"]}}],"collection":[{"href":"https:\/\/cmykprinted.com\/hu\/wp-json\/wp\/v2\/product"}],"about":[{"href":"https:\/\/cmykprinted.com\/hu\/wp-json\/wp\/v2\/types\/product"}],"version-history":[{"count":1,"href":"https:\/\/cmykprinted.com\/hu\/wp-json\/wp\/v2\/product\/1000\/revisions"}],"predecessor-version":[{"id":1007,"href":"https:\/\/cmykprinted.com\/hu\/wp-json\/wp\/v2\/product\/1000\/revisions\/1007"}],"wp:featuredmedia":[{"embeddable":true,"href":"https:\/\/cmykprinted.com\/hu\/wp-json\/wp\/v2\/media\/1001"}],"wp:attachment":[{"href":"https:\/\/cmykprinted.com\/hu\/wp-json\/wp\/v2\/media?parent=1000"}],"wp:term":[{"taxonomy":"product_cat","embeddable":true,"href":"https:\/\/cmykprinted.com\/hu\/wp-json\/wp\/v2\/product_cat?post=1000"},{"taxonomy":"product_tag","embeddable":true,"href":"https:\/\/cmykprinted.com\/hu\/wp-json\/wp\/v2\/product_tag?post=1000"}],"curies":[{"name":"wp","href":"https:\/\/api.w.org\/{rel}","templated":true}]}}