{"id":1008,"date":"2023-02-12T11:09:14","date_gmt":"2023-02-12T11:09:14","guid":{"rendered":"https:\/\/cmykprinted.com\/?post_type=product&#038;p=1008"},"modified":"2023-02-12T11:37:43","modified_gmt":"2023-02-12T11:37:43","slug":"premium-custom-printed-outdoor-polyester-fabric-mesh-banners","status":"publish","type":"product","link":"https:\/\/cmykprinted.com\/hu\/termek\/premium-custom-printed-outdoor-polyester-fabric-mesh-banners\/","title":{"rendered":"Pr\u00e9mium egyedi nyomtatott k\u00fclt\u00e9ri poli\u00e9szter sz\u00f6vet h\u00e1l\u00f3s transzparensek"},"content":{"rendered":"","protected":false},"excerpt":{"rendered":"<p>A k\u00fclt\u00e9ri vinil bannerek k\u00f6lts\u00e9ghat\u00e9kony \u00e9s k\u00e9nyelmes megold\u00e1st jelentenek \u00fczenete k\u00f6zvet\u00edt\u00e9s\u00e9re. K\u00f6nnyen sz\u00e1ll\u00edthat\u00f3k \u00e9s fel\u00e1ll\u00edthat\u00f3k, \u00edgy ide\u00e1lisak szabadt\u00e9ri rendezv\u00e9nyekhez \u00e9s bulikhoz. Egyszer\u0171 \u00e9s megfizethet\u0151 rendel\u00e9si folyamatunk lehet\u0151v\u00e9 teszi, hogy v\u00e1rakoz\u00e1s n\u00e9lk\u00fcl gyorsan beszerezzen egyedi vinil bannereket. A pr\u00e9mium 13 oz. Az \u00e1ltalunk haszn\u00e1lt vinyl sima fel\u00fclettel rendelkezik a kiv\u00e1l\u00f3 min\u0151s\u00e9g\u0171 nyomtat\u00e1shoz, \u00e9s gyakran haszn\u00e1lj\u00e1k k\u00fcl\u00f6nf\u00e9le k\u00fclt\u00e9ri rekl\u00e1moz\u00e1si c\u00e9lokra, p\u00e9ld\u00e1ul \u00f3ri\u00e1splak\u00e1tokra, \u00e9p\u00fcletburkolatokra, rendezv\u00e9nyz\u00e1szl\u00f3kra, ki\u00e1ll\u00edt\u00e1si t\u00e1bl\u00e1kra \u00e9s felvonul\u00e1sokra.<\/p>\n<div style=\"width: 1290px;\" class=\"wp-video\"><!--[if lt IE 9]><script>document.createElement('video');<\/script><![endif]--><br \/>\n<video class=\"wp-video-shortcode\" id=\"video-1008-1\" width=\"1290\" height=\"726\" loop autoplay preload=\"auto\" controls=\"controls\"><source type=\"video\/mp4\" src=\"http:\/\/cmykprinted.com\/wp-content\/uploads\/2022\/12\/Fence-Mesh-Banners.mp4?_=1\" \/><a href=\"http:\/\/cmykprinted.com\/wp-content\/uploads\/2022\/12\/Fence-Mesh-Banners.mp4\">http:\/\/cmykprinted.com\/wp-content\/uploads\/2022\/12\/Fence-Mesh-Banners.mp4<\/a><\/video><\/div>\n<p>&nbsp;<\/p>","protected":false},"featured_media":1009,"template":"","meta":{"_kad_post_transparent":"default","_kad_post_title":"hide","_kad_post_layout":"fullwidth","_kad_post_sidebar_id":"","_kad_post_content_style":"unboxed","_kad_post_vertical_padding":"hide","_kad_post_feature":"hide","_kad_post_feature_position":"","_kad_post_header":false,"_kad_post_footer":false},"product_cat":[85,87,86],"product_tag":[289,288,287,122,290],"class_list":{"0":"post-1008","1":"product","2":"type-product","3":"status-publish","4":"has-post-thumbnail","6":"product_cat-outdoor-vinyl-banners","7":"product_cat-fabric-mesh-banners","8":"product_cat-fence-mesh-banners","9":"product_tag-custom-printed-mesh-banners","10":"product_tag-fabric-mesh-banners","11":"product_tag-outdoor-fabric-mesh-banners","12":"product_tag-outdoor-mesh-banners","13":"product_tag-polyester-fabric-mesh-banners","15":"first","16":"instock","17":"shipping-taxable","18":"product-type-simple","19":"entry","20":"content-bg","21":"loop-entry"},"_links":{"self":[{"href":"https:\/\/cmykprinted.com\/hu\/wp-json\/wp\/v2\/product\/1008","targetHints":{"allow":["GET"]}}],"collection":[{"href":"https:\/\/cmykprinted.com\/hu\/wp-json\/wp\/v2\/product"}],"about":[{"href":"https:\/\/cmykprinted.com\/hu\/wp-json\/wp\/v2\/types\/product"}],"version-history":[{"count":1,"href":"https:\/\/cmykprinted.com\/hu\/wp-json\/wp\/v2\/product\/1008\/revisions"}],"predecessor-version":[{"id":1015,"href":"https:\/\/cmykprinted.com\/hu\/wp-json\/wp\/v2\/product\/1008\/revisions\/1015"}],"wp:featuredmedia":[{"embeddable":true,"href":"https:\/\/cmykprinted.com\/hu\/wp-json\/wp\/v2\/media\/1009"}],"wp:attachment":[{"href":"https:\/\/cmykprinted.com\/hu\/wp-json\/wp\/v2\/media?parent=1008"}],"wp:term":[{"taxonomy":"product_cat","embeddable":true,"href":"https:\/\/cmykprinted.com\/hu\/wp-json\/wp\/v2\/product_cat?post=1008"},{"taxonomy":"product_tag","embeddable":true,"href":"https:\/\/cmykprinted.com\/hu\/wp-json\/wp\/v2\/product_tag?post=1008"}],"curies":[{"name":"wp","href":"https:\/\/api.w.org\/{rel}","templated":true}]}}