{"id":1016,"date":"2023-02-12T14:30:04","date_gmt":"2023-02-12T14:30:04","guid":{"rendered":"https:\/\/cmykprinted.com\/?post_type=product&#038;p=1016"},"modified":"2023-02-12T14:40:07","modified_gmt":"2023-02-12T14:40:07","slug":"personalized-triangle-pop-up-banners-a-frame-stand-display","status":"publish","type":"product","link":"https:\/\/cmykprinted.com\/hu\/termek\/personalized-triangle-pop-up-banners-a-frame-stand-display\/","title":{"rendered":"Szem\u00e9lyre szabott h\u00e1romsz\u00f6g el\u0151ugr\u00f3 bannerek A-keretes \u00e1llv\u00e1nykijelz\u0151"},"content":{"rendered":"","protected":false},"excerpt":{"rendered":"<p>A h\u00e1romsz\u00f6g alak\u00fa felugr\u00f3 bannerek a v\u00e9gs\u0151 megold\u00e1st k\u00edn\u00e1lj\u00e1k m\u00e1rk\u00e1j\u00e1nak vagy v\u00e1llalkoz\u00e1s\u00e1nak st\u00edlusos \u00e9s hat\u00e9kony n\u00e9pszer\u0171s\u00edt\u00e9s\u00e9re. Az egyszer\u0171 be\u00e1ll\u00edt\u00e1st \u00e9s sz\u00e9tszerel\u00e9st lehet\u0151v\u00e9 t\u00e9v\u0151 kialak\u00edt\u00e1suknak k\u00f6sz\u00f6nhet\u0151en ezek a bannerek ide\u00e1lisak ki\u00e1ll\u00edt\u00e1sokhoz, rendezv\u00e9nyekhez \u00e9s konferenci\u00e1khoz. K\u00f6nny\u0171 \u00e9s tart\u00f3s \u0151szibarack b\u0151rsz\u00f6vetb\u0151l k\u00e9sz\u00fcltek, praktikus hordt\u00e1sk\u00e1val a t\u00e1rol\u00e1shoz \u00e9s sz\u00e1ll\u00edt\u00e1shoz.<br \/>\nNemcsak k\u00e9nyelmesen haszn\u00e1lhat\u00f3ak, de garant\u00e1ltan felkeltik a c\u00e9lk\u00f6z\u00f6ns\u00e9g figyelm\u00e9t is. Legyen sz\u00f3 \u00faj term\u00e9k bevezet\u00e9s\u00e9r\u0151l, \u00e9rt\u00e9kes\u00edt\u00e9sr\u0151l vagy k\u00f6zelg\u0151 esem\u00e9nyr\u0151l, ezek a szalaghirdet\u00e9sek felkeltik az \u00e9rdekl\u0151d\u00e9st, \u00e9s tart\u00f3s hat\u00e1st keltenek. Haszn\u00e1lhat\u00f3k belt\u00e9ren vagy k\u00fclt\u00e9ren, \u00e9s k\u00f6nnyen \u00f6sszeszerelhet\u0151k rug\u00f3s f\u00e9mac\u00e9ljukkal \u00e9s csapokkal.<br \/>\nEmelje fel \u00fczleti hirdet\u00e9s\u00e9t egy h\u00e1romsz\u00f6g alak\u00fa felugr\u00f3 bannerrel. Az \u00e1tfog\u00f3 telep\u00edt\u00e9si k\u00e9zik\u00f6nyv minden sz\u00fcks\u00e9ges eszk\u00f6zt tartalmaz a szalaghirdet\u00e9s egyszer\u0171 be\u00e1ll\u00edt\u00e1s\u00e1hoz \u00e9s elt\u00e1vol\u00edt\u00e1s\u00e1hoz. Fektessen be egy pop-up bannerbe m\u00e9g ma, \u00e9s nyilatkozzon mer\u00e9szen a k\u00f6vetkez\u0151 rendezv\u00e9ny\u00e9n vagy konferenci\u00e1j\u00e1n.<\/p>\n<div style=\"width: 1280px;\" class=\"wp-video\"><!--[if lt IE 9]><script>document.createElement('video');<\/script><![endif]--><br \/>\n<video class=\"wp-video-shortcode\" id=\"video-1016-1\" width=\"1280\" height=\"720\" loop autoplay preload=\"metadata\" controls=\"controls\"><source type=\"video\/mp4\" src=\"http:\/\/cmykprinted.com\/wp-content\/uploads\/2022\/12\/Triangle-Pop-Up-Banners.mp4?_=1\" \/><a href=\"http:\/\/cmykprinted.com\/wp-content\/uploads\/2022\/12\/Triangle-Pop-Up-Banners.mp4\">http:\/\/cmykprinted.com\/wp-content\/uploads\/2022\/12\/Triangle-Pop-Up-Banners.mp4<\/a><\/video><\/div>","protected":false},"featured_media":1017,"template":"","meta":{"_kad_post_transparent":"default","_kad_post_title":"hide","_kad_post_layout":"fullwidth","_kad_post_sidebar_id":"","_kad_post_content_style":"unboxed","_kad_post_vertical_padding":"hide","_kad_post_feature":"hide","_kad_post_feature_position":"","_kad_post_header":false,"_kad_post_footer":false},"product_cat":[92,95],"product_tag":[292,293,166,291],"class_list":{"0":"post-1016","1":"product","2":"type-product","3":"status-publish","4":"has-post-thumbnail","6":"product_cat-pop-up-banners","7":"product_cat-triangle-pop-up-banners","8":"product_tag-a-frame-stand-display","9":"product_tag-personalized-pop-up-banners","10":"product_tag-pop-up-banners","11":"product_tag-triangle-pop-up-banners","13":"first","14":"instock","15":"shipping-taxable","16":"product-type-simple","17":"entry","18":"content-bg","19":"loop-entry"},"_links":{"self":[{"href":"https:\/\/cmykprinted.com\/hu\/wp-json\/wp\/v2\/product\/1016","targetHints":{"allow":["GET"]}}],"collection":[{"href":"https:\/\/cmykprinted.com\/hu\/wp-json\/wp\/v2\/product"}],"about":[{"href":"https:\/\/cmykprinted.com\/hu\/wp-json\/wp\/v2\/types\/product"}],"version-history":[{"count":2,"href":"https:\/\/cmykprinted.com\/hu\/wp-json\/wp\/v2\/product\/1016\/revisions"}],"predecessor-version":[{"id":1024,"href":"https:\/\/cmykprinted.com\/hu\/wp-json\/wp\/v2\/product\/1016\/revisions\/1024"}],"wp:featuredmedia":[{"embeddable":true,"href":"https:\/\/cmykprinted.com\/hu\/wp-json\/wp\/v2\/media\/1017"}],"wp:attachment":[{"href":"https:\/\/cmykprinted.com\/hu\/wp-json\/wp\/v2\/media?parent=1016"}],"wp:term":[{"taxonomy":"product_cat","embeddable":true,"href":"https:\/\/cmykprinted.com\/hu\/wp-json\/wp\/v2\/product_cat?post=1016"},{"taxonomy":"product_tag","embeddable":true,"href":"https:\/\/cmykprinted.com\/hu\/wp-json\/wp\/v2\/product_tag?post=1016"}],"curies":[{"name":"wp","href":"https:\/\/api.w.org\/{rel}","templated":true}]}}