{"id":1025,"date":"2023-02-12T15:07:24","date_gmt":"2023-02-12T15:07:24","guid":{"rendered":"https:\/\/cmykprinted.com\/?post_type=product&#038;p=1025"},"modified":"2023-02-12T15:13:19","modified_gmt":"2023-02-12T15:13:19","slug":"exhibition-curved-tension-fabric-pop-up-displays-with-frame","status":"publish","type":"product","link":"https:\/\/cmykprinted.com\/hu\/termek\/exhibition-curved-tension-fabric-pop-up-displays-with-frame\/","title":{"rendered":"Ki\u00e1ll\u00edt\u00e1si \u00edvelt, fesz\u00edtett sz\u00f6vetb\u0151l k\u00e9sz\u00fclt felugr\u00f3 kijelz\u0151k kerettel"},"content":{"rendered":"","protected":false},"excerpt":{"rendered":"<p>Az \u00edvelt sz\u00f6vet \u00e1llv\u00e1ny kiv\u00e1l\u00f3 lehet\u0151s\u00e9g a l\u00e1tv\u00e1nyosan felt\u0171n\u0151 kijelz\u0151 l\u00e9trehoz\u00e1s\u00e1ra. Egyetlen, nagy felbont\u00e1s\u00fa k\u00e9pet tartalmaz l\u00e1that\u00f3 csatlakoz\u00e1si vonalak n\u00e9lk\u00fcl. Az \u00f6sszeszerel\u00e9s egyszer\u0171 \u2013 egyszer\u0171en r\u00f6gz\u00edtse \u00f6ssze a k\u00f6nny\u0171 alum\u00ednium keretet, \u00e9s fesz\u00edtse r\u00e1 a nyomtatott anyagot. Ha befejezte a haszn\u00e1lat\u00e1t, egyszer\u0171en vegye le, hajtsa \u00f6ssze, \u00e9s t\u00e1rolja a hordt\u00e1sk\u00e1ban a k\u00f6nny\u0171 sz\u00e1ll\u00edt\u00e1s \u00e9rdek\u00e9ben. Ezek a standok sokkal k\u00e9nyelmesebben t\u00e1rolhat\u00f3k \u00e9s sz\u00e1ll\u00edthat\u00f3k a hagyom\u00e1nyos pop-up ki\u00e1ll\u00edt\u00e1si standokhoz k\u00e9pest. Amellett, hogy n\u00e9pszer\u0171 v\u00e1laszt\u00e1s konferenci\u00e1kon \u00e9s rendezv\u00e9nyeken, kiv\u00e1l\u00f3 fot\u00f3z\u00e1si h\u00e1ttereket \u00e9s sz\u00ednpadi h\u00e1ttereket is k\u00e9sz\u00edtenek. A sz\u00f6vet alapkivitelben mindk\u00e9t oldal\u00e1n nyomott, \u00edgy t\u00f6bb helyet biztos\u00edt \u00fczeneteinek. K\u00f6nny\u0171 alternat\u00edv bor\u00edt\u00f3k nyomtat\u00e1sa is a k\u00fcl\u00f6nb\u00f6z\u0151 esem\u00e9nyekhez.<\/p>","protected":false},"featured_media":1026,"template":"","meta":{"_kad_post_transparent":"default","_kad_post_title":"hide","_kad_post_layout":"fullwidth","_kad_post_sidebar_id":"","_kad_post_content_style":"unboxed","_kad_post_vertical_padding":"hide","_kad_post_feature":"hide","_kad_post_feature_position":"","_kad_post_header":false,"_kad_post_footer":false},"product_cat":[97,98],"product_tag":[168,296,295,294,134],"class_list":{"0":"post-1025","1":"product","2":"type-product","3":"status-publish","4":"has-post-thumbnail","6":"product_cat-tension-fabric-displays","7":"product_cat-curved-tension-fabric-pop-up-displays","8":"product_tag-curved-tension-fabric-pop-up-displays","9":"product_tag-fabric-pop-up-curved-displays","10":"product_tag-fabric-pop-up-display","11":"product_tag-fabric-pop-up-displays","12":"product_tag-tension-fabric-displays","14":"first","15":"instock","16":"shipping-taxable","17":"product-type-simple","18":"entry","19":"content-bg","20":"loop-entry"},"_links":{"self":[{"href":"https:\/\/cmykprinted.com\/hu\/wp-json\/wp\/v2\/product\/1025","targetHints":{"allow":["GET"]}}],"collection":[{"href":"https:\/\/cmykprinted.com\/hu\/wp-json\/wp\/v2\/product"}],"about":[{"href":"https:\/\/cmykprinted.com\/hu\/wp-json\/wp\/v2\/types\/product"}],"version-history":[{"count":1,"href":"https:\/\/cmykprinted.com\/hu\/wp-json\/wp\/v2\/product\/1025\/revisions"}],"predecessor-version":[{"id":1032,"href":"https:\/\/cmykprinted.com\/hu\/wp-json\/wp\/v2\/product\/1025\/revisions\/1032"}],"wp:featuredmedia":[{"embeddable":true,"href":"https:\/\/cmykprinted.com\/hu\/wp-json\/wp\/v2\/media\/1026"}],"wp:attachment":[{"href":"https:\/\/cmykprinted.com\/hu\/wp-json\/wp\/v2\/media?parent=1025"}],"wp:term":[{"taxonomy":"product_cat","embeddable":true,"href":"https:\/\/cmykprinted.com\/hu\/wp-json\/wp\/v2\/product_cat?post=1025"},{"taxonomy":"product_tag","embeddable":true,"href":"https:\/\/cmykprinted.com\/hu\/wp-json\/wp\/v2\/product_tag?post=1025"}],"curies":[{"name":"wp","href":"https:\/\/api.w.org\/{rel}","templated":true}]}}