{"id":1034,"date":"2023-02-13T02:28:32","date_gmt":"2023-02-13T02:28:32","guid":{"rendered":"https:\/\/cmykprinted.com\/?post_type=product&#038;p=1034"},"modified":"2023-02-13T02:37:55","modified_gmt":"2023-02-13T02:37:55","slug":"multipurpose-wholesale-3d-custom-metal-transfer-stickers","status":"publish","type":"product","link":"https:\/\/cmykprinted.com\/hu\/termek\/multipurpose-wholesale-3d-custom-metal-transfer-stickers\/","title":{"rendered":"T\u00f6bbc\u00e9l\u00fa nagykereskedelmi 3D egyedi f\u00e9m matric\u00e1k"},"content":{"rendered":"","protected":false},"excerpt":{"rendered":"<p>Az egyedi f\u00e9m transzfer matric\u00e1k innovat\u00edv c\u00edmk\u00e9z\u00e9si megold\u00e1sok, amelyek er\u0151s nikkelf\u00f3li\u00e1t haszn\u00e1lnak a h\u00e1romdimenzi\u00f3s hat\u00e1s l\u00e9trehoz\u00e1s\u00e1ra. Ez az egyedi megk\u00f6zel\u00edt\u00e9s eleg\u00e1ns \u00e9s kifinomult megjelen\u00e9st k\u00f6lcs\u00f6n\u00f6z a matric\u00e1knak, mivel a felesleges anyagot elt\u00e1vol\u00edtj\u00e1k a diz\u00e1jnr\u00f3l, \u00edgy \u201ec\u00edmke n\u00e9lk\u00fcli\u201d megjelen\u00e9st biztos\u00edtanak. Ide\u00e1lisak a cs\u00facskateg\u00f3ri\u00e1s term\u00e9kekhez vagy az online kiskereskedelemhez, ezeket a matric\u00e1kat \u00fagy \u00e1ll\u00edtj\u00e1k el\u0151, hogy speci\u00e1lis nyomtat\u00e1si m\u00f3dszerrel nikkelf\u00f3li\u00e1ra nyomtatj\u00e1k a mint\u00e1t. A felesleges anyag elt\u00e1vol\u00edt\u00e1sa ut\u00e1n a kiemelked\u0151 elemeket ragaszt\u00f3r\u00e9teggel vonj\u00e1k be, \u00edgy alkalmasak k\u00fcl\u00f6nf\u00e9le fel\u00fcletekre, bele\u00e9rtve a m\u0171anyagot, f\u00e9met \u00e9s pap\u00edrt.<br \/>\nA 3D f\u00e9m transzfer matric\u00e1k tart\u00f3ss\u00e1ga az egyik legfontosabb el\u0151nye. Mivel a nikkel robusztus \u00e9s korr\u00f3zi\u00f3\u00e1ll\u00f3 anyag, ezek a matric\u00e1k ellen\u00e1llnak a kop\u00e1snak, mik\u00f6zben min\u0151s\u00e9g\u00fcket id\u0151vel meg\u0151rzik. Ellen\u00e1llnak a fakul\u00e1snak \u00e9s az elsz\u00ednez\u0151d\u00e9snek is, \u00edgy tart\u00f3s c\u00edmk\u00e9z\u00e9si megold\u00e1st jelentenek. Ezen t\u00falmen\u0151en ezeknek a matric\u00e1knak a h\u00e1romdimenzi\u00f3s hat\u00e1sa vonz\u00f3 \u00e9s jellegzetes megjelen\u00e9st k\u00f6lcs\u00f6n\u00f6z a term\u00e9k csomagol\u00e1s\u00e1nak vagy m\u00e1rkajelz\u00e9s\u00e9nek.<\/p>\n<div style=\"width: 1280px;\" class=\"wp-video\"><!--[if lt IE 9]><script>document.createElement('video');<\/script><![endif]--><br \/>\n<video class=\"wp-video-shortcode\" id=\"video-1034-1\" width=\"1280\" height=\"720\" loop autoplay preload=\"metadata\" controls=\"controls\"><source type=\"video\/mp4\" src=\"http:\/\/cmykprinted.com\/wp-content\/uploads\/2022\/12\/Metal-Transfer-Sticker.mp4?_=1\" \/><a href=\"http:\/\/cmykprinted.com\/wp-content\/uploads\/2022\/12\/Metal-Transfer-Sticker.mp4\">http:\/\/cmykprinted.com\/wp-content\/uploads\/2022\/12\/Metal-Transfer-Sticker.mp4<\/a><\/video><\/div>\n<p>&nbsp;<\/p>","protected":false},"featured_media":1035,"template":"","meta":{"_kad_post_transparent":"default","_kad_post_title":"hide","_kad_post_layout":"fullwidth","_kad_post_sidebar_id":"","_kad_post_content_style":"unboxed","_kad_post_vertical_padding":"hide","_kad_post_feature":"hide","_kad_post_feature_position":"","_kad_post_header":false,"_kad_post_footer":false},"product_cat":[101,102],"product_tag":[299,297,298,300],"class_list":{"0":"post-1034","1":"product","2":"type-product","3":"status-publish","4":"has-post-thumbnail","6":"product_cat-transfer-stickers","7":"product_cat-metal-transfer-stickers","8":"product_tag-3d-metal-transfer-stickers","9":"product_tag-custom-metal-transfer-stickers","10":"product_tag-metal-transfer-stickers","11":"product_tag-wholesale-metal-transfer-stickers","13":"first","14":"instock","15":"shipping-taxable","16":"product-type-simple","17":"entry","18":"content-bg","19":"loop-entry"},"_links":{"self":[{"href":"https:\/\/cmykprinted.com\/hu\/wp-json\/wp\/v2\/product\/1034","targetHints":{"allow":["GET"]}}],"collection":[{"href":"https:\/\/cmykprinted.com\/hu\/wp-json\/wp\/v2\/product"}],"about":[{"href":"https:\/\/cmykprinted.com\/hu\/wp-json\/wp\/v2\/types\/product"}],"version-history":[{"count":2,"href":"https:\/\/cmykprinted.com\/hu\/wp-json\/wp\/v2\/product\/1034\/revisions"}],"predecessor-version":[{"id":1042,"href":"https:\/\/cmykprinted.com\/hu\/wp-json\/wp\/v2\/product\/1034\/revisions\/1042"}],"wp:featuredmedia":[{"embeddable":true,"href":"https:\/\/cmykprinted.com\/hu\/wp-json\/wp\/v2\/media\/1035"}],"wp:attachment":[{"href":"https:\/\/cmykprinted.com\/hu\/wp-json\/wp\/v2\/media?parent=1034"}],"wp:term":[{"taxonomy":"product_cat","embeddable":true,"href":"https:\/\/cmykprinted.com\/hu\/wp-json\/wp\/v2\/product_cat?post=1034"},{"taxonomy":"product_tag","embeddable":true,"href":"https:\/\/cmykprinted.com\/hu\/wp-json\/wp\/v2\/product_tag?post=1034"}],"curies":[{"name":"wp","href":"https:\/\/api.w.org\/{rel}","templated":true}]}}