{"id":1043,"date":"2023-02-13T04:54:51","date_gmt":"2023-02-13T04:54:51","guid":{"rendered":"https:\/\/cmykprinted.com\/?post_type=product&#038;p=1043"},"modified":"2023-02-13T05:02:42","modified_gmt":"2023-02-13T05:02:42","slug":"personalized-teardrop-banner-flags-with-full-color-printing","status":"publish","type":"product","link":"https:\/\/cmykprinted.com\/hu\/termek\/personalized-teardrop-banner-flags-with-full-color-printing\/","title":{"rendered":"Szem\u00e9lyre szabott k\u00f6nnycsepp alak\u00fa banner z\u00e1szl\u00f3k teljes sz\u00ednes nyomtat\u00e1ssal"},"content":{"rendered":"","protected":false},"excerpt":{"rendered":"<p>A k\u00f6nnycsepp banner z\u00e1szl\u00f3k, amelyeket \u00e1ltal\u00e1ban k\u00f6nnycsepp szalaghirdet\u00e9snek vagy tollz\u00e1szl\u00f3nak neveznek, nagy, k\u00f6nny alak\u00fa z\u00e1szl\u00f3k, amelyeket hirdet\u00e9si \u00e9s marketing c\u00e9lokra haszn\u00e1lnak. Egyedi mint\u00e1kat tartalmaznak, amelyeket fest\u00e9kszublim\u00e1ci\u00f3s elj\u00e1r\u00e1ssal k\u00e9sz\u00edtettek, amely f\u00e9nyes, kiv\u00e1l\u00f3 min\u0151s\u00e9g\u0171 grafik\u00e1t eredm\u00e9nyez. A z\u00e1szl\u00f3k rugalmas, k\u00f6nny\u0171, alum\u00edniumb\u00f3l \u00e9s \u00fcvegsz\u00e1las r\u00fadra vannak r\u00f6gz\u00edtve, amely szeles id\u0151ben is feszesen tartja a z\u00e1szl\u00f3t. A rudat a felhaszn\u00e1l\u00f3 ig\u00e9nyei \u00e9s preferenci\u00e1i alapj\u00e1n a f\u00f6ldbe vagy \u00e1llv\u00e1nyra helyezhetj\u00fck.<br \/>\nA k\u00f6nnycsepp z\u00e1szl\u00f3 elhelyez\u00e9se a v\u00e1llalkoz\u00e1s el\u0151tt hat\u00e9kony m\u00f3dja lehet a potenci\u00e1lis \u00fcgyfelek \u00e9s a j\u00e1r\u00f3kel\u0151k figyelm\u00e9nek felkelt\u00e9s\u00e9nek. Ezek a z\u00e1szl\u00f3k szemet gy\u00f6ny\u00f6rk\u00f6dtet\u0151ek, \u00e9s hat\u00e9konyan rekl\u00e1mozhatj\u00e1k v\u00e1llalkoz\u00e1s\u00e1t \u00e9s k\u00edn\u00e1lat\u00e1t. Sokoldal\u00faak, \u00e9s sz\u00e1mos helyen haszn\u00e1lhat\u00f3k, p\u00e9ld\u00e1ul ki\u00e1ll\u00edt\u00e1sokon, szabadt\u00e9ri rendezv\u00e9nyeken \u00e9s kirakatokon. Ha olyan egyedi diz\u00e1jnt v\u00e1laszt, amely pontosan reprezent\u00e1lja v\u00e1llalkoz\u00e1sa m\u00e1rka\u00e9p\u00edt\u00e9s\u00e9t \u00e9s \u00fczenetk\u00fcld\u00e9s\u00e9t, akkor hat\u00e9konyan k\u00f6zvet\u00edtheti \u00fczenet\u00e9t, \u00e9s tart\u00f3s benyom\u00e1st kelthet a c\u00e9lk\u00f6z\u00f6ns\u00e9gben.<\/p>\n<div style=\"width: 1280px;\" class=\"wp-video\"><!--[if lt IE 9]><script>document.createElement('video');<\/script><![endif]--><br \/>\n<video class=\"wp-video-shortcode\" id=\"video-1043-1\" width=\"1280\" height=\"720\" loop autoplay preload=\"metadata\" controls=\"controls\"><source type=\"video\/mp4\" src=\"http:\/\/cmykprinted.com\/wp-content\/uploads\/2022\/12\/Beach-Teardrop-Flags-Banner.mp4?_=1\" \/><a href=\"http:\/\/cmykprinted.com\/wp-content\/uploads\/2022\/12\/Beach-Teardrop-Flags-Banner.mp4\">http:\/\/cmykprinted.com\/wp-content\/uploads\/2022\/12\/Beach-Teardrop-Flags-Banner.mp4<\/a><\/video><\/div>","protected":false},"featured_media":1044,"template":"","meta":{"_kad_post_transparent":"default","_kad_post_title":"hide","_kad_post_layout":"fullwidth","_kad_post_sidebar_id":"","_kad_post_content_style":"unboxed","_kad_post_vertical_padding":"hide","_kad_post_feature":"hide","_kad_post_feature_position":"","_kad_post_header":false,"_kad_post_footer":false},"product_cat":[64,67],"product_tag":[255,301,302,303,178],"class_list":{"0":"post-1043","1":"product","2":"type-product","3":"status-publish","4":"has-post-thumbnail","6":"product_cat-beach-flags","7":"product_cat-teardrop-flags-banners","8":"product_tag-personalized-teardrop-flags","9":"product_tag-teardrop-banner-flags","10":"product_tag-teardrop-banners","11":"product_tag-teardrop-flag-banners","12":"product_tag-teardrop-flags","14":"first","15":"instock","16":"shipping-taxable","17":"product-type-simple","18":"entry","19":"content-bg","20":"loop-entry"},"_links":{"self":[{"href":"https:\/\/cmykprinted.com\/hu\/wp-json\/wp\/v2\/product\/1043","targetHints":{"allow":["GET"]}}],"collection":[{"href":"https:\/\/cmykprinted.com\/hu\/wp-json\/wp\/v2\/product"}],"about":[{"href":"https:\/\/cmykprinted.com\/hu\/wp-json\/wp\/v2\/types\/product"}],"version-history":[{"count":2,"href":"https:\/\/cmykprinted.com\/hu\/wp-json\/wp\/v2\/product\/1043\/revisions"}],"predecessor-version":[{"id":1051,"href":"https:\/\/cmykprinted.com\/hu\/wp-json\/wp\/v2\/product\/1043\/revisions\/1051"}],"wp:featuredmedia":[{"embeddable":true,"href":"https:\/\/cmykprinted.com\/hu\/wp-json\/wp\/v2\/media\/1044"}],"wp:attachment":[{"href":"https:\/\/cmykprinted.com\/hu\/wp-json\/wp\/v2\/media?parent=1043"}],"wp:term":[{"taxonomy":"product_cat","embeddable":true,"href":"https:\/\/cmykprinted.com\/hu\/wp-json\/wp\/v2\/product_cat?post=1043"},{"taxonomy":"product_tag","embeddable":true,"href":"https:\/\/cmykprinted.com\/hu\/wp-json\/wp\/v2\/product_tag?post=1043"}],"curies":[{"name":"wp","href":"https:\/\/api.w.org\/{rel}","templated":true}]}}