{"id":1052,"date":"2023-02-13T07:20:10","date_gmt":"2023-02-13T07:20:10","guid":{"rendered":"https:\/\/cmykprinted.com\/?post_type=product&#038;p=1052"},"modified":"2023-02-13T07:26:04","modified_gmt":"2023-02-13T07:26:04","slug":"50mm-hexagonal-aluminum-10x20ft-pop-up-canopies-tents","status":"publish","type":"product","link":"https:\/\/cmykprinted.com\/hu\/termek\/50mm-hexagonal-aluminum-10x20ft-pop-up-canopies-tents\/","title":{"rendered":"50 mm-es hatsz\u00f6glet\u0171 alum\u00ednium 10x20 l\u00e1bas felhajthat\u00f3 s\u00e1trak"},"content":{"rendered":"","protected":false},"excerpt":{"rendered":"<p>A 10 x 20 l\u00e1b el\u0151ugr\u00f3, alum\u00ednium kerettel ell\u00e1tott lombkorona t\u00f6k\u00e9letes v\u00e1laszt\u00e1s arra, hogy megnyilv\u00e1nuljon egy piaci standon vagy egy ki\u00e1ll\u00edt\u00e1son. A keretet \u00fagy tervezt\u00e9k, hogy hatsz\u00f6glet\u0171, 50x50 mm m\u00e9ret\u0171 \u00e9s 1,8 mm vastags\u00e1g\u00fa alum\u00ednium k\u00fcls\u0151 l\u00e1b\u00e1val leny\u0171g\u00f6z\u0151 legyen. \u00d6t magass\u00e1gi poz\u00edci\u00f3j\u00e1val 7,5 cm-es intervallumokban stabilit\u00e1st biztos\u00edt a hossz\u00fa t\u00e1v\u00fa haszn\u00e1lathoz.<br \/>\nA lombkorona fel\u00e1ll\u00edt\u00e1sa \u00e9s lebont\u00e1sa egyszer\u0171, k\u00f6sz\u00f6nhet\u0151en az \u00f6sszecsukhat\u00f3 alum\u00ednium keretnek \u00e9s a laza alkatr\u00e9szek hi\u00e1ny\u00e1nak. A nyom\u00f3gombos l\u00e1bbe\u00e1ll\u00edt\u00e1sok \u00e9s a t\u00falm\u00e9retezett h\u00faz\u00f3csapok a fels\u0151 sarkokban gyerekj\u00e1t\u00e9koss\u00e1 teszik a be\u00e1ll\u00edt\u00e1st, szersz\u00e1mok n\u00e9lk\u00fcl. A csomag tartalmazza a kereskedelmi forgalomban kaphat\u00f3 pop-up lombkorona alum\u00ednium keretet, \u00e9s egy vagy k\u00e9t ember \u00e1ltal k\u00f6nnyen \u00f6sszeszerelhet\u0151, percek alatt, szersz\u00e1mok n\u00e9lk\u00fcl.<br \/>\nErre a tet\u0151re 1 \u00e9v garanci\u00e1t \u00e9s \u00e9lettartamra sz\u00f3l\u00f3 tartoz\u00e9kokat \u00e9s alkatr\u00e9szeket biztos\u00edtunk. Ha egyedi munk\u00e1ra van sz\u00fcks\u00e9ge, sz\u00edvesen seg\u00edt\u00fcnk. Garant\u00e1ljuk az 100% el\u00e9gedetts\u00e9g\u00e9t, \u00e9s minden felmer\u00fcl\u0151 probl\u00e9m\u00e1t megoldunk.<br \/>\nEz a sokoldal\u00fa lombkorona alkalmas szabadt\u00e9ri rendezv\u00e9nyek sz\u00e9les k\u00f6r\u00e9re, mint p\u00e9ld\u00e1ul bulik, ki\u00e1ll\u00edt\u00e1sok, sportok, piknikek, grillez\u00e9sek stb. Haszn\u00e1lhat\u00f3 kereskedelmi ter\u00fcleteken, strandokon, j\u00e1tsz\u00f3tereken, udvarokon, kertekben, farmokon \u00e9s m\u00e1s k\u00fclt\u00e9ri k\u00f6rnyezetben, valamint belt\u00e9ri k\u00f6rnyezetben, p\u00e9ld\u00e1ul nagy tornatermekben. Cs\u00facsmin\u0151s\u00e9g\u00e9nek k\u00f6sz\u00f6nhet\u0151en biztos lehet benne a hossz\u00fa \u00e9lettartam \u00e9s a tart\u00f3ss\u00e1g. Ha b\u00e1rmilyen min\u0151s\u00e9gi agg\u00e1lya van az els\u0151 \u00e9vben, egyszer\u0171en forduljon hozz\u00e1nk. 100% el\u00e9gedetts\u00e9gi garanci\u00e1nk biztos\u00edtja, hogy minden felmer\u00fcl\u0151 probl\u00e9m\u00e1t megoldunk.<\/p>\n<div style=\"width: 1280px;\" class=\"wp-video\"><!--[if lt IE 9]><script>document.createElement('video');<\/script><![endif]--><br \/>\n<video class=\"wp-video-shortcode\" id=\"video-1052-1\" width=\"1280\" height=\"720\" loop autoplay preload=\"auto\" controls=\"controls\"><source type=\"video\/mp4\" src=\"http:\/\/cmykprinted.com\/wp-content\/uploads\/2022\/12\/10x15ft-Pop-up-Tent.mp4?_=1\" \/><a href=\"http:\/\/cmykprinted.com\/wp-content\/uploads\/2022\/12\/10x15ft-Pop-up-Tent.mp4\">http:\/\/cmykprinted.com\/wp-content\/uploads\/2022\/12\/10x15ft-Pop-up-Tent.mp4<\/a><\/video><\/div>","protected":false},"featured_media":1053,"template":"","meta":{"_kad_post_transparent":"default","_kad_post_title":"hide","_kad_post_layout":"fullwidth","_kad_post_sidebar_id":"","_kad_post_content_style":"unboxed","_kad_post_vertical_padding":"hide","_kad_post_feature":"hide","_kad_post_feature_position":"","_kad_post_header":false,"_kad_post_footer":false},"product_cat":[68,77,74],"product_tag":[279,208,282,306,305,281,304,280],"class_list":{"0":"post-1052","1":"product","2":"type-product","3":"status-publish","4":"has-post-thumbnail","6":"product_cat-custom-canopy-tents","7":"product_cat-10x20ft-pop-up-canopies-50mm-heavy-duty-hexagon-aluminum-tents-custom-canopy-tents","8":"product_cat-50mm-heavy-duty-hexagon-aluminum-tents","9":"product_tag-10x15ft-hexagonal-pop-up-canopy-tent","10":"product_tag-10x20ft-pop-up-canopies","11":"product_tag-50mm-hexagonal-pop-up-canopy","12":"product_tag-50mm-hexagonal-pop-up-canopies","13":"product_tag-aluminum-canopies-pop-up-canopies","14":"product_tag-aluminum-frame-pop-up-canopy-tent","15":"product_tag-hexagonal-aluminum-canopies","16":"product_tag-hexagonal-pop-up-canopy-tent","18":"first","19":"instock","20":"shipping-taxable","21":"product-type-simple","22":"entry","23":"content-bg","24":"loop-entry"},"_links":{"self":[{"href":"https:\/\/cmykprinted.com\/hu\/wp-json\/wp\/v2\/product\/1052","targetHints":{"allow":["GET"]}}],"collection":[{"href":"https:\/\/cmykprinted.com\/hu\/wp-json\/wp\/v2\/product"}],"about":[{"href":"https:\/\/cmykprinted.com\/hu\/wp-json\/wp\/v2\/types\/product"}],"version-history":[{"count":2,"href":"https:\/\/cmykprinted.com\/hu\/wp-json\/wp\/v2\/product\/1052\/revisions"}],"predecessor-version":[{"id":1059,"href":"https:\/\/cmykprinted.com\/hu\/wp-json\/wp\/v2\/product\/1052\/revisions\/1059"}],"wp:featuredmedia":[{"embeddable":true,"href":"https:\/\/cmykprinted.com\/hu\/wp-json\/wp\/v2\/media\/1053"}],"wp:attachment":[{"href":"https:\/\/cmykprinted.com\/hu\/wp-json\/wp\/v2\/media?parent=1052"}],"wp:term":[{"taxonomy":"product_cat","embeddable":true,"href":"https:\/\/cmykprinted.com\/hu\/wp-json\/wp\/v2\/product_cat?post=1052"},{"taxonomy":"product_tag","embeddable":true,"href":"https:\/\/cmykprinted.com\/hu\/wp-json\/wp\/v2\/product_tag?post=1052"}],"curies":[{"name":"wp","href":"https:\/\/api.w.org\/{rel}","templated":true}]}}