{"id":1078,"date":"2023-02-13T14:09:55","date_gmt":"2023-02-13T14:09:55","guid":{"rendered":"https:\/\/cmykprinted.com\/?post_type=product&#038;p=1078"},"modified":"2023-02-13T14:16:32","modified_gmt":"2023-02-13T14:16:32","slug":"personalized-triangle-pop-out-banner-custom-pop-up-signs","status":"publish","type":"product","link":"https:\/\/cmykprinted.com\/hu\/termek\/personalized-triangle-pop-out-banner-custom-pop-up-signs\/","title":{"rendered":"Szem\u00e9lyre szabott h\u00e1romsz\u00f6g kiugr\u00f3 szalaghirdet\u00e9s Egyedi felugr\u00f3 t\u00e1bl\u00e1k"},"content":{"rendered":"","protected":false},"excerpt":{"rendered":"<p>A h\u00e1romsz\u00f6g alak\u00fa kiugr\u00f3 szalaghirdet\u00e9sek eleg\u00e1ns \u00e9s hat\u00e9kony m\u00f3dot k\u00edn\u00e1lnak m\u00e1rka vagy v\u00e1llalkoz\u00e1s n\u00e9pszer\u0171s\u00edt\u00e9s\u00e9re. K\u00f6nny\u0171 \u00e9s tart\u00f3s \u0151szibarack b\u0151rsz\u00f6vetb\u0151l k\u00e9sz\u00fclt, k\u00f6nnyen \u00f6sszeszerelhet\u0151 kialak\u00edt\u00e1suk t\u00f6k\u00e9letess\u00e9 teszi \u0151ket kereskedelmi bemutat\u00f3kra, rendezv\u00e9nyekre \u00e9s konferenci\u00e1kra. A mell\u00e9kelt hordt\u00e1sk\u00e1val a t\u00e1rol\u00e1shoz \u00e9s sz\u00e1ll\u00edt\u00e1shoz ezek a transzparensek nemcsak k\u00e9nyelmesen haszn\u00e1lhat\u00f3k, hanem garant\u00e1ltan felkeltik a c\u00e9lk\u00f6z\u00f6ns\u00e9g figyelm\u00e9t is. Ak\u00e1r \u00faj term\u00e9ket, ak\u00e1r akci\u00f3t, ak\u00e1r k\u00f6zelg\u0151 esem\u00e9nyt jelent be, ezek a transzparensek maradand\u00f3 hat\u00e1st keltenek belt\u00e9ren \u00e9s k\u00fclt\u00e9ren egyar\u00e1nt, a rug\u00f3s f\u00e9mac\u00e9l \u00e9s csapok seg\u00edts\u00e9g\u00e9vel.<br \/>\nEmelje hirdet\u00e9s\u00e9t a k\u00f6vetkez\u0151 szintre egy h\u00e1romsz\u00f6g alak\u00fa kiugr\u00f3 szalaghirdet\u00e9ssel. Az egyszer\u0171 telep\u00edt\u00e9si k\u00e9zik\u00f6nyv minden olyan eszk\u00f6zt tartalmaz, amelyre sz\u00fcks\u00e9ge van a szalaghirdet\u00e9s egyszer\u0171 be\u00e1ll\u00edt\u00e1s\u00e1hoz \u00e9s elt\u00e1vol\u00edt\u00e1s\u00e1hoz. Tegyen nyilatkozatot a k\u00f6vetkez\u0151 rendezv\u00e9ny\u00e9n vagy konferenci\u00e1j\u00e1n, \u00e9s fektessen be egy kiugr\u00f3 bannerbe m\u00e9g ma.<\/p>\n<div style=\"width: 1280px;\" class=\"wp-video\"><!--[if lt IE 9]><script>document.createElement('video');<\/script><![endif]--><br \/>\n<video class=\"wp-video-shortcode\" id=\"video-1078-1\" width=\"1280\" height=\"720\" loop autoplay preload=\"metadata\" controls=\"controls\"><source type=\"video\/mp4\" src=\"http:\/\/cmykprinted.com\/wp-content\/uploads\/2022\/12\/Triangle-Pop-Up-Banners.mp4?_=1\" \/><a href=\"http:\/\/cmykprinted.com\/wp-content\/uploads\/2022\/12\/Triangle-Pop-Up-Banners.mp4\">http:\/\/cmykprinted.com\/wp-content\/uploads\/2022\/12\/Triangle-Pop-Up-Banners.mp4<\/a><\/video><\/div>","protected":false},"featured_media":1079,"template":"","meta":{"_kad_post_transparent":"default","_kad_post_title":"hide","_kad_post_layout":"fullwidth","_kad_post_sidebar_id":"","_kad_post_content_style":"unboxed","_kad_post_vertical_padding":"hide","_kad_post_feature":"hide","_kad_post_feature_position":"","_kad_post_header":false,"_kad_post_footer":false},"product_cat":[92,95],"product_tag":[314,315,313,316],"class_list":{"0":"post-1078","1":"product","2":"type-product","3":"status-publish","4":"has-post-thumbnail","6":"product_cat-pop-up-banners","7":"product_cat-triangle-pop-up-banners","8":"product_tag-custom-pop-up-signs","9":"product_tag-personalized-pop-up-signs","10":"product_tag-triangle-pop-out-banner","11":"product_tag-triangle-pop-up-signs","13":"first","14":"instock","15":"shipping-taxable","16":"product-type-simple","17":"entry","18":"content-bg","19":"loop-entry"},"_links":{"self":[{"href":"https:\/\/cmykprinted.com\/hu\/wp-json\/wp\/v2\/product\/1078","targetHints":{"allow":["GET"]}}],"collection":[{"href":"https:\/\/cmykprinted.com\/hu\/wp-json\/wp\/v2\/product"}],"about":[{"href":"https:\/\/cmykprinted.com\/hu\/wp-json\/wp\/v2\/types\/product"}],"version-history":[{"count":2,"href":"https:\/\/cmykprinted.com\/hu\/wp-json\/wp\/v2\/product\/1078\/revisions"}],"predecessor-version":[{"id":1086,"href":"https:\/\/cmykprinted.com\/hu\/wp-json\/wp\/v2\/product\/1078\/revisions\/1086"}],"wp:featuredmedia":[{"embeddable":true,"href":"https:\/\/cmykprinted.com\/hu\/wp-json\/wp\/v2\/media\/1079"}],"wp:attachment":[{"href":"https:\/\/cmykprinted.com\/hu\/wp-json\/wp\/v2\/media?parent=1078"}],"wp:term":[{"taxonomy":"product_cat","embeddable":true,"href":"https:\/\/cmykprinted.com\/hu\/wp-json\/wp\/v2\/product_cat?post=1078"},{"taxonomy":"product_tag","embeddable":true,"href":"https:\/\/cmykprinted.com\/hu\/wp-json\/wp\/v2\/product_tag?post=1078"}],"curies":[{"name":"wp","href":"https:\/\/api.w.org\/{rel}","templated":true}]}}