{"id":1087,"date":"2023-02-13T14:33:36","date_gmt":"2023-02-13T14:33:36","guid":{"rendered":"https:\/\/cmykprinted.com\/?post_type=product&#038;p=1087"},"modified":"2023-02-13T14:45:30","modified_gmt":"2023-02-13T14:45:30","slug":"tension-fabric-displays-backdrops-for-trade-shows-and-events","status":"publish","type":"product","link":"https:\/\/cmykprinted.com\/hu\/termek\/tension-fabric-displays-backdrops-for-trade-shows-and-events\/","title":{"rendered":"A fesz\u00edtett sz\u00f6vet h\u00e1ttereket jelen\u00edt meg ki\u00e1ll\u00edt\u00e1sokhoz \u00e9s rendezv\u00e9nyekhez"},"content":{"rendered":"","protected":false},"excerpt":{"rendered":"<p>A fesz\u00edtett sz\u00f6vetb\u0151l k\u00e9sz\u00fclt kijelz\u0151k n\u00e9pszer\u0171ek a ki\u00e1ll\u00edt\u00e1si standokon \u00e9s a k\u00fcl\u00f6nleges rendezv\u00e9nyek ki\u00e1ll\u00edt\u00e1s\u00e1n, mivel k\u00f6nny\u0171ek, k\u00f6nnyen fel\u00e1ll\u00edthat\u00f3k, \u00e9s letisztult \u00e9s modern megjelen\u00e9st biztos\u00edtanak m\u00e1rk\u00e1j\u00e1nak. Ezek a kijelz\u0151k illeszked\u0151 sz\u00f6vetbor\u00edt\u00f3t haszn\u00e1lnak, amelyre az \u00d6n m\u0171alkot\u00e1sait nyomtatj\u00e1k, \u00e9s egy k\u00f6nny\u0171 keretre fesz\u00edtik, hogy k\u00fcl\u00f6nf\u00e9le konfigur\u00e1ci\u00f3kat hozzanak l\u00e9tre. A fesz\u00edtett sz\u00f6vet kijelz\u0151k n\u00e9h\u00e1ny gyakori t\u00edpusa a transzparens \u00e1llv\u00e1nyok, a felugr\u00f3 kijelz\u0151k \u00e9s a f\u00fcgg\u0151 bannerek. Ezek a rendszerek a testreszab\u00e1si lehet\u0151s\u00e9gek sz\u00e9les sk\u00e1l\u00e1j\u00e1t k\u00edn\u00e1lj\u00e1k, hogy megfeleljenek az \u00d6n egyedi marketing ig\u00e9nyeinek, \u00e9s k\u00f6nnyen sz\u00e9tszedhet\u0151k \u00e9s k\u00fcl\u00f6nf\u00e9le esem\u00e9nyekre sz\u00e1ll\u00edthat\u00f3k. A fesz\u00edtett sz\u00f6vet kijelz\u0151k hat\u00e9kony m\u00f3dja annak, hogy professzion\u00e1lis \u00e9s tetszet\u0151s m\u00f3don mutassa be m\u00e1rk\u00e1j\u00e1t \u00e9s \u00fczenet\u00e9t.<\/p>\n<div style=\"width: 1290px;\" class=\"wp-video\"><!--[if lt IE 9]><script>document.createElement('video');<\/script><![endif]--><br \/>\n<video class=\"wp-video-shortcode\" id=\"video-1087-1\" width=\"1290\" height=\"726\" loop autoplay preload=\"auto\" controls=\"controls\"><source type=\"video\/mp4\" src=\"http:\/\/cmykprinted.com\/wp-content\/uploads\/2022\/12\/Tension-Fabric-Displays.mp4?_=1\" \/><a href=\"http:\/\/cmykprinted.com\/wp-content\/uploads\/2022\/12\/Tension-Fabric-Displays.mp4\">http:\/\/cmykprinted.com\/wp-content\/uploads\/2022\/12\/Tension-Fabric-Displays.mp4<\/a><\/video><\/div>\n<p>&nbsp;<\/p>","protected":false},"featured_media":1088,"template":"","meta":{"_kad_post_transparent":"default","_kad_post_title":"hide","_kad_post_layout":"fullwidth","_kad_post_sidebar_id":"","_kad_post_content_style":"unboxed","_kad_post_vertical_padding":"hide","_kad_post_feature":"hide","_kad_post_feature_position":"","_kad_post_header":false,"_kad_post_footer":false},"product_cat":[97,99],"product_tag":[320,317,134,318,319],"class_list":{"0":"post-1087","1":"product","2":"type-product","3":"status-publish","4":"has-post-thumbnail","6":"product_cat-tension-fabric-displays","7":"product_cat-custom-fabric-displays","8":"product_tag-events-fabric-displays","9":"product_tag-tension-fabric-backdrops","10":"product_tag-tension-fabric-displays","11":"product_tag-trade-shows-fabric-backdrops","12":"product_tag-trade-shows-fabric-displays","14":"first","15":"instock","16":"shipping-taxable","17":"product-type-simple","18":"entry","19":"content-bg","20":"loop-entry"},"_links":{"self":[{"href":"https:\/\/cmykprinted.com\/hu\/wp-json\/wp\/v2\/product\/1087","targetHints":{"allow":["GET"]}}],"collection":[{"href":"https:\/\/cmykprinted.com\/hu\/wp-json\/wp\/v2\/product"}],"about":[{"href":"https:\/\/cmykprinted.com\/hu\/wp-json\/wp\/v2\/types\/product"}],"version-history":[{"count":1,"href":"https:\/\/cmykprinted.com\/hu\/wp-json\/wp\/v2\/product\/1087\/revisions"}],"predecessor-version":[{"id":1094,"href":"https:\/\/cmykprinted.com\/hu\/wp-json\/wp\/v2\/product\/1087\/revisions\/1094"}],"wp:featuredmedia":[{"embeddable":true,"href":"https:\/\/cmykprinted.com\/hu\/wp-json\/wp\/v2\/media\/1088"}],"wp:attachment":[{"href":"https:\/\/cmykprinted.com\/hu\/wp-json\/wp\/v2\/media?parent=1087"}],"wp:term":[{"taxonomy":"product_cat","embeddable":true,"href":"https:\/\/cmykprinted.com\/hu\/wp-json\/wp\/v2\/product_cat?post=1087"},{"taxonomy":"product_tag","embeddable":true,"href":"https:\/\/cmykprinted.com\/hu\/wp-json\/wp\/v2\/product_tag?post=1087"}],"curies":[{"name":"wp","href":"https:\/\/api.w.org\/{rel}","templated":true}]}}