{"id":1095,"date":"2023-02-13T15:30:16","date_gmt":"2023-02-13T15:30:16","guid":{"rendered":"https:\/\/cmykprinted.com\/?post_type=product&#038;p=1095"},"modified":"2023-02-13T15:34:49","modified_gmt":"2023-02-13T15:34:49","slug":"waterproof-custom-uv-3d-metal-transfer-stickers-labels","status":"publish","type":"product","link":"https:\/\/cmykprinted.com\/hu\/termek\/waterproof-custom-uv-3d-metal-transfer-stickers-labels\/","title":{"rendered":"V\u00edz\u00e1ll\u00f3 egyedi UV 3D f\u00e9m transzfer matric\u00e1k"},"content":{"rendered":"","protected":false},"excerpt":{"rendered":"<p>A 3D f\u00e9m transzfer matric\u00e1k egyed\u00fcl\u00e1ll\u00f3 \u00e9s st\u00edlusos c\u00edmk\u00e9z\u00e9si megold\u00e1st k\u00edn\u00e1lnak, er\u0151s nikkel f\u00f3li\u00e1t haszn\u00e1lva a 3D hat\u00e1s l\u00e9trehoz\u00e1s\u00e1hoz. A felesleges anyagot lev\u00e1gt\u00e1k a diz\u00e1jnb\u00f3l, ami egy eleg\u00e1ns \u00e9s kifinomult megjelen\u00e9st eredm\u00e9nyez, \u201eno label\u201d megjelen\u00e9ssel. A pr\u00e9mium term\u00e9kekhez vagy az e-kereskedelemhez t\u00f6k\u00e9letes matric\u00e1kat \u00fagy \u00e1ll\u00edtanak el\u0151, hogy speci\u00e1lis nyomtat\u00e1si elj\u00e1r\u00e1ssal nikkelf\u00f3li\u00e1ra nyomtatj\u00e1k a mint\u00e1t. A f\u00f6l\u00f6sleges anyag elt\u00e1vol\u00edt\u00e1sa ut\u00e1n a kiemelked\u0151 elemeket ragaszt\u00f3r\u00e9teggel vonj\u00e1k be, \u00edgy alkalmasak k\u00fcl\u00f6nf\u00e9le fel\u00fcletekre, mint pl. m\u0171anyag, f\u00e9m, pap\u00edr.<br \/>\nA 3D f\u00e9m transzfer matric\u00e1k egyik legfontosabb el\u0151nye a tart\u00f3ss\u00e1g. Korr\u00f3zi\u00f3\u00e1ll\u00f3 nikkelb\u0151l k\u00e9sz\u00fcltek, ellen\u00e1llnak a kop\u00e1snak, mik\u00f6zben min\u0151s\u00e9g\u00fcket id\u0151vel meg\u0151rzik. Ezenk\u00edv\u00fcl ellen\u00e1llnak a fakul\u00e1snak \u00e9s az elsz\u00ednez\u0151d\u00e9snek, \u00edgy tart\u00f3s c\u00edmk\u00e9z\u00e9si megold\u00e1st biztos\u00edtanak. Ezeknek a matric\u00e1knak a 3D hat\u00e1sa vonz\u00f3 \u00e9s jellegzetes megjelen\u00e9st k\u00f6lcs\u00f6n\u00f6z a term\u00e9k csomagol\u00e1s\u00e1nak vagy m\u00e1rkajelz\u00e9s\u00e9nek.<\/p>\n<div style=\"width: 1280px;\" class=\"wp-video\"><!--[if lt IE 9]><script>document.createElement('video');<\/script><![endif]--><br \/>\n<video class=\"wp-video-shortcode\" id=\"video-1095-1\" width=\"1280\" height=\"720\" loop autoplay preload=\"metadata\" controls=\"controls\"><source type=\"video\/mp4\" src=\"http:\/\/cmykprinted.com\/wp-content\/uploads\/2022\/12\/Metal-Transfer-Sticker.mp4?_=1\" \/><a href=\"http:\/\/cmykprinted.com\/wp-content\/uploads\/2022\/12\/Metal-Transfer-Sticker.mp4\">http:\/\/cmykprinted.com\/wp-content\/uploads\/2022\/12\/Metal-Transfer-Sticker.mp4<\/a><\/video><\/div>\n<p>&nbsp;<\/p>","protected":false},"featured_media":1096,"template":"","meta":{"_kad_post_transparent":"default","_kad_post_title":"hide","_kad_post_layout":"fullwidth","_kad_post_sidebar_id":"","_kad_post_content_style":"unboxed","_kad_post_vertical_padding":"hide","_kad_post_feature":"hide","_kad_post_feature_position":"","_kad_post_header":false,"_kad_post_footer":false},"product_cat":[101,102],"product_tag":[299],"class_list":{"0":"post-1095","1":"product","2":"type-product","3":"status-publish","4":"has-post-thumbnail","6":"product_cat-transfer-stickers","7":"product_cat-metal-transfer-stickers","8":"product_tag-3d-metal-transfer-stickers","10":"first","11":"instock","12":"shipping-taxable","13":"product-type-simple","14":"entry","15":"content-bg","16":"loop-entry"},"_links":{"self":[{"href":"https:\/\/cmykprinted.com\/hu\/wp-json\/wp\/v2\/product\/1095","targetHints":{"allow":["GET"]}}],"collection":[{"href":"https:\/\/cmykprinted.com\/hu\/wp-json\/wp\/v2\/product"}],"about":[{"href":"https:\/\/cmykprinted.com\/hu\/wp-json\/wp\/v2\/types\/product"}],"version-history":[{"count":2,"href":"https:\/\/cmykprinted.com\/hu\/wp-json\/wp\/v2\/product\/1095\/revisions"}],"predecessor-version":[{"id":1103,"href":"https:\/\/cmykprinted.com\/hu\/wp-json\/wp\/v2\/product\/1095\/revisions\/1103"}],"wp:featuredmedia":[{"embeddable":true,"href":"https:\/\/cmykprinted.com\/hu\/wp-json\/wp\/v2\/media\/1096"}],"wp:attachment":[{"href":"https:\/\/cmykprinted.com\/hu\/wp-json\/wp\/v2\/media?parent=1095"}],"wp:term":[{"taxonomy":"product_cat","embeddable":true,"href":"https:\/\/cmykprinted.com\/hu\/wp-json\/wp\/v2\/product_cat?post=1095"},{"taxonomy":"product_tag","embeddable":true,"href":"https:\/\/cmykprinted.com\/hu\/wp-json\/wp\/v2\/product_tag?post=1095"}],"curies":[{"name":"wp","href":"https:\/\/api.w.org\/{rel}","templated":true}]}}