{"id":1104,"date":"2023-02-13T15:48:44","date_gmt":"2023-02-13T15:48:44","guid":{"rendered":"https:\/\/cmykprinted.com\/?post_type=product&#038;p=1104"},"modified":"2023-02-13T15:54:13","modified_gmt":"2023-02-13T15:54:13","slug":"low-price-custom-feather-flags-for-indoor-and-outdoor-use","status":"publish","type":"product","link":"https:\/\/cmykprinted.com\/hu\/termek\/low-price-custom-feather-flags-for-indoor-and-outdoor-use\/","title":{"rendered":"Alacsony \u00e1r\u00fa egyedi tollas z\u00e1szl\u00f3k belt\u00e9ri \u00e9s k\u00fclt\u00e9ri haszn\u00e1latra"},"content":{"rendered":"","protected":false},"excerpt":{"rendered":"<p>Az egyedi tollz\u00e1szl\u00f3k hat\u00e9kony hirdet\u00e9si eszk\u00f6zt jelentenek olyan v\u00e1llalkoz\u00e1sok \u00e9s szervezetek sz\u00e1m\u00e1ra, amelyek k\u00f6nnyed m\u00f3dot ig\u00e9nyelnek m\u00e1rk\u00e1juk vagy \u00fczenet\u00fck n\u00e9pszer\u0171s\u00edt\u00e9s\u00e9re. Ezek a z\u00e1szl\u00f3k k\u00f6nnyen fel\u00e1ll\u00edthat\u00f3k \u00e9s b\u00e1rhol elhelyezhet\u0151k, \u00edgy praktikus megold\u00e1st jelentenek. A tollz\u00e1szl\u00f3 \u00e1rboc tart\u00f3s anyagokb\u00f3l, p\u00e9ld\u00e1ul alum\u00edniumb\u00f3l \u00e9s \u00fcvegsz\u00e1lb\u00f3l k\u00e9sz\u00fclt, \u00edgy szeles k\u00f6r\u00fclm\u00e9nyek k\u00f6z\u00f6tt \u00e9s kedvez\u0151tlen id\u0151j\u00e1r\u00e1si k\u00f6r\u00fclm\u00e9nyek k\u00f6z\u00f6tt is f\u00fcgg\u0151leges helyzetben marad. Maga a z\u00e1szl\u00f3 kiv\u00e1l\u00f3 min\u0151s\u00e9g\u0171, 115 g\/m2-es poli\u00e9szter sz\u00f6vetre van nyomtatva, amely k\u00f6zel 100% f\u00e9nyvisszaver\u0151 k\u00e9pess\u00e9get biztos\u00edt a h\u00e1toldalon, \u00edgy a z\u00e1szl\u00f3 t\u00e1volr\u00f3l is j\u00f3l l\u00e1that\u00f3 \u00e9s olvashat\u00f3.<br \/>\nTart\u00f3ss\u00e1guk \u00e9s l\u00e1that\u00f3s\u00e1guk mellett az egyedi tollz\u00e1szl\u00f3k sz\u00e1ll\u00edt\u00e1sa is k\u00e9nyelmes, \u00e9s minim\u00e1lis helyet foglalnak el. K\u00f6nnyed\u00e9n mozgathat\u00f3k egyik helyr\u0151l a m\u00e1sikra, \u00e9s k\u00fcl\u00f6nf\u00e9le alapopci\u00f3k seg\u00edts\u00e9g\u00e9vel b\u00e1rmilyen fel\u00fcletre fel\u00e1ll\u00edthat\u00f3k.<br \/>\n\u00d6sszefoglalva, az egyedi tollz\u00e1szl\u00f3 rugalmas \u00e9s hat\u00e9kony m\u00f3dszer a m\u00e1rka vagy \u00fczenet n\u00e9pszer\u0171s\u00edt\u00e9s\u00e9re. K\u00f6nny\u0171 \u00f6sszeszerel\u00e9s\u00fckkel, szil\u00e1rds\u00e1gukkal \u00e9s j\u00f3 l\u00e1that\u00f3s\u00e1gukkal ide\u00e1lis v\u00e1laszt\u00e1st jelentenek minden olyan v\u00e1llalkoz\u00e1s vagy szervezet sz\u00e1m\u00e1ra, amely felkelti a figyelmet.<\/p>\n<div style=\"width: 1280px;\" class=\"wp-video\"><!--[if lt IE 9]><script>document.createElement('video');<\/script><![endif]--><br \/>\n<video class=\"wp-video-shortcode\" id=\"video-1104-1\" width=\"1280\" height=\"720\" loop autoplay preload=\"metadata\" controls=\"controls\"><source type=\"video\/mp4\" src=\"http:\/\/cmykprinted.com\/wp-content\/uploads\/2022\/12\/Feather-beach-flags.mp4?_=1\" \/><a href=\"http:\/\/cmykprinted.com\/wp-content\/uploads\/2022\/12\/Feather-beach-flags.mp4\">http:\/\/cmykprinted.com\/wp-content\/uploads\/2022\/12\/Feather-beach-flags.mp4<\/a><\/video><\/div>","protected":false},"featured_media":1105,"template":"","meta":{"_kad_post_transparent":"default","_kad_post_title":"hide","_kad_post_layout":"fullwidth","_kad_post_sidebar_id":"","_kad_post_content_style":"unboxed","_kad_post_vertical_padding":"hide","_kad_post_feature":"hide","_kad_post_feature_position":"","_kad_post_header":false,"_kad_post_footer":false},"product_cat":[64,65],"product_tag":[321,322,323,204],"class_list":{"0":"post-1104","1":"product","2":"type-product","3":"status-publish","4":"has-post-thumbnail","6":"product_cat-beach-flags","7":"product_cat-feather-flags-banners","8":"product_tag-custom-feather-flags","9":"product_tag-indoor-feather-flags","10":"product_tag-low-price-feather-flags","11":"product_tag-outdoor-feather-flags","13":"first","14":"instock","15":"shipping-taxable","16":"product-type-simple","17":"entry","18":"content-bg","19":"loop-entry"},"_links":{"self":[{"href":"https:\/\/cmykprinted.com\/hu\/wp-json\/wp\/v2\/product\/1104","targetHints":{"allow":["GET"]}}],"collection":[{"href":"https:\/\/cmykprinted.com\/hu\/wp-json\/wp\/v2\/product"}],"about":[{"href":"https:\/\/cmykprinted.com\/hu\/wp-json\/wp\/v2\/types\/product"}],"version-history":[{"count":2,"href":"https:\/\/cmykprinted.com\/hu\/wp-json\/wp\/v2\/product\/1104\/revisions"}],"predecessor-version":[{"id":1112,"href":"https:\/\/cmykprinted.com\/hu\/wp-json\/wp\/v2\/product\/1104\/revisions\/1112"}],"wp:featuredmedia":[{"embeddable":true,"href":"https:\/\/cmykprinted.com\/hu\/wp-json\/wp\/v2\/media\/1105"}],"wp:attachment":[{"href":"https:\/\/cmykprinted.com\/hu\/wp-json\/wp\/v2\/media?parent=1104"}],"wp:term":[{"taxonomy":"product_cat","embeddable":true,"href":"https:\/\/cmykprinted.com\/hu\/wp-json\/wp\/v2\/product_cat?post=1104"},{"taxonomy":"product_tag","embeddable":true,"href":"https:\/\/cmykprinted.com\/hu\/wp-json\/wp\/v2\/product_tag?post=1104"}],"curies":[{"name":"wp","href":"https:\/\/api.w.org\/{rel}","templated":true}]}}