{"id":1951,"date":"2024-03-25T07:48:46","date_gmt":"2024-03-25T07:48:46","guid":{"rendered":"https:\/\/cmykprinted.com\/?post_type=product&#038;p=1951"},"modified":"2024-03-26T08:28:10","modified_gmt":"2024-03-26T08:28:10","slug":"double-side-printed-polyester-hanging-flag-for-advertising","status":"publish","type":"product","link":"https:\/\/cmykprinted.com\/hu\/termek\/ketoldalas-nyomtatott-polieszter-fuggozasu-zaszlo-reklamhoz\/","title":{"rendered":"K\u00e9toldalas nyomtatott poli\u00e9szter f\u00fcgg\u0151 z\u00e1szl\u00f3 rekl\u00e1moz\u00e1shoz"},"content":{"rendered":"","protected":false},"excerpt":{"rendered":"<p>Egyedi poli\u00e9szter z\u00e1szl\u00f3k<\/p>\n<p>Nulla minim\u00e1lis k\u00f6vetelm\u00e9ny. Nincs alap\u00edt\u00e1si k\u00f6lts\u00e9g! Nagym\u00e9ret\u0171 v\u00e1s\u00e1rl\u00e1s eset\u00e9n el\u00e9rhet\u0151 nagykereskedelmi \u00e1rak. Nagy felbont\u00e1s\u00fa teljes sz\u00ednek fest\u00e9kszublim\u00e1ci\u00f3s nyomtat\u00e1ssal!<\/p>\n<p>Gyors \u00e1tfut\u00e1s, 48 \u200b\u200b\u00f3r\u00e1n bel\u00fcl befejezhetj\u00fck a mint\u00e1t.<\/p>\n<p>T\u00f6k\u00e9letes Pantone sz\u00edn, amely extra k\u00f6lts\u00e9gek n\u00e9lk\u00fcl passzol hozz\u00e1.<\/p>\n<p>Ingyenes tervez\u00e9si szolg\u00e1ltat\u00e1s!<\/p>\n<p>B\u00e1rmilyen testreszabott nyomtatott z\u00e1szl\u00f3t ig\u00e9ny szerint elk\u00e9sz\u00edthet\u00fcnk, p\u00e9ld\u00e1ul gy\u0171r\u0171k \/ f\u0171z\u0151lyukak \/ h\u00fcvely vagy p\u00e1lca hozz\u00e1ad\u00e1s\u00e1t.<\/p>\n<p>&nbsp;<\/p>","protected":false},"featured_media":1952,"template":"","meta":{"_kad_post_transparent":"default","_kad_post_title":"hide","_kad_post_layout":"fullwidth","_kad_post_sidebar_id":"","_kad_post_content_style":"unboxed","_kad_post_vertical_padding":"hide","_kad_post_feature":"hide","_kad_post_feature_position":"","_kad_post_header":false,"_kad_post_footer":false},"product_cat":[79],"product_tag":[388,387,386,385],"class_list":{"0":"post-1951","1":"product","2":"type-product","3":"status-publish","4":"has-post-thumbnail","6":"product_cat-custom-flags","7":"product_tag-custom-double-sided-flags","8":"product_tag-double-side-printed-polyester-hanging-flag","9":"product_tag-flag-for-advertising","10":"product_tag-polyester-hanging-flag","12":"first","13":"instock","14":"shipping-taxable","15":"product-type-simple","16":"entry","17":"content-bg","18":"loop-entry"},"_links":{"self":[{"href":"https:\/\/cmykprinted.com\/hu\/wp-json\/wp\/v2\/product\/1951","targetHints":{"allow":["GET"]}}],"collection":[{"href":"https:\/\/cmykprinted.com\/hu\/wp-json\/wp\/v2\/product"}],"about":[{"href":"https:\/\/cmykprinted.com\/hu\/wp-json\/wp\/v2\/types\/product"}],"version-history":[{"count":3,"href":"https:\/\/cmykprinted.com\/hu\/wp-json\/wp\/v2\/product\/1951\/revisions"}],"predecessor-version":[{"id":1963,"href":"https:\/\/cmykprinted.com\/hu\/wp-json\/wp\/v2\/product\/1951\/revisions\/1963"}],"wp:featuredmedia":[{"embeddable":true,"href":"https:\/\/cmykprinted.com\/hu\/wp-json\/wp\/v2\/media\/1952"}],"wp:attachment":[{"href":"https:\/\/cmykprinted.com\/hu\/wp-json\/wp\/v2\/media?parent=1951"}],"wp:term":[{"taxonomy":"product_cat","embeddable":true,"href":"https:\/\/cmykprinted.com\/hu\/wp-json\/wp\/v2\/product_cat?post=1951"},{"taxonomy":"product_tag","embeddable":true,"href":"https:\/\/cmykprinted.com\/hu\/wp-json\/wp\/v2\/product_tag?post=1951"}],"curies":[{"name":"wp","href":"https:\/\/api.w.org\/{rel}","templated":true}]}}