{"id":1975,"date":"2024-03-28T09:29:25","date_gmt":"2024-03-28T09:29:25","guid":{"rendered":"https:\/\/cmykprinted.com\/?post_type=product&#038;p=1975"},"modified":"2024-03-28T10:00:58","modified_gmt":"2024-03-28T10:00:58","slug":"best-custom-polyester-nylon-flags-for-indoor-and-outdoor","status":"publish","type":"product","link":"https:\/\/cmykprinted.com\/hu\/termek\/legjobb-szemelyre-szabott-polieszter-nylon-zaszlok-belteri-es-kulteri-hasznalatra\/","title":{"rendered":"A legjobb egyedi poli\u00e9szter nylon z\u00e1szl\u00f3k bel- \u00e9s k\u00fclt\u00e9ri haszn\u00e1latra"},"content":{"rendered":"","protected":false},"excerpt":{"rendered":"<p>A szem\u00e9lyre szabott z\u00e1szl\u00f3k er\u0151teljes prom\u00f3ci\u00f3s eszk\u00f6zk\u00e9nt szolg\u00e1lnak, \u00e9l\u00e9nk \u00e1rnyalatokat \u00e9s dinamikus mozg\u00e1st biztos\u00edtva, hogy lek\u00f6tik a figyelmet \u00e9s jav\u00edts\u00e1k a l\u00e1that\u00f3s\u00e1got. K\u00fcl\u00f6nf\u00e9le nyomtat\u00e1si technik\u00e1k \u00e1llnak rendelkez\u00e9sre a testreszab\u00e1shoz, mint p\u00e9ld\u00e1ul a digit\u00e1lis nyomtat\u00e1s (v\u00edznyom\u00e1s nejlonra), szitanyom\u00e1s \u00e9s fest\u00e9kszublim\u00e1ci\u00f3s nyomtat\u00e1s. A Golden Mouth Advertising Factory-n\u00e1l vagy szitanyom\u00e1st vagy digit\u00e1lis nyomtat\u00e1st v\u00e1lasztunk 200\/210D nejlonra vagy k\u00f6t\u00f6tt poli\u00e9szterre, az anyagot \u00e9s a nyomtat\u00e1si m\u00f3dot az \u00fcgyf\u00e9l k\u00f6lts\u00e9gvet\u00e9se, az alkot\u00e1s specifik\u00e1ci\u00f3i \u00e9s a z\u00e1szl\u00f3 mennyis\u00e9gi k\u00f6vetelm\u00e9nyei alapj\u00e1n v\u00e1lasztjuk ki. B\u00e1r a szublim\u00e1ci\u00f3s nyomtat\u00e1si m\u00f3dszert alkalmazzuk, korl\u00e1tozott tintapenetr\u00e1ci\u00f3ja alkalmasabb\u00e1 teszi alternat\u00edv sz\u00f6vetnyomtat\u00e1si t\u00f6rekv\u00e9sekre, mint p\u00e9ld\u00e1ul egyedi h\u00e1tterek \u00e9s asztalter\u00edt\u0151k. Egyedi nyomtatott z\u00e1szl\u00f3 eset\u00e9n \u00e1ltal\u00e1ban digit\u00e1lis nyomtat\u00e1st haszn\u00e1lunk, \u00edgy az \u00e1r a legolcs\u00f3bb.<\/p>\n<p>&nbsp;<\/p>\n<p>&nbsp;<\/p>\n<p>&nbsp;<\/p>\n<p>&nbsp;<\/p>\n<p>&nbsp;<\/p>\n<p>&nbsp;<\/p>","protected":false},"featured_media":1976,"template":"","meta":{"_kad_post_transparent":"default","_kad_post_title":"hide","_kad_post_layout":"fullwidth","_kad_post_sidebar_id":"","_kad_post_content_style":"unboxed","_kad_post_vertical_padding":"hide","_kad_post_feature":"hide","_kad_post_feature_position":"","_kad_post_header":false,"_kad_post_footer":false},"product_cat":[79],"product_tag":[394,389,397,396,399,395,398],"class_list":{"0":"post-1975","1":"product","2":"type-product","3":"status-publish","4":"has-post-thumbnail","6":"product_cat-custom-flags","7":"product_tag-custom-polyester-nylon-flags","8":"product_tag-custom-printed-flags","9":"product_tag-dye-sublimation-printing-flags","10":"product_tag-flags-printing","11":"product_tag-knitted-fabric-flags","12":"product_tag-nylon-flags","13":"product_tag-polyester-flags","15":"first","16":"instock","17":"shipping-taxable","18":"product-type-simple","19":"entry","20":"content-bg","21":"loop-entry"},"_links":{"self":[{"href":"https:\/\/cmykprinted.com\/hu\/wp-json\/wp\/v2\/product\/1975","targetHints":{"allow":["GET"]}}],"collection":[{"href":"https:\/\/cmykprinted.com\/hu\/wp-json\/wp\/v2\/product"}],"about":[{"href":"https:\/\/cmykprinted.com\/hu\/wp-json\/wp\/v2\/types\/product"}],"version-history":[{"count":1,"href":"https:\/\/cmykprinted.com\/hu\/wp-json\/wp\/v2\/product\/1975\/revisions"}],"predecessor-version":[{"id":1983,"href":"https:\/\/cmykprinted.com\/hu\/wp-json\/wp\/v2\/product\/1975\/revisions\/1983"}],"wp:featuredmedia":[{"embeddable":true,"href":"https:\/\/cmykprinted.com\/hu\/wp-json\/wp\/v2\/media\/1976"}],"wp:attachment":[{"href":"https:\/\/cmykprinted.com\/hu\/wp-json\/wp\/v2\/media?parent=1975"}],"wp:term":[{"taxonomy":"product_cat","embeddable":true,"href":"https:\/\/cmykprinted.com\/hu\/wp-json\/wp\/v2\/product_cat?post=1975"},{"taxonomy":"product_tag","embeddable":true,"href":"https:\/\/cmykprinted.com\/hu\/wp-json\/wp\/v2\/product_tag?post=1975"}],"curies":[{"name":"wp","href":"https:\/\/api.w.org\/{rel}","templated":true}]}}