{"id":2065,"date":"2024-04-24T08:07:14","date_gmt":"2024-04-24T08:07:14","guid":{"rendered":"https:\/\/cmykprinted.com\/?post_type=product&#038;p=2065"},"modified":"2025-05-23T13:54:40","modified_gmt":"2025-05-23T13:54:40","slug":"suzuki-logo-8-ft-stretch-fitted-table-cover","status":"publish","type":"product","link":"https:\/\/cmykprinted.com\/hu\/termek\/suzuki-logo-8-ft-stretch-fitted-table-cover\/","title":{"rendered":"\u201eSuzuki\u201d log\u00f3s, 2,4 m\u00e9teres, rugalmas asztalter\u00edt\u0151"},"content":{"rendered":"","protected":false},"excerpt":{"rendered":"<ul>\n<li>Thick 280 G Stretch Polyester Fitted Table Cover<\/li>\n<li>High Resolution Dye Sublimation Printing ,UV and Waterproof ,100% Washable<\/li>\n<li>Available size : 4 ft , 6 ft , 8 ft<\/li>\n<li>MOQ: 1 PCS<\/li>\n<li>Stock Artwork ,we \u00a0can provide a series of design drafts about SUZUKI LOGO,Suzuki Marine,,,,,,,<\/li>\n<li>Custom logo printed fitted table cover is available<\/li>\n<li>3-4 turnaround ,and 5-7 delivery days to worldwide<\/li>\n<li>The same price printing logo on the front only and four sides<\/li>\n<li>If you have the folded table ,just need to table cover only ,we can help you ,our custom stretch fitted table cover template can work on your table.We also sell the table together if you need.<\/li>\n<li>Vertical Zipper on backside can be opened to access to under of table<\/li>\n<li>\n<figure id=\"attachment_2070\" aria-describedby=\"caption-attachment-2070\" style=\"width: 1440px\" class=\"wp-caption alignnone\"><img fetchpriority=\"high\" decoding=\"async\" class=\"size-full wp-image-2070\" src=\"https:\/\/cmykprinted.com\/wp-content\/uploads\/2024\/04\/Stretch-Fitted-Table-Cover.jpg\" alt=\"\u201eSuzuki\u201d log\u00f3s, rugalmas asztalter\u00edt\u0151 \" width=\"1440\" height=\"1080\" srcset=\"https:\/\/cmykprinted.com\/wp-content\/uploads\/2024\/04\/Stretch-Fitted-Table-Cover.jpg 1440w, https:\/\/cmykprinted.com\/wp-content\/uploads\/2024\/04\/Stretch-Fitted-Table-Cover-300x225.jpg 300w, https:\/\/cmykprinted.com\/wp-content\/uploads\/2024\/04\/Stretch-Fitted-Table-Cover-1024x768.jpg 1024w, https:\/\/cmykprinted.com\/wp-content\/uploads\/2024\/04\/Stretch-Fitted-Table-Cover-768x576.jpg 768w, https:\/\/cmykprinted.com\/wp-content\/uploads\/2024\/04\/Stretch-Fitted-Table-Cover-16x12.jpg 16w, https:\/\/cmykprinted.com\/wp-content\/uploads\/2024\/04\/Stretch-Fitted-Table-Cover-600x450.jpg 600w\" sizes=\"(max-width: 1440px) 100vw, 1440px\" \/><figcaption id=\"caption-attachment-2070\" class=\"wp-caption-text\">\u201eSuzuki\u201d log\u00f3s, rugalmas asztalter\u00edt\u0151<\/figcaption><\/figure>\n<div style=\"width: 960px;\" class=\"wp-video\"><!--[if lt IE 9]><script>document.createElement('video');<\/script><![endif]--><br \/>\n<video class=\"wp-video-shortcode\" id=\"video-2065-1\" width=\"960\" height=\"544\" preload=\"metadata\" controls=\"controls\"><source type=\"video\/mp4\" src=\"https:\/\/cmykprinted.com\/wp-content\/uploads\/2024\/04\/Suzuki-Logo-Stretch-Fitted-Table-Cover.mp4?_=1\" \/><a href=\"https:\/\/cmykprinted.com\/wp-content\/uploads\/2024\/04\/Suzuki-Logo-Stretch-Fitted-Table-Cover.mp4\">https:\/\/cmykprinted.com\/wp-content\/uploads\/2024\/04\/Suzuki-Logo-Stretch-Fitted-Table-Cover.mp4<\/a><\/video><\/div>\n<\/li>\n<\/ul>","protected":false},"featured_media":2608,"template":"","meta":{"_kad_post_transparent":"default","_kad_post_title":"hide","_kad_post_layout":"fullwidth","_kad_post_sidebar_id":"","_kad_post_content_style":"unboxed","_kad_post_vertical_padding":"hide","_kad_post_feature":"hide","_kad_post_feature_position":"","_kad_post_header":false,"_kad_post_footer":false},"product_cat":[80,81,83],"product_tag":[443,441,440,184,442,266],"class_list":{"0":"post-2065","1":"product","2":"type-product","3":"status-publish","4":"has-post-thumbnail","6":"product_cat-custom-tablecloth","7":"product_cat-custom-stretch-tablecloth","8":"product_cat-fitted-table-cover","9":"product_tag-280g-stretch-table-cover","10":"product_tag-6ft-table-cover","11":"product_tag-8ft-table-cover","12":"product_tag-stretch-fitted-table-cover","13":"product_tag-suzuki-logo-table-cover","14":"product_tag-trade-show-table-cover","16":"first","17":"instock","18":"shipping-taxable","19":"product-type-simple","20":"entry","21":"content-bg","22":"loop-entry"},"_links":{"self":[{"href":"https:\/\/cmykprinted.com\/hu\/wp-json\/wp\/v2\/product\/2065","targetHints":{"allow":["GET"]}}],"collection":[{"href":"https:\/\/cmykprinted.com\/hu\/wp-json\/wp\/v2\/product"}],"about":[{"href":"https:\/\/cmykprinted.com\/hu\/wp-json\/wp\/v2\/types\/product"}],"version-history":[{"count":1,"href":"https:\/\/cmykprinted.com\/hu\/wp-json\/wp\/v2\/product\/2065\/revisions"}],"predecessor-version":[{"id":2079,"href":"https:\/\/cmykprinted.com\/hu\/wp-json\/wp\/v2\/product\/2065\/revisions\/2079"}],"wp:featuredmedia":[{"embeddable":true,"href":"https:\/\/cmykprinted.com\/hu\/wp-json\/wp\/v2\/media\/2608"}],"wp:attachment":[{"href":"https:\/\/cmykprinted.com\/hu\/wp-json\/wp\/v2\/media?parent=2065"}],"wp:term":[{"taxonomy":"product_cat","embeddable":true,"href":"https:\/\/cmykprinted.com\/hu\/wp-json\/wp\/v2\/product_cat?post=2065"},{"taxonomy":"product_tag","embeddable":true,"href":"https:\/\/cmykprinted.com\/hu\/wp-json\/wp\/v2\/product_tag?post=2065"}],"curies":[{"name":"wp","href":"https:\/\/api.w.org\/{rel}","templated":true}]}}