{"id":2098,"date":"2024-05-09T08:52:07","date_gmt":"2024-05-09T08:52:07","guid":{"rendered":"https:\/\/cmykprinted.com\/?post_type=product&#038;p=2098"},"modified":"2024-05-09T09:36:29","modified_gmt":"2024-05-09T09:36:29","slug":"custom-metallic-3d-transfer-label-decal-stickers","status":"publish","type":"product","link":"https:\/\/cmykprinted.com\/hu\/termek\/custom-metallic-3d-transfer-label-decal-stickers\/","title":{"rendered":"Egyedi f\u00e9mes 3D \u00e1tviteli c\u00edmkematric\u00e1k"},"content":{"rendered":"","protected":false},"excerpt":{"rendered":"<h1><strong>Egyedi f\u00e9mes 3D \u00e1tviteli c\u00edmkematric\u00e1k <\/strong><\/h1>\n<ul>\n<li>Rendel\u00e9si minta: 1 lap (17 * 30 cm), ha kicsi a log\u00f3ja vagy a grafika, sok darabot rakhatunk egy lapba<\/li>\n<li>Alkalmaz\u00e1sok: Egyedi f\u00e9mes c\u00edmk\u00e9ink sz\u00e1mos \u00e1gazatban alkalmazhat\u00f3k, bele\u00e9rtve az illatszereket, a bork\u00e9sz\u00edt\u00e9st, a gyertyatart\u00f3kat, az \u00fcvegpalackokat \u00e9s a k\u00fcl\u00f6nf\u00e9le m\u00e1s t\u00edpus\u00fa palackokat. Mobiltelefon-tokokban, h\u00e1ztart\u00e1si g\u00e9pekben, elektronikai eszk\u00f6z\u00f6kben, d\u00edszdobozok csomagol\u00e1s\u00e1ban, aut\u00f3kban, g\u00e9pekben \u00e9s sz\u00e1mos m\u00e1s ipar\u00e1gban is felhaszn\u00e1lj\u00e1k.<\/li>\n<li>Gyors \u00e1tfut\u00e1s: minta \u00e1tfut\u00e1si id\u0151: 3-4 nap \u00e9s egy h\u00e9t vil\u00e1gszerte DHL vagy Fedex vagy UPS h\u00e1zt\u00f3l h\u00e1zig szolg\u00e1ltat\u00e1ssal<\/li>\n<li>Legolcs\u00f3bb gy\u00e1ri \u00e1r szem\u00e9lyre szabott f\u00e9m transzfer c\u00edmk\u00e9\u00e9rt<\/li>\n<li>K\u00fcl\u00f6nb\u00f6z\u0151 ragaszt\u00f3ink vannak, hogy a transzfer matric\u00e1t k\u00fcl\u00f6nb\u00f6z\u0151 anyagfel\u00fcletekre ragasszuk. Teh\u00e1t el kell mondania nek\u00fcnk, vagy meg kell mutatnia a term\u00e9k\u00e9t, hogy tudjuk, milyen ragaszt\u00f3t haszn\u00e1ljunk. Nem minden fel\u00fclet haszn\u00e1lhat\u00f3 er\u0151s ragaszt\u00f3nkkal. P\u00e9ld\u00e1ul az al\u00e1bbi teszt nem siker\u00fclt az er\u0151s 3 M ragaszt\u00f3nkkal.<strong> Ez\u00e9rt elengedhetetlen egy kell\u0151en professzion\u00e1lis gy\u00e1r kiv\u00e1laszt\u00e1sa az egy\u00fcttm\u0171k\u00f6d\u00e9shez; ellenkez\u0151 esetben \u00e9rt\u00e9kes id\u0151 \u00e9s p\u00e9nz pazarl\u00e1sa lenne.<\/strong><br \/>\n<figure id=\"attachment_2099\" aria-describedby=\"caption-attachment-2099\" style=\"width: 1280px\" class=\"wp-caption alignnone\"><img fetchpriority=\"high\" decoding=\"async\" class=\"size-full wp-image-2099\" src=\"https:\/\/cmykprinted.com\/wp-content\/uploads\/2024\/05\/custom-metallic-transfer-sticker.jpg\" alt=\"Egyedi f\u00e9mes transzfer matric\u00e1k\" width=\"1280\" height=\"1707\" srcset=\"https:\/\/cmykprinted.com\/wp-content\/uploads\/2024\/05\/custom-metallic-transfer-sticker.jpg 1280w, https:\/\/cmykprinted.com\/wp-content\/uploads\/2024\/05\/custom-metallic-transfer-sticker-225x300.jpg 225w, https:\/\/cmykprinted.com\/wp-content\/uploads\/2024\/05\/custom-metallic-transfer-sticker-768x1024.jpg 768w, https:\/\/cmykprinted.com\/wp-content\/uploads\/2024\/05\/custom-metallic-transfer-sticker-1152x1536.jpg 1152w, https:\/\/cmykprinted.com\/wp-content\/uploads\/2024\/05\/custom-metallic-transfer-sticker-9x12.jpg 9w, https:\/\/cmykprinted.com\/wp-content\/uploads\/2024\/05\/custom-metallic-transfer-sticker-600x800.jpg 600w\" sizes=\"(max-width: 1280px) 100vw, 1280px\" \/><figcaption id=\"caption-attachment-2099\" class=\"wp-caption-text\">Egyedi f\u00e9mes transzfer matric\u00e1k<\/figcaption><\/figure>\n<\/li>\n<\/ul>\n<h2><strong>A log\u00f3matrica term\u00e9kre val\u00f3 \u00e1tvitel\u00e9nek bemutat\u00e1s\u00e1hoz, k\u00e9rj\u00fck, t\u00fcrelmesen n\u00e9zze meg az al\u00e1bbi oktat\u00f3vide\u00f3t:<\/strong><\/h2>\n<div style=\"width: 720px;\" class=\"wp-video\"><!--[if lt IE 9]><script>document.createElement('video');<\/script><![endif]--><br \/>\n<video class=\"wp-video-shortcode\" id=\"video-2098-1\" width=\"720\" height=\"720\" preload=\"metadata\" controls=\"controls\"><source type=\"video\/mp4\" src=\"https:\/\/cmykprinted.com\/wp-content\/uploads\/2024\/05\/how-to-peel-of-the-transfer-label.mp4?_=1\" \/><a href=\"https:\/\/cmykprinted.com\/wp-content\/uploads\/2024\/05\/how-to-peel-of-the-transfer-label.mp4\">https:\/\/cmykprinted.com\/wp-content\/uploads\/2024\/05\/how-to-peel-of-the-transfer-label.mp4<\/a><\/video><\/div>\n<p>&nbsp;<\/p>\n<p>&nbsp;<\/p>","protected":false},"featured_media":2101,"template":"","meta":{"_kad_post_transparent":"default","_kad_post_title":"hide","_kad_post_layout":"fullwidth","_kad_post_sidebar_id":"","_kad_post_content_style":"unboxed","_kad_post_vertical_padding":"hide","_kad_post_feature":"hide","_kad_post_feature_position":"","_kad_post_header":false,"_kad_post_footer":false},"product_cat":[101,102],"product_tag":[460,455,457,459,458,456],"class_list":{"0":"post-2098","1":"product","2":"type-product","3":"status-publish","4":"has-post-thumbnail","6":"product_cat-transfer-stickers","7":"product_cat-metal-transfer-stickers","8":"product_tag-custom-gold-transfer-label-for-bottle","9":"product_tag-custom-metallic-3d-transfer-labels","10":"product_tag-custom-metallic-transfer-decal","11":"product_tag-custom-transfer-sticker-for-wine","12":"product_tag-custom-transfer-stickers-for-perfumes","13":"product_tag-metallic-3d-transfer-label","15":"first","16":"instock","17":"shipping-taxable","18":"product-type-simple","19":"entry","20":"content-bg","21":"loop-entry"},"_links":{"self":[{"href":"https:\/\/cmykprinted.com\/hu\/wp-json\/wp\/v2\/product\/2098","targetHints":{"allow":["GET"]}}],"collection":[{"href":"https:\/\/cmykprinted.com\/hu\/wp-json\/wp\/v2\/product"}],"about":[{"href":"https:\/\/cmykprinted.com\/hu\/wp-json\/wp\/v2\/types\/product"}],"version-history":[{"count":1,"href":"https:\/\/cmykprinted.com\/hu\/wp-json\/wp\/v2\/product\/2098\/revisions"}],"predecessor-version":[{"id":2107,"href":"https:\/\/cmykprinted.com\/hu\/wp-json\/wp\/v2\/product\/2098\/revisions\/2107"}],"wp:featuredmedia":[{"embeddable":true,"href":"https:\/\/cmykprinted.com\/hu\/wp-json\/wp\/v2\/media\/2101"}],"wp:attachment":[{"href":"https:\/\/cmykprinted.com\/hu\/wp-json\/wp\/v2\/media?parent=2098"}],"wp:term":[{"taxonomy":"product_cat","embeddable":true,"href":"https:\/\/cmykprinted.com\/hu\/wp-json\/wp\/v2\/product_cat?post=2098"},{"taxonomy":"product_tag","embeddable":true,"href":"https:\/\/cmykprinted.com\/hu\/wp-json\/wp\/v2\/product_tag?post=2098"}],"curies":[{"name":"wp","href":"https:\/\/api.w.org\/{rel}","templated":true}]}}