{"id":2123,"date":"2024-06-25T08:10:19","date_gmt":"2024-06-25T08:10:19","guid":{"rendered":"https:\/\/cmykprinted.com\/?post_type=product&#038;p=2123"},"modified":"2024-06-25T08:10:20","modified_gmt":"2024-06-25T08:10:20","slug":"gold-shiny-metal-label-3d-transfer-stickers","status":"publish","type":"product","link":"https:\/\/cmykprinted.com\/hu\/termek\/arany-fenyes-fem-cimke-3d-atvitel-matricak\/","title":{"rendered":"Arany f\u00e9nyes f\u00e9m c\u00edmke 3D transzfer matric\u00e1k"},"content":{"rendered":"","protected":false},"excerpt":{"rendered":"<div style=\"width: 640px;\" class=\"wp-video\"><!--[if lt IE 9]><script>document.createElement('video');<\/script><![endif]--><br \/>\n<video class=\"wp-video-shortcode\" id=\"video-2123-1\" width=\"640\" height=\"360\" preload=\"metadata\" controls=\"controls\"><source type=\"video\/mp4\" src=\"https:\/\/cmykprinted.com\/wp-content\/uploads\/2024\/06\/Embossed-Nickel-Decal-Label-Stickers.mp4?_=1\" \/><a href=\"https:\/\/cmykprinted.com\/wp-content\/uploads\/2024\/06\/Embossed-Nickel-Decal-Label-Stickers.mp4\">https:\/\/cmykprinted.com\/wp-content\/uploads\/2024\/06\/Embossed-Nickel-Decal-Label-Stickers.mp4<\/a><\/video><\/div>\n<ol>\n<li>F\u00e9mes transzfer matric\u00e1inkat parf\u00fcm\u00f6kben, borokban, gyerty\u00e1s dobozokban, \u00fcvegpalackokban \u00e9s egy\u00e9b palackokban, mobiltelefonokban, mobiltelefon-tokokban, h\u00e1ztart\u00e1si g\u00e9pekben, elektronikai term\u00e9kekben, d\u00edszdobozok csomagol\u00e1s\u00e1ban, aut\u00f3kban, g\u00e9pekben \u00e9s sok m\u00e1s ter\u00fcleten haszn\u00e1lj\u00e1k.<\/li>\n<li>a legnagyobb lapm\u00e9ret: 17*30 cm<\/li>\n<li>k\u00fcl\u00f6nb\u00f6z\u0151 min\u0151s\u00e9g\u0171 ragaszt\u00f3t v\u00e1laszthat a matric\u00e1k k\u00fcl\u00f6nb\u00f6z\u0151 anyagfel\u00fcletekre t\u00f6rt\u00e9n\u0151 felhord\u00e1s\u00e1hoz<\/li>\n<li>az er\u0151s ragaszt\u00f3 3M 200MP \/467MP<\/li>\n<\/ol>","protected":false},"featured_media":2124,"template":"","meta":{"_kad_post_transparent":"default","_kad_post_title":"hide","_kad_post_layout":"fullwidth","_kad_post_sidebar_id":"","_kad_post_content_style":"unboxed","_kad_post_vertical_padding":"hide","_kad_post_feature":"hide","_kad_post_feature_position":"","_kad_post_header":false,"_kad_post_footer":false},"product_cat":[101,102],"product_tag":[467,468,470,469],"class_list":{"0":"post-2123","1":"product","2":"type-product","3":"status-publish","4":"has-post-thumbnail","6":"product_cat-transfer-stickers","7":"product_cat-metal-transfer-stickers","8":"product_tag-3d-transfer-stickers","9":"product_tag-gold-shiny-metal-label","10":"product_tag-logo-metallic-transfer-decals","11":"product_tag-metal-label-3d-transfer-stickers","13":"first","14":"instock","15":"shipping-taxable","16":"product-type-simple","17":"entry","18":"content-bg","19":"loop-entry"},"_links":{"self":[{"href":"https:\/\/cmykprinted.com\/hu\/wp-json\/wp\/v2\/product\/2123","targetHints":{"allow":["GET"]}}],"collection":[{"href":"https:\/\/cmykprinted.com\/hu\/wp-json\/wp\/v2\/product"}],"about":[{"href":"https:\/\/cmykprinted.com\/hu\/wp-json\/wp\/v2\/types\/product"}],"version-history":[{"count":1,"href":"https:\/\/cmykprinted.com\/hu\/wp-json\/wp\/v2\/product\/2123\/revisions"}],"predecessor-version":[{"id":2135,"href":"https:\/\/cmykprinted.com\/hu\/wp-json\/wp\/v2\/product\/2123\/revisions\/2135"}],"wp:featuredmedia":[{"embeddable":true,"href":"https:\/\/cmykprinted.com\/hu\/wp-json\/wp\/v2\/media\/2124"}],"wp:attachment":[{"href":"https:\/\/cmykprinted.com\/hu\/wp-json\/wp\/v2\/media?parent=2123"}],"wp:term":[{"taxonomy":"product_cat","embeddable":true,"href":"https:\/\/cmykprinted.com\/hu\/wp-json\/wp\/v2\/product_cat?post=2123"},{"taxonomy":"product_tag","embeddable":true,"href":"https:\/\/cmykprinted.com\/hu\/wp-json\/wp\/v2\/product_tag?post=2123"}],"curies":[{"name":"wp","href":"https:\/\/api.w.org\/{rel}","templated":true}]}}