{"id":2158,"date":"2024-07-17T10:08:07","date_gmt":"2024-07-17T10:08:07","guid":{"rendered":"https:\/\/cmykprinted.com\/?post_type=product&#038;p=2158"},"modified":"2024-07-17T10:08:08","modified_gmt":"2024-07-17T10:08:08","slug":"cheap-custom-made-flags","status":"publish","type":"product","link":"https:\/\/cmykprinted.com\/hu\/termek\/olcso-egyedi-gyartasu-zaszlok\/","title":{"rendered":"Olcs\u00f3 egyedi k\u00e9sz\u00edt\u00e9s\u0171 z\u00e1szl\u00f3k"},"content":{"rendered":"","protected":false},"excerpt":{"rendered":"<p>CMYK sz\u00ednes, testreszabott nyomtatott z\u00e1szl\u00f3kat biztos\u00edtunk. A digit\u00e1lis nyomtat\u00e1s \u00e9s a fest\u00e9kszublim\u00e1ci\u00f3s nyomtat\u00e1s b\u00e1rmilyen teljes sz\u00edn\u0171, k\u00fcl\u00f6nb\u00f6z\u0151 sz\u00f6vetre nyomtatott, a selyemszitanyom\u00e1s \u00e9s a v\u00edznyom\u00e1s egyszer\u0171 log\u00f3nyomtat\u00e1st biztos\u00edt.<\/p>\n<p>egyoldalas vagy k\u00e9toldalas nyomtatott z\u00e1szl\u00f3k<br \/>\negyedi poli\u00e9szter z\u00e1szl\u00f3k, egyedi pamut z\u00e1szl\u00f3k, egyedi toll z\u00e1szl\u00f3k, egyedi k\u00f6nnycsepp z\u00e1szl\u00f3k, egyedi t\u00e9glalap alak\u00fa z\u00e1szl\u00f3k.<br \/>\nB\u00e1rmilyen egyedi kivitelez\u00e9st elk\u00e9sz\u00edthet\u00fcnk, mint p\u00e9ld\u00e1ul: karmanty\u00fa a r\u00fadhoz, gy\u0171r\u0171k a z\u00e1szl\u00f3 sz\u00e9l\u00e9n a felakaszt\u00e1shoz.<br \/>\nMOQ: 1 db testreszabott grafika nyomtatva<br \/>\nPantone sz\u00e1m, hogy megfeleljen a nyomtatott sz\u00ednnek.<\/p>\n<div style=\"width: 960px;\" class=\"wp-video\"><!--[if lt IE 9]><script>document.createElement('video');<\/script><![endif]--><br \/>\n<video class=\"wp-video-shortcode\" id=\"video-2158-1\" width=\"960\" height=\"540\" preload=\"metadata\" controls=\"controls\"><source type=\"video\/mp4\" src=\"https:\/\/cmykprinted.com\/wp-content\/uploads\/2024\/07\/custom-printed-flags.mp4?_=1\" \/><a href=\"https:\/\/cmykprinted.com\/wp-content\/uploads\/2024\/07\/custom-printed-flags.mp4\">https:\/\/cmykprinted.com\/wp-content\/uploads\/2024\/07\/custom-printed-flags.mp4<\/a><\/video><\/div>\n<p>&nbsp;<\/p>\n<p>&nbsp;<\/p>\n<p>&nbsp;<\/p>","protected":false},"featured_media":2159,"template":"","meta":{"_kad_post_transparent":"default","_kad_post_title":"hide","_kad_post_layout":"fullwidth","_kad_post_sidebar_id":"","_kad_post_content_style":"unboxed","_kad_post_vertical_padding":"hide","_kad_post_feature":"hide","_kad_post_feature_position":"","_kad_post_header":false,"_kad_post_footer":false},"product_cat":[79],"product_tag":[478,475,473,477,476,389,474],"class_list":{"0":"post-2158","1":"product","2":"type-product","3":"status-publish","4":"has-post-thumbnail","6":"product_cat-custom-flags","7":"product_tag-color-guard-custom-flags","8":"product_tag-cruise-custom-flags","9":"product_tag-custom-flags-3x5","10":"product_tag-custom-flags-3x5-double-sided","11":"product_tag-custom-flags-for-flag-football","12":"product_tag-custom-printed-flags","13":"product_tag-customize-flags","15":"first","16":"instock","17":"shipping-taxable","18":"product-type-simple","19":"entry","20":"content-bg","21":"loop-entry"},"_links":{"self":[{"href":"https:\/\/cmykprinted.com\/hu\/wp-json\/wp\/v2\/product\/2158","targetHints":{"allow":["GET"]}}],"collection":[{"href":"https:\/\/cmykprinted.com\/hu\/wp-json\/wp\/v2\/product"}],"about":[{"href":"https:\/\/cmykprinted.com\/hu\/wp-json\/wp\/v2\/types\/product"}],"version-history":[{"count":1,"href":"https:\/\/cmykprinted.com\/hu\/wp-json\/wp\/v2\/product\/2158\/revisions"}],"predecessor-version":[{"id":2165,"href":"https:\/\/cmykprinted.com\/hu\/wp-json\/wp\/v2\/product\/2158\/revisions\/2165"}],"wp:featuredmedia":[{"embeddable":true,"href":"https:\/\/cmykprinted.com\/hu\/wp-json\/wp\/v2\/media\/2159"}],"wp:attachment":[{"href":"https:\/\/cmykprinted.com\/hu\/wp-json\/wp\/v2\/media?parent=2158"}],"wp:term":[{"taxonomy":"product_cat","embeddable":true,"href":"https:\/\/cmykprinted.com\/hu\/wp-json\/wp\/v2\/product_cat?post=2158"},{"taxonomy":"product_tag","embeddable":true,"href":"https:\/\/cmykprinted.com\/hu\/wp-json\/wp\/v2\/product_tag?post=2158"}],"curies":[{"name":"wp","href":"https:\/\/api.w.org\/{rel}","templated":true}]}}