{"id":2168,"date":"2024-08-08T12:50:58","date_gmt":"2024-08-08T12:50:58","guid":{"rendered":"https:\/\/cmykprinted.com\/?post_type=product&#038;p=2168"},"modified":"2024-08-08T13:05:21","modified_gmt":"2024-08-08T13:05:21","slug":"crowd-barrier-fabric-mesh-covers","status":"publish","type":"product","link":"https:\/\/cmykprinted.com\/hu\/termek\/tomegkorlat-szovet-halos-boritasok\/","title":{"rendered":"Crowd Barrier Fabric Mesh huzatok"},"content":{"rendered":"<p>Crowd Barrier burkolataink 120 g-os sz\u00f6veth\u00e1l\u00f3s szalaghirdet\u00e9st haszn\u00e1lnak, a tinta v\u00edz- \u00e9s nap\u00e1ll\u00f3, \u00e9s k\u00f6r\u00fclbel\u00fcl egy \u00e9vig haszn\u00e1lhat\u00f3 a szabadban. Az ut\u00f3munk\u00e1latokat illet\u0151en mindezt megteheti a megrendel\u0151 ig\u00e9nyei szerint, vagy t\u00f6bb, \u00e1ltalunk k\u00edn\u00e1lt terv k\u00f6z\u00fcl is v\u00e1laszthat. Alkalmazhatunk t\u00e9p\u0151z\u00e1rat, f\u0171z\u0151s gombokat vagy cipz\u00e1rt. A minim\u00e1lis rendel\u00e9si mennyis\u00e9g 1 db. A mint\u00e1k 24 \u00f3r\u00e1n bel\u00fcl elk\u00e9sz\u00edthet\u0151k, \u00e9s egy h\u00e9ten bel\u00fcl a vil\u00e1g minden r\u00e9sz\u00e9re sz\u00e1ll\u00edthat\u00f3k.<\/p>","protected":false},"excerpt":{"rendered":"<p>&nbsp;<\/p>\n<p>&nbsp;<\/p>","protected":false},"featured_media":2169,"template":"","meta":{"_kad_post_transparent":"default","_kad_post_title":"hide","_kad_post_layout":"fullwidth","_kad_post_sidebar_id":"","_kad_post_content_style":"unboxed","_kad_post_vertical_padding":"hide","_kad_post_feature":"hide","_kad_post_feature_position":"","_kad_post_header":false,"_kad_post_footer":false},"product_cat":[85,87,86],"product_tag":[483,482,480,479,481],"class_list":{"0":"post-2168","1":"product","2":"type-product","3":"status-publish","4":"has-post-thumbnail","6":"product_cat-outdoor-vinyl-banners","7":"product_cat-fabric-mesh-banners","8":"product_cat-fence-mesh-banners","9":"product_tag-barrier-jackets","10":"product_tag-barrier-scrim","11":"product_tag-crowd-barrier-covers","12":"product_tag-crowd-barrier-fabric-mesh-covers","13":"product_tag-crowd-control-barriers","15":"first","16":"instock","17":"shipping-taxable","18":"product-type-simple","19":"entry","20":"content-bg","21":"loop-entry"},"_links":{"self":[{"href":"https:\/\/cmykprinted.com\/hu\/wp-json\/wp\/v2\/product\/2168","targetHints":{"allow":["GET"]}}],"collection":[{"href":"https:\/\/cmykprinted.com\/hu\/wp-json\/wp\/v2\/product"}],"about":[{"href":"https:\/\/cmykprinted.com\/hu\/wp-json\/wp\/v2\/types\/product"}],"version-history":[{"count":1,"href":"https:\/\/cmykprinted.com\/hu\/wp-json\/wp\/v2\/product\/2168\/revisions"}],"predecessor-version":[{"id":2175,"href":"https:\/\/cmykprinted.com\/hu\/wp-json\/wp\/v2\/product\/2168\/revisions\/2175"}],"wp:featuredmedia":[{"embeddable":true,"href":"https:\/\/cmykprinted.com\/hu\/wp-json\/wp\/v2\/media\/2169"}],"wp:attachment":[{"href":"https:\/\/cmykprinted.com\/hu\/wp-json\/wp\/v2\/media?parent=2168"}],"wp:term":[{"taxonomy":"product_cat","embeddable":true,"href":"https:\/\/cmykprinted.com\/hu\/wp-json\/wp\/v2\/product_cat?post=2168"},{"taxonomy":"product_tag","embeddable":true,"href":"https:\/\/cmykprinted.com\/hu\/wp-json\/wp\/v2\/product_tag?post=2168"}],"curies":[{"name":"wp","href":"https:\/\/api.w.org\/{rel}","templated":true}]}}