{"id":2178,"date":"2024-08-28T02:23:28","date_gmt":"2024-08-28T02:23:28","guid":{"rendered":"https:\/\/cmykprinted.com\/?post_type=product&#038;p=2178"},"modified":"2024-08-28T02:59:18","modified_gmt":"2024-08-28T02:59:18","slug":"customized-handheld-mini-flags","status":"publish","type":"product","link":"https:\/\/cmykprinted.com\/hu\/termek\/testreszabott-kezi-mini-zaszlok\/","title":{"rendered":"Egyedi k\u00e9zi mini z\u00e1szl\u00f3k"},"content":{"rendered":"","protected":false},"excerpt":{"rendered":"<p>Testreszabott k\u00e9zi mini z\u00e1szl\u00f3ink \u200b\u200bk\u00e9toldalas nyomtat\u00e1s\u00faak, \u00edgy a log\u00f3 mindk\u00e9t oldalr\u00f3l helyesen olvashat\u00f3. 280 g-os blokkol\u00f3sz\u00f6vetet haszn\u00e1lunk, k\u00e9toldalas k\u00f6zvetlen digit\u00e1lis nyomtat\u00e1ssal. A z\u00e1szl\u00f3 m\u00e9rete 20\u00d720 cm, a z\u00e1szl\u00f3r\u00fad 30 cm-es fa r\u00fad (a z\u00e1szl\u00f3r\u00fad hossza szem\u00e9lyre szabhat\u00f3). Ehhez az egy\u00e9ni jelz\u0151h\u00f6z nincs minim\u00e1lis rendel\u00e9si mennyis\u00e9g; ak\u00e1r 1 darabot is rendelhet, de min\u00e9l t\u00f6bbet rendel, ann\u00e1l k\u00f6lts\u00e9ghat\u00e9konyabb lesz.<br \/>\nP\u00e1lc\u00e1n l\u00e9v\u0151 kis z\u00e1szl\u00f3ink \u200b\u200bfelhaszn\u00e1lhat\u00f3k sportesem\u00e9nyek, asztali bemutat\u00f3k, udvari dekor\u00e1ci\u00f3k, \u00f6sszej\u00f6vetelek, fesztiv\u00e1lok, prom\u00f3ci\u00f3s aj\u00e1nd\u00e9kok, felvonul\u00e1sok, tiltakoz\u00e1sok \u00e9s egy\u00e9b tev\u00e9kenys\u00e9gek sor\u00e1n. B\u00e1r eldobhat\u00f3 term\u00e9keknek k\u00e9sz\u00fcltek, megfizethet\u0151 m\u00f3dot k\u00edn\u00e1lnak a m\u00e1rka bemutat\u00e1s\u00e1ra.<\/p>\n<div style=\"width: 720px;\" class=\"wp-video\"><!--[if lt IE 9]><script>document.createElement('video');<\/script><![endif]--><br \/>\n<video class=\"wp-video-shortcode\" id=\"video-2178-1\" width=\"720\" height=\"1280\" preload=\"metadata\" controls=\"controls\"><source type=\"video\/mp4\" src=\"https:\/\/cmykprinted.com\/wp-content\/uploads\/2024\/08\/Small-Flags-on-Sticks.mp4?_=1\" \/><a href=\"https:\/\/cmykprinted.com\/wp-content\/uploads\/2024\/08\/Small-Flags-on-Sticks.mp4\">https:\/\/cmykprinted.com\/wp-content\/uploads\/2024\/08\/Small-Flags-on-Sticks.mp4<\/a><\/video><\/div>\n<p>&nbsp;<\/p>","protected":false},"featured_media":2179,"template":"","meta":{"_kad_post_transparent":"default","_kad_post_title":"hide","_kad_post_layout":"fullwidth","_kad_post_sidebar_id":"","_kad_post_content_style":"unboxed","_kad_post_vertical_padding":"hide","_kad_post_feature":"hide","_kad_post_feature_position":"","_kad_post_header":false,"_kad_post_footer":false},"product_cat":[79],"product_tag":[490,485,489,486,488,487,484],"class_list":{"0":"post-2178","1":"product","2":"type-product","3":"status-publish","4":"has-post-thumbnail","6":"product_cat-custom-flags","7":"product_tag-hand-held-flags","8":"product_tag-hand-held-flags-of-the-world","9":"product_tag-handheld-banne","10":"product_tag-mini-flags-on-sticks","11":"product_tag-mini-flags-with-stick","12":"product_tag-small-country-flags-on-sticks","13":"product_tag-small-flags-on-sticks","15":"first","16":"instock","17":"shipping-taxable","18":"product-type-simple","19":"entry","20":"content-bg","21":"loop-entry"},"_links":{"self":[{"href":"https:\/\/cmykprinted.com\/hu\/wp-json\/wp\/v2\/product\/2178","targetHints":{"allow":["GET"]}}],"collection":[{"href":"https:\/\/cmykprinted.com\/hu\/wp-json\/wp\/v2\/product"}],"about":[{"href":"https:\/\/cmykprinted.com\/hu\/wp-json\/wp\/v2\/types\/product"}],"version-history":[{"count":1,"href":"https:\/\/cmykprinted.com\/hu\/wp-json\/wp\/v2\/product\/2178\/revisions"}],"predecessor-version":[{"id":2183,"href":"https:\/\/cmykprinted.com\/hu\/wp-json\/wp\/v2\/product\/2178\/revisions\/2183"}],"wp:featuredmedia":[{"embeddable":true,"href":"https:\/\/cmykprinted.com\/hu\/wp-json\/wp\/v2\/media\/2179"}],"wp:attachment":[{"href":"https:\/\/cmykprinted.com\/hu\/wp-json\/wp\/v2\/media?parent=2178"}],"wp:term":[{"taxonomy":"product_cat","embeddable":true,"href":"https:\/\/cmykprinted.com\/hu\/wp-json\/wp\/v2\/product_cat?post=2178"},{"taxonomy":"product_tag","embeddable":true,"href":"https:\/\/cmykprinted.com\/hu\/wp-json\/wp\/v2\/product_tag?post=2178"}],"curies":[{"name":"wp","href":"https:\/\/api.w.org\/{rel}","templated":true}]}}