{"id":2189,"date":"2024-09-18T13:06:31","date_gmt":"2024-09-18T13:06:31","guid":{"rendered":"https:\/\/cmykprinted.com\/?post_type=product&#038;p=2189"},"modified":"2024-09-19T01:45:11","modified_gmt":"2024-09-19T01:45:11","slug":"full-colors-custom-8-feet-printed-spandex-table-covers","status":"publish","type":"product","link":"https:\/\/cmykprinted.com\/hu\/termek\/teljes-szinek-egyedi-8-lab-nyomtatott-spandex-asztalteritok\/","title":{"rendered":"Teljes sz\u00ednek, egyedi 8 l\u00e1b nyomott spandex asztalbor\u00edt\u00f3k"},"content":{"rendered":"","protected":false},"excerpt":{"rendered":"<p><strong>Egyedi nyomtatott spandex asztalbor\u00edt\u00f3k: t\u00f6k\u00e9letes kijelz\u0151 az \u00d6n m\u00e1rk\u00e1j\u00e1hoz<\/strong><\/p>\n<p>A nyomtatott spandex asztalter\u00edt\u0151k a szakki\u00e1ll\u00edt\u00e1sok, a prom\u00f3ci\u00f3s esem\u00e9nyek \u00e9s a kiskereskedelmi bemutat\u00f3k vil\u00e1g\u00e1ban alapvet\u0151 fontoss\u00e1g\u00faakk\u00e1 v\u00e1ltak. A form\u00e1t \u00e9s funkci\u00f3t egyar\u00e1nt k\u00edn\u00e1l\u00f3, eleg\u00e1ns, st\u00edlusos kont\u00far\u00fa, sztreccs spandex asztaltakar\u00f3kat \u00fagy tervezt\u00e9k, hogy k\u00e9nyelmesen illeszkedjenek, \u00e9l\u00e9nk l\u00e1tv\u00e1nyt ny\u00fajtsanak \u00e9s p\u00e1ratlan tart\u00f3ss\u00e1got biztos\u00edtsanak.<\/p>\n<p><strong>Testreszabott szab\u00e1s az \u00d6n ig\u00e9nyeinek megfelel\u0151en<\/strong><\/p>\n<p>Spandex asztaltakar\u00f3ink t\u00f6bbf\u00e9le konfigur\u00e1ci\u00f3ban kaphat\u00f3k, hogy megfeleljenek az \u00d6n egyedi ig\u00e9nyeinek. Ak\u00e1r 4 oldalas huzatra van sz\u00fcks\u00e9ge, ak\u00e1r 4 oldalas, cipz\u00e1ras huzatra van sz\u00fcks\u00e9ge az asztal alatti t\u00e1rol\u00f3helyhez val\u00f3 k\u00f6nny\u0171 hozz\u00e1f\u00e9r\u00e9s \u00e9rdek\u00e9ben, vagy egy h\u00e1romoldalas, nyitott h\u00e1tt\u00e1ml\u00e1ra, hogy a szem\u00e9lyzet tagja \u00fclhessen a kijelz\u0151n\u00e9l, mi fedezte. A spandex\/poli\u00e9szter sz\u00f6vetkever\u00e9k testhez\u00e1ll\u00f3, szinte r\u00e1ncmentes fel\u00fcletet biztos\u00edt, amely b\u00e1rmilyen k\u00f6rnyezetben j\u00f3l mutat.<\/p>\n<p>A belt\u00e9ri \u00e9s k\u00fclt\u00e9ri esem\u00e9nyekhez egyar\u00e1nt tervezett bor\u00edt\u00f3k n\u00e9pszer\u0171ek a ki\u00e1ll\u00edt\u00e1sokon, kiskereskedelmi \u00fczletekben, prom\u00f3ci\u00f3s esem\u00e9nyeken \u00e9s v\u00e1llalati el\u0151csarnokokban. A meger\u0151s\u00edtett l\u00e1bzsebek \u00e9s a nagy teherb\u00edr\u00e1s\u00fa cipz\u00e1rak dupl\u00e1n varrtak a nagyobb tart\u00f3ss\u00e1g \u00e9rdek\u00e9ben, \u00edgy a huzat m\u00e9g szeles id\u0151ben is biztons\u00e1gosan a hely\u00e9n marad. T\u00f6bb\u00e9 nem kell agg\u00f3dnia amiatt, hogy az asztaltakar\u00f3 elsz\u00e1ll a szabadban.<\/p>\n<p>Kiv\u00e1l\u00f3 min\u0151s\u00e9g\u0171 sz\u00f6vet \u00e9s nyomtat\u00e1s a maxim\u00e1lis hat\u00e1s \u00e9rdek\u00e9ben<\/p>\n<p>Asztaltakar\u00f3inkat az anyagmin\u0151s\u00e9g \u00e9s a nyomtat\u00e1si folyamat k\u00fcl\u00f6nb\u00f6zteti meg egym\u00e1st\u00f3l. A 280-as GSM sz\u00f6vetb\u0151l k\u00e9sz\u00fclt huzataink vastagabbak \u00e9s tart\u00f3sabbak, mint a legt\u00f6bb versenyt\u00e1rsunk, \u00e9s ez a v\u00e9gterm\u00e9ken is l\u00e1tszik. Minden r\u00e9szletre \u00f6sszpontos\u00edtunk, hogy olyan term\u00e9ket sz\u00e1ll\u00edtsunk, amely meghaladja az elv\u00e1r\u00e1sokat.<\/p>\n<p>A meger\u0151s\u00edtett polipropil\u00e9n l\u00e1bzsebek extra sz\u00e9lesek, \u00edgy minden asztall\u00e1b konfigur\u00e1ci\u00f3hoz illeszkednek. A diz\u00e1jnra ford\u00edtott apr\u00f3l\u00e9kos odafigyel\u00e9s nemcsak tart\u00f3ss\u00e1, hanem sokoldal\u00fav\u00e1 teszi a huzatokat, \u00edgy b\u00e1rmilyen rendezv\u00e9nyre alkalmas.<\/p>\n<p>A spandex asztalter\u00edt\u0151ink egyik legfontosabb jellemz\u0151je az \u00e9l\u00e9nk, kiv\u00e1l\u00f3 min\u0151s\u00e9g\u0171 log\u00f3nyomtat\u00e1s, amely kiemeli m\u00e1rk\u00e1j\u00e1t. Fest\u00e9kszublim\u00e1ci\u00f3s technol\u00f3gi\u00e1val intenz\u00edv h\u0151t alkalmazva adjuk \u00e1t a diz\u00e1jnt, teljesen be\u00e1gyazva a sz\u00edneket az anyagba. Ez a fejlett nyomtat\u00e1si technika tart\u00f3s, ragyog\u00f3 sz\u00edneket eredm\u00e9nyez, amelyek nem fakulnak ki. Ak\u00e1r t\u00f6bb ezer sz\u00ednt, ak\u00e1r kiv\u00e1l\u00f3 min\u0151s\u00e9g\u0171 f\u00e9nyk\u00e9pfelv\u00e9telt vagy direktsz\u00ednes elemeket szeretne nyomtatni, mi \u00e9letre keltj\u00fck elk\u00e9pzel\u00e9seit.<\/p>\n<p>Nyomtat\u00e1si folyamatunk biztos\u00edtja, hogy log\u00f3j\u00e1nak vagy diz\u00e1jnj\u00e1nak m\u00e9g a legbonyolultabb r\u00e9szletei is \u201efelpattanjanak\u201d, professzion\u00e1lis, csiszolt megjelen\u00e9st k\u00f6lcs\u00f6n\u00f6zve a kijelz\u0151j\u00e9nek. Ig\u00e9ny szerint ak\u00e1r 3D hat\u00e1st is l\u00e9trehozhat a terv\u00e9vel.<\/p>\n<p>Egyedi tervez\u00e9si lehet\u0151s\u00e9gek: az \u00d6n m\u00e1rk\u00e1ja, az \u00d6n \u00fatja<\/p>\n<p>Teljes testreszab\u00e1si lehet\u0151s\u00e9geket k\u00edn\u00e1lunk az \u00d6n m\u00e1rka\u00e9p\u00edt\u00e9si ig\u00e9nyeinek kiel\u00e9g\u00edt\u00e9s\u00e9re. V\u00e1lasszon feh\u00e9r h\u00e1tteret, 20 k\u00e9szletsz\u00edn\u00fcnk egyik\u00e9t, vagy biztos\u00edtson nek\u00fcnk egy adott Pantone sz\u00ednt vagy mint\u00e1t a h\u00e1tt\u00e9rhez. Ak\u00e1r a teljes asztalburkolatot, ak\u00e1r csak az el\u0151lapot k\u00edv\u00e1nja nyomtatni, mindk\u00e9t opci\u00f3hoz ugyanazt az \u00e1rat k\u00edn\u00e1ljuk.<\/p>\n<p>Ha nem rendelkezik nagy felbont\u00e1s\u00fa m\u0171v\u00e9szeti f\u00e1jllal, grafikusaink seg\u00edthetnek a megl\u00e9v\u0151 f\u00e1jl konvert\u00e1l\u00e1s\u00e1ban, vagy \u00faj nyomatterv l\u00e9trehoz\u00e1s\u00e1ban.<\/p>\n<p>Tart\u00f3s \u00e9s k\u00f6nnyen karbantarthat\u00f3<\/p>\n<p>A spandex asztalhuzatainkat tart\u00f3sra tervezt\u00e9k. Nem csak r\u00e1nc\u00e1ll\u00f3ak, de mos\u00f3g\u00e9pben is moshat\u00f3k az egyszer\u0171 gondoz\u00e1s \u00e9rdek\u00e9ben. Egyszer\u0171en haszn\u00e1ljon vizet a mos\u00e1shoz, feh\u00e9r\u00edt\u0151por n\u00e9lk\u00fcl. Ezek a huzatok azonnal visszany\u00falnak form\u00e1jukba, \u00edgy minden alkalommal professzion\u00e1lis megjelen\u00e9st k\u00f6lcs\u00f6n\u00f6znek \u00d6nnek.<\/p>\n<p>Gyors \u00e9s megb\u00edzhat\u00f3 gy\u00e1rt\u00e1si id\u0151<\/p>\n<p>Tiszt\u00e1ban vagyunk a hat\u00e1rid\u0151k fontoss\u00e1g\u00e1val, ez\u00e9rt rugalmas gy\u00e1rt\u00e1si \u00fctemez\u00e9st k\u00edn\u00e1lunk:<\/p>\n<p>4 napos megtakar\u00edt\u00f3 gy\u00e1rt\u00e1s<br \/>\n3 napos standard gy\u00e1rt\u00e1s<br \/>\n2 napos rohan\u00f3 gy\u00e1rt\u00e1s<br \/>\nNext-Day Express gy\u00e1rt\u00e1s<br \/>\nSame Day Rush Critical Production<br \/>\nA gy\u00e1rt\u00e1si id\u0151nkre garanci\u00e1t is v\u00e1llalunk. Ha nem tartjuk be a garant\u00e1lt hat\u00e1rid\u0151t, teljes visszat\u00e9r\u00edt\u00e9st kap, \u00e9s az asztaltakar\u00f3t tov\u00e1bbra is kinyomtatjuk \u00e9s d\u00edjmentesen sz\u00e1ll\u00edtjuk.<\/p>\n<p>Nincsenek rejtett d\u00edjak: amit l\u00e1tsz, azt kapod.<\/p>\n<div style=\"width: 854px;\" class=\"wp-video\"><!--[if lt IE 9]><script>document.createElement('video');<\/script><![endif]--><br \/>\n<video class=\"wp-video-shortcode\" id=\"video-2189-1\" width=\"854\" height=\"480\" preload=\"metadata\" controls=\"controls\"><source type=\"video\/mp4\" src=\"https:\/\/cmykprinted.com\/wp-content\/uploads\/2024\/09\/printed-spandex-table-covers.mp4?_=1\" \/><a href=\"https:\/\/cmykprinted.com\/wp-content\/uploads\/2024\/09\/printed-spandex-table-covers.mp4\">https:\/\/cmykprinted.com\/wp-content\/uploads\/2024\/09\/printed-spandex-table-covers.mp4<\/a><\/video><\/div>","protected":false},"featured_media":2193,"template":"","meta":{"_kad_post_transparent":"default","_kad_post_title":"hide","_kad_post_layout":"fullwidth","_kad_post_sidebar_id":"","_kad_post_content_style":"unboxed","_kad_post_vertical_padding":"hide","_kad_post_feature":"hide","_kad_post_feature_position":"","_kad_post_header":false,"_kad_post_footer":false},"product_cat":[80,81,83],"product_tag":[496,497,498,494,495],"class_list":{"0":"post-2189","1":"product","2":"type-product","3":"status-publish","4":"has-post-thumbnail","6":"product_cat-custom-tablecloth","7":"product_cat-custom-stretch-tablecloth","8":"product_cat-fitted-table-cover","9":"product_tag-8-feet-printed-spandex-table-covers","10":"product_tag-custom-8-feet-table-cover","11":"product_tag-full-colors-printed-table-covers","12":"product_tag-printed-spandex-table-covers","13":"product_tag-spandex-table-covers","15":"first","16":"instock","17":"shipping-taxable","18":"product-type-simple","19":"entry","20":"content-bg","21":"loop-entry"},"_links":{"self":[{"href":"https:\/\/cmykprinted.com\/hu\/wp-json\/wp\/v2\/product\/2189","targetHints":{"allow":["GET"]}}],"collection":[{"href":"https:\/\/cmykprinted.com\/hu\/wp-json\/wp\/v2\/product"}],"about":[{"href":"https:\/\/cmykprinted.com\/hu\/wp-json\/wp\/v2\/types\/product"}],"version-history":[{"count":2,"href":"https:\/\/cmykprinted.com\/hu\/wp-json\/wp\/v2\/product\/2189\/revisions"}],"predecessor-version":[{"id":2200,"href":"https:\/\/cmykprinted.com\/hu\/wp-json\/wp\/v2\/product\/2189\/revisions\/2200"}],"wp:featuredmedia":[{"embeddable":true,"href":"https:\/\/cmykprinted.com\/hu\/wp-json\/wp\/v2\/media\/2193"}],"wp:attachment":[{"href":"https:\/\/cmykprinted.com\/hu\/wp-json\/wp\/v2\/media?parent=2189"}],"wp:term":[{"taxonomy":"product_cat","embeddable":true,"href":"https:\/\/cmykprinted.com\/hu\/wp-json\/wp\/v2\/product_cat?post=2189"},{"taxonomy":"product_tag","embeddable":true,"href":"https:\/\/cmykprinted.com\/hu\/wp-json\/wp\/v2\/product_tag?post=2189"}],"curies":[{"name":"wp","href":"https:\/\/api.w.org\/{rel}","templated":true}]}}