{"id":2202,"date":"2024-09-19T05:59:18","date_gmt":"2024-09-19T05:59:18","guid":{"rendered":"https:\/\/cmykprinted.com\/?post_type=product&#038;p=2202"},"modified":"2024-10-06T04:57:21","modified_gmt":"2024-10-06T04:57:21","slug":"cheap-and-fast-turnaround-uv-transfer-sticker-printing","status":"publish","type":"product","link":"https:\/\/cmykprinted.com\/hu\/termek\/olcso-es-gyors-uv-transzfer-matrica-nyomtatas\/","title":{"rendered":"Olcs\u00f3 \u00e9s gyors \u00e1t\u00e1ll\u00e1s\u00fa UV matricanyomtat\u00e1s"},"content":{"rendered":"","protected":false},"excerpt":{"rendered":"<p>A mai versenypiacon fontosabb, hogy m\u00e1rk\u00e1ja kit\u0171nj\u00f6n, mint valaha. Ennek el\u00e9r\u00e9s\u00e9re az egyik leginnovat\u00edvabb \u00e9s leghat\u00e9konyabb m\u00f3dszer az UV transzfer matrica nyomtat\u00e1s. Ez a technika, k\u00fcl\u00f6n\u00f6sen az UV DTF (Direct to Film) nyomtat\u00e1s k\u00f6lts\u00e9ghat\u00e9kony megold\u00e1st k\u00edn\u00e1l egyedi matric\u00e1k k\u00e9sz\u00edt\u00e9s\u00e9hez, amelyek nemcsak szemet gy\u00f6ny\u00f6rk\u00f6dtet\u0151ek, hanem sokoldal\u00faak is.<\/p>\n<div style=\"width: 854px;\" class=\"wp-video\"><!--[if lt IE 9]><script>document.createElement('video');<\/script><![endif]--><br \/>\n<video class=\"wp-video-shortcode\" id=\"video-2202-1\" width=\"854\" height=\"480\" preload=\"metadata\" controls=\"controls\"><source type=\"video\/mp4\" src=\"https:\/\/cmykprinted.com\/wp-content\/uploads\/2024\/09\/uv-transfer-sticker-printing.mp4?_=1\" \/><a href=\"https:\/\/cmykprinted.com\/wp-content\/uploads\/2024\/09\/uv-transfer-sticker-printing.mp4\">https:\/\/cmykprinted.com\/wp-content\/uploads\/2024\/09\/uv-transfer-sticker-printing.mp4<\/a><\/video><\/div>","protected":false},"featured_media":2223,"template":"","meta":{"_kad_post_transparent":"default","_kad_post_title":"hide","_kad_post_layout":"fullwidth","_kad_post_sidebar_id":"","_kad_post_content_style":"unboxed","_kad_post_vertical_padding":"hide","_kad_post_feature":"hide","_kad_post_feature_position":"","_kad_post_header":false,"_kad_post_footer":false},"product_cat":[101,103],"product_tag":[509,510,508,507],"class_list":{"0":"post-2202","1":"product","2":"type-product","3":"status-publish","4":"has-post-thumbnail","6":"product_cat-transfer-stickers","7":"product_cat-uv-transfer-stickers","8":"product_tag-cheap-uv-transfer-sticker","9":"product_tag-cheap-uv-transfer-sticker-printing","10":"product_tag-transfer-sticker-printing","11":"product_tag-uv-transfer-sticker-printing","13":"first","14":"instock","15":"shipping-taxable","16":"product-type-simple","17":"entry","18":"content-bg","19":"loop-entry"},"_links":{"self":[{"href":"https:\/\/cmykprinted.com\/hu\/wp-json\/wp\/v2\/product\/2202","targetHints":{"allow":["GET"]}}],"collection":[{"href":"https:\/\/cmykprinted.com\/hu\/wp-json\/wp\/v2\/product"}],"about":[{"href":"https:\/\/cmykprinted.com\/hu\/wp-json\/wp\/v2\/types\/product"}],"version-history":[{"count":1,"href":"https:\/\/cmykprinted.com\/hu\/wp-json\/wp\/v2\/product\/2202\/revisions"}],"predecessor-version":[{"id":2229,"href":"https:\/\/cmykprinted.com\/hu\/wp-json\/wp\/v2\/product\/2202\/revisions\/2229"}],"wp:featuredmedia":[{"embeddable":true,"href":"https:\/\/cmykprinted.com\/hu\/wp-json\/wp\/v2\/media\/2223"}],"wp:attachment":[{"href":"https:\/\/cmykprinted.com\/hu\/wp-json\/wp\/v2\/media?parent=2202"}],"wp:term":[{"taxonomy":"product_cat","embeddable":true,"href":"https:\/\/cmykprinted.com\/hu\/wp-json\/wp\/v2\/product_cat?post=2202"},{"taxonomy":"product_tag","embeddable":true,"href":"https:\/\/cmykprinted.com\/hu\/wp-json\/wp\/v2\/product_tag?post=2202"}],"curies":[{"name":"wp","href":"https:\/\/api.w.org\/{rel}","templated":true}]}}