{"id":2204,"date":"2024-09-27T08:24:46","date_gmt":"2024-09-27T08:24:46","guid":{"rendered":"https:\/\/cmykprinted.com\/?post_type=product&#038;p=2204"},"modified":"2024-09-30T01:11:28","modified_gmt":"2024-09-30T01:11:28","slug":"custom-advertising-flags-for-promotional-business-use-at-best-price","status":"publish","type":"product","link":"https:\/\/cmykprinted.com\/hu\/termek\/egyedi-reklamzaszlok-promocios-uzleti-hasznalatra-a-legjobb-aron\/","title":{"rendered":"Egyedi rekl\u00e1mz\u00e1szl\u00f3k prom\u00f3ci\u00f3s \u00e9s \u00fczleti haszn\u00e1latra a legjobb \u00e1ron"},"content":{"rendered":"","protected":false},"excerpt":{"rendered":"<p>Hat\u00e9kony, m\u00e9gis megfizethet\u0151 m\u00f3dszert keres m\u00e1rk\u00e1ja ismerts\u00e9g\u00e9nek n\u00f6vel\u00e9s\u00e9re? Az egyedi rekl\u00e1mz\u00e1szl\u00f3k ide\u00e1lis megold\u00e1st jelentenek azoknak a v\u00e1llalkoz\u00e1soknak, amelyek szeretn\u00e9k felkelteni a figyelmet, \u00e9s t\u00f6bb \u00fcgyfelet szeretn\u00e9nek vonzani. Ezek az \u00e9l\u00e9nk, egyedi nyomtatott z\u00e1szl\u00f3k hat\u00e9kony marketingeszk\u00f6z\u00f6k a kirakat vagy rendezv\u00e9nyek jelenl\u00e9t\u00e9nek fokoz\u00e1s\u00e1ra. Egyedi rekl\u00e1mz\u00e1szl\u00f3ink \u200b\u200bnemcsak \u00fczleti c\u00e9lokra, hanem sportrendezv\u00e9nyek prom\u00f3ci\u00f3j\u00e1ra, nemzeti \u00fcnnepi z\u00e1szl\u00f3 kihelyez\u00e9s\u00e9re, valamint eln\u00f6kv\u00e1laszt\u00e1si kamp\u00e1nyok eszk\u00f6zek\u00e9nt is haszn\u00e1lhat\u00f3k k\u00fcl\u00f6nb\u00f6z\u0151 orsz\u00e1gokban. Hagyja, hogy az emberek az utc\u00e1n tartsanak z\u00e1szl\u00f3kat az \u00d6n nev\u00e9vel vagy f\u00e9nyk\u00e9p\u00e9vel, \u00e9s az \u00e1r is olcs\u00f3. Ez egy nagyon hat\u00e9kony \u00e9s gazdas\u00e1gos v\u00e1laszt\u00f3i munka.<\/p>\n<p><strong>\u00dcdv\u00f6z\u00f6lj\u00fck \u00e9rt\u00e9kes\u00edt\u00e9si csapatunkkal a leggyorsabb legjobb szolg\u00e1ltat\u00e1s\u00e9rt \u00e9s ingyenes mint\u00e1k\u00e9rt, hogy megtekinthesse min\u0151s\u00e9g\u00fcnket.<\/strong><\/p>\n<div style=\"width: 1280px;\" class=\"wp-video\"><!--[if lt IE 9]><script>document.createElement('video');<\/script><![endif]--><br \/>\n<video class=\"wp-video-shortcode\" id=\"video-2204-1\" width=\"1280\" height=\"576\" preload=\"metadata\" controls=\"controls\"><source type=\"video\/mp4\" src=\"https:\/\/cmykprinted.com\/wp-content\/uploads\/2024\/09\/custom-advertising-flags.mp4?_=1\" \/><a href=\"https:\/\/cmykprinted.com\/wp-content\/uploads\/2024\/09\/custom-advertising-flags.mp4\">https:\/\/cmykprinted.com\/wp-content\/uploads\/2024\/09\/custom-advertising-flags.mp4<\/a><\/video><\/div>\n<p>&nbsp;<\/p>","protected":false},"featured_media":2205,"template":"","meta":{"_kad_post_transparent":"default","_kad_post_title":"hide","_kad_post_layout":"fullwidth","_kad_post_sidebar_id":"","_kad_post_content_style":"unboxed","_kad_post_vertical_padding":"hide","_kad_post_feature":"hide","_kad_post_feature_position":"","_kad_post_header":false,"_kad_post_footer":false},"product_cat":[79],"product_tag":[500,499,503,501,502],"class_list":{"0":"post-2204","1":"product","2":"type-product","3":"status-publish","4":"has-post-thumbnail","6":"product_cat-custom-flags","7":"product_tag-advertising-flags","8":"product_tag-custom-advertising-flags","9":"product_tag-custom-advertising-flags-at-best-price","10":"product_tag-custom-flags","11":"product_tag-custom-flags-cheap","13":"first","14":"instock","15":"shipping-taxable","16":"product-type-simple","17":"entry","18":"content-bg","19":"loop-entry"},"_links":{"self":[{"href":"https:\/\/cmykprinted.com\/hu\/wp-json\/wp\/v2\/product\/2204","targetHints":{"allow":["GET"]}}],"collection":[{"href":"https:\/\/cmykprinted.com\/hu\/wp-json\/wp\/v2\/product"}],"about":[{"href":"https:\/\/cmykprinted.com\/hu\/wp-json\/wp\/v2\/types\/product"}],"version-history":[{"count":3,"href":"https:\/\/cmykprinted.com\/hu\/wp-json\/wp\/v2\/product\/2204\/revisions"}],"predecessor-version":[{"id":2212,"href":"https:\/\/cmykprinted.com\/hu\/wp-json\/wp\/v2\/product\/2204\/revisions\/2212"}],"wp:featuredmedia":[{"embeddable":true,"href":"https:\/\/cmykprinted.com\/hu\/wp-json\/wp\/v2\/media\/2205"}],"wp:attachment":[{"href":"https:\/\/cmykprinted.com\/hu\/wp-json\/wp\/v2\/media?parent=2204"}],"wp:term":[{"taxonomy":"product_cat","embeddable":true,"href":"https:\/\/cmykprinted.com\/hu\/wp-json\/wp\/v2\/product_cat?post=2204"},{"taxonomy":"product_tag","embeddable":true,"href":"https:\/\/cmykprinted.com\/hu\/wp-json\/wp\/v2\/product_tag?post=2204"}],"curies":[{"name":"wp","href":"https:\/\/api.w.org\/{rel}","templated":true}]}}