{"id":2213,"date":"2024-09-30T03:03:20","date_gmt":"2024-09-30T03:03:20","guid":{"rendered":"https:\/\/cmykprinted.com\/?post_type=product&#038;p=2213"},"modified":"2024-10-02T12:51:57","modified_gmt":"2024-10-02T12:51:57","slug":"oval-pop-up-a-frame-banner-with-fast-turnaround","status":"publish","type":"product","link":"https:\/\/cmykprinted.com\/hu\/termek\/ovalis-pop-up-egy-keret-banner-gyors-forduloval\/","title":{"rendered":"Ov\u00e1lis felbukkan egy keretes szalaghirdet\u00e9s gyors \u00e1tfut\u00e1ssal"},"content":{"rendered":"","protected":false},"excerpt":{"rendered":"<p>A mai versenypiacon elengedhetetlen, hogy m\u00e1rk\u00e1ja kiemelkedjen. L\u00e9pjen be az el\u0151ugr\u00f3 ablakba A<\/p>\n<p>Frame Banner \u2013 egy k\u00f6nny\u0171, hordozhat\u00f3 \u00e9s rendk\u00edv\u00fcl hat\u00e9kony megjelen\u00edt\u00e9si megold\u00e1s, amely belt\u00e9ri \u00e9s k\u00fclt\u00e9ri esem\u00e9nyekhez egyar\u00e1nt t\u00f6k\u00e9letes. Ezeket a sokoldal\u00fa bannereket az azonnali l\u00e1that\u00f3s\u00e1gra tervezt\u00e9k, \u00e9s ide\u00e1lisak sportesem\u00e9nyekhez, kereskedelmi bemutat\u00f3khoz, prom\u00f3ci\u00f3khoz \u00e9s ir\u00e1nyjelz\u0151 t\u00e1bl\u00e1khoz.<\/p>\n<p><strong>F\u0151bb jellemz\u0151k<\/strong><br \/>\n<strong>Hordozhat\u00f3s\u00e1g \u00e9s k\u00e9nyelem:<\/strong><br \/>\nAz Oval Pop Up A-Frame bannereket a mobilit\u00e1st szem el\u0151tt tartva tervezt\u00e9k. \u00d6sszecsukhat\u00f3 f\u00e9mv\u00e1zuk k\u00f6nnyed\u00e9n \u00f6sszecsukhat\u00f3 egy kompakt t\u00e1rol\u00f3t\u00e1sk\u00e1v\u00e1, \u00edgy a sz\u00e1ll\u00edt\u00e1s \u00e9s az \u00f6sszeszerel\u00e9s gyerekj\u00e1t\u00e9k. Ak\u00e1r egy ki\u00e1ll\u00edt\u00e1sra, ak\u00e1r egy sportesem\u00e9nyre k\u00e9sz\u00fcl, ezeket a transzparenseket k\u00f6nnyed\u00e9n mag\u00e1val viheti b\u00e1rhov\u00e1, ahol a lehet\u0151 legnagyobb expoz\u00edci\u00f3ra van sz\u00fcks\u00e9ge.<\/p>\n<p><strong>Els\u0151 a biztons\u00e1g:<\/strong><br \/>\nAz A-keret kialak\u00edt\u00e1s\u00e1nak egyik kiemelked\u0151 tulajdons\u00e1ga a biztons\u00e1g. A merev kijelz\u0151kkel ellent\u00e9tben ezek a transzparensek nem jelentenek s\u00e9r\u00fcl\u00e9svesz\u00e9lyt a j\u00e1t\u00e9kosoknak vagy a sportp\u00e1ly\u00e1kon r\u00e9sztvev\u0151knek, \u00edgy praktikus v\u00e1laszt\u00e1s a szabadt\u00e9ri rendezv\u00e9nyekhez.<\/p>\n<p><strong>Testreszabhat\u00f3 m\u00e9retek \u00e9s form\u00e1k:<\/strong><br \/>\nN\u00e9gy m\u00e9retben kaphat\u00f3 \u2013 Kicsi (62 x 126 cm), K\u00f6zepes (65 x 160 cm), Nagy (100 x 200 cm) \u00e9s Extra Large (110 x 270 cm) \u2013 a Pop Up A-keret testreszabhat\u00f3. b\u00e1rmilyen alkalomra. Minden banner k\u00e9toldalas, teljes fest\u00e9kszublim\u00e1ci\u00f3s nyomattal, \u00e9l\u00e9nk grafik\u00e1t biztos\u00edtva, amely minden sz\u00f6gb\u0151l felkelti a figyelmet.<\/p>\n<p><strong>Stabilit\u00e1s minden k\u00f6r\u00fclm\u00e9nyek k\u00f6z\u00f6tt:<\/strong><br \/>\nA stabilit\u00e1s biztos\u00edt\u00e1sa \u00e9rdek\u00e9ben minden transzparenshez f\u00f6ldi kar\u00f3k tartoznak, amelyek puha fel\u00fcleteken, p\u00e9ld\u00e1ul homokon, f\u0171ben, h\u00f3ban vagy talajon haszn\u00e1lhat\u00f3k. Kem\u00e9ny fel\u00fcleteken egyszer\u0171en m\u00e9rje le \u0151ket a nagyobb biztons\u00e1g \u00e9rdek\u00e9ben. Ez a funkci\u00f3 biztos\u00edtja, hogy a szalaghirdet\u00e9s f\u00fcgg\u0151legesen \u00e9s j\u00f3l l\u00e1that\u00f3 maradjon, f\u00fcggetlen\u00fcl a k\u00f6rnyezett\u0151l.<\/p>\n<p><strong>B\u00e1rmilyen rendezv\u00e9nyre t\u00f6k\u00e9letes<\/strong><br \/>\nA Pop Up A-Frame bannerek k\u00fcl\u00f6n\u00f6sen alkalmasak szabadt\u00e9ri esem\u00e9nyekre, p\u00e9ld\u00e1ul fut\u00f3versenyekre, golfversenyekre \u00e9s fesztiv\u00e1lokra. K\u00f6nny\u0171 be\u00e1ll\u00edt\u00e1suk, sz\u00e9tszerel\u00e9s\u00fck \u00e9s t\u00e1rol\u00e1si lehet\u0151s\u00e9g\u00fck miatt a m\u00e1rkamegjelen\u00edt\u00e9s \u00e9s az elk\u00f6telez\u0151d\u00e9s maximaliz\u00e1l\u00e1s\u00e1ra t\u00f6rekv\u0151 rendezv\u00e9nyszervez\u0151k kit\u0171n\u0151 v\u00e1laszt\u00e1ss\u00e1 teszik \u0151ket.<\/p>\n<div style=\"width: 800px;\" class=\"wp-video\"><!--[if lt IE 9]><script>document.createElement('video');<\/script><![endif]--><br \/>\n<video class=\"wp-video-shortcode\" id=\"video-2213-1\" width=\"800\" height=\"800\" preload=\"metadata\" controls=\"controls\"><source type=\"video\/mp4\" src=\"https:\/\/cmykprinted.com\/wp-content\/uploads\/2024\/09\/pop-up-a-frame-banner-01.mp4?_=1\" \/><a href=\"https:\/\/cmykprinted.com\/wp-content\/uploads\/2024\/09\/pop-up-a-frame-banner-01.mp4\">https:\/\/cmykprinted.com\/wp-content\/uploads\/2024\/09\/pop-up-a-frame-banner-01.mp4<\/a><\/video><\/div>","protected":false},"featured_media":2217,"template":"","meta":{"_kad_post_transparent":"default","_kad_post_title":"hide","_kad_post_layout":"fullwidth","_kad_post_sidebar_id":"","_kad_post_content_style":"unboxed","_kad_post_vertical_padding":"hide","_kad_post_feature":"hide","_kad_post_feature_position":"","_kad_post_header":false,"_kad_post_footer":false},"product_cat":[92,94],"product_tag":[506,505,504,128],"class_list":{"0":"post-2213","1":"product","2":"type-product","3":"status-publish","4":"has-post-thumbnail","6":"product_cat-pop-up-banners","7":"product_cat-horizontal-pop-up-banners","8":"product_tag-a-frame-banner","9":"product_tag-oval-pop-up-a-frame-banner","10":"product_tag-pop-up-a-frame-banner","11":"product_tag-pop-up-banner","13":"first","14":"instock","15":"shipping-taxable","16":"product-type-simple","17":"entry","18":"content-bg","19":"loop-entry"},"_links":{"self":[{"href":"https:\/\/cmykprinted.com\/hu\/wp-json\/wp\/v2\/product\/2213","targetHints":{"allow":["GET"]}}],"collection":[{"href":"https:\/\/cmykprinted.com\/hu\/wp-json\/wp\/v2\/product"}],"about":[{"href":"https:\/\/cmykprinted.com\/hu\/wp-json\/wp\/v2\/types\/product"}],"version-history":[{"count":1,"href":"https:\/\/cmykprinted.com\/hu\/wp-json\/wp\/v2\/product\/2213\/revisions"}],"predecessor-version":[{"id":2222,"href":"https:\/\/cmykprinted.com\/hu\/wp-json\/wp\/v2\/product\/2213\/revisions\/2222"}],"wp:featuredmedia":[{"embeddable":true,"href":"https:\/\/cmykprinted.com\/hu\/wp-json\/wp\/v2\/media\/2217"}],"wp:attachment":[{"href":"https:\/\/cmykprinted.com\/hu\/wp-json\/wp\/v2\/media?parent=2213"}],"wp:term":[{"taxonomy":"product_cat","embeddable":true,"href":"https:\/\/cmykprinted.com\/hu\/wp-json\/wp\/v2\/product_cat?post=2213"},{"taxonomy":"product_tag","embeddable":true,"href":"https:\/\/cmykprinted.com\/hu\/wp-json\/wp\/v2\/product_tag?post=2213"}],"curies":[{"name":"wp","href":"https:\/\/api.w.org\/{rel}","templated":true}]}}