{"id":2353,"date":"2025-02-03T13:29:14","date_gmt":"2025-02-03T13:29:14","guid":{"rendered":"https:\/\/cmykprinted.com\/?post_type=product&#038;p=2353"},"modified":"2025-02-03T13:29:14","modified_gmt":"2025-02-03T13:29:14","slug":"large-size-outdoor-advertising-mesh-banners","status":"publish","type":"product","link":"https:\/\/cmykprinted.com\/hu\/termek\/nagymeretu-kulteri-reklamhalos-molinok\/","title":{"rendered":"Nagy m\u00e9ret\u0171 k\u00fclt\u00e9ri h\u00e1l\u00f3s bannerek"},"content":{"rendered":"","protected":false},"excerpt":{"rendered":"<p>A k\u00fclt\u00e9ri h\u00e1l\u00f3s transzparensek speci\u00e1lisan kialak\u00edtott, perfor\u00e1lt vinilb\u0151l vagy sz\u00f6vetb\u0151l k\u00e9sz\u00fclt transzparensek, amelyek \u00e1tengedik a szelet. Ezek a bannerek ide\u00e1lisak k\u00fclt\u00e9ri rekl\u00e1moz\u00e1shoz szeles helyeken, mivel a h\u00e1l\u00f3s szerkezet cs\u00f6kkenti a sz\u00e9lellen\u00e1ll\u00e1st \u00e9s megakad\u00e1lyozza a szakad\u00e1st. Tart\u00f3sak, id\u0151j\u00e1r\u00e1s\u00e1ll\u00f3ak, \u00e9s kiv\u00e1l\u00f3 min\u0151s\u00e9g\u0171 nyomtatott grafik\u00e1t biztos\u00edtanak k\u00fcl\u00f6nf\u00e9le alkalmaz\u00e1sokhoz.<\/p>\n<div style=\"width: 1290px;\" class=\"wp-video\"><!--[if lt IE 9]><script>document.createElement('video');<\/script><![endif]--><br \/>\n<video class=\"wp-video-shortcode\" id=\"video-2353-1\" width=\"1290\" height=\"726\" loop autoplay preload=\"auto\" controls=\"controls\"><source type=\"video\/mp4\" src=\"http:\/\/cmykprinted.com\/wp-content\/uploads\/2022\/12\/Fence-Mesh-Banners.mp4?_=1\" \/><a href=\"http:\/\/cmykprinted.com\/wp-content\/uploads\/2022\/12\/Fence-Mesh-Banners.mp4\">http:\/\/cmykprinted.com\/wp-content\/uploads\/2022\/12\/Fence-Mesh-Banners.mp4<\/a><\/video><\/div>\n<div style=\"width: 960px;\" class=\"wp-video\"><video class=\"wp-video-shortcode\" id=\"video-2353-2\" width=\"960\" height=\"540\" preload=\"metadata\" controls=\"controls\"><source type=\"video\/mp4\" src=\"https:\/\/cmykprinted.com\/wp-content\/uploads\/2025\/02\/Mesh-Banner-Printing.mp4?_=2\" \/><a href=\"https:\/\/cmykprinted.com\/wp-content\/uploads\/2025\/02\/Mesh-Banner-Printing.mp4\">https:\/\/cmykprinted.com\/wp-content\/uploads\/2025\/02\/Mesh-Banner-Printing.mp4<\/a><\/video><\/div>","protected":false},"featured_media":2354,"template":"","meta":{"_kad_post_transparent":"default","_kad_post_title":"hide","_kad_post_layout":"fullwidth","_kad_post_sidebar_id":"","_kad_post_content_style":"unboxed","_kad_post_vertical_padding":"hide","_kad_post_feature":"hide","_kad_post_feature_position":"","_kad_post_header":false,"_kad_post_footer":false},"product_cat":[85,87,86],"product_tag":[522,524,523,122],"class_list":{"0":"post-2353","1":"product","2":"type-product","3":"status-publish","4":"has-post-thumbnail","6":"product_cat-outdoor-vinyl-banners","7":"product_cat-fabric-mesh-banners","8":"product_cat-fence-mesh-banners","9":"product_tag-advertising-mesh-banners","10":"product_tag-large-size-mesh-banners","11":"product_tag-mesh-banners","12":"product_tag-outdoor-mesh-banners","14":"first","15":"instock","16":"shipping-taxable","17":"product-type-simple","18":"entry","19":"content-bg","20":"loop-entry"},"_links":{"self":[{"href":"https:\/\/cmykprinted.com\/hu\/wp-json\/wp\/v2\/product\/2353","targetHints":{"allow":["GET"]}}],"collection":[{"href":"https:\/\/cmykprinted.com\/hu\/wp-json\/wp\/v2\/product"}],"about":[{"href":"https:\/\/cmykprinted.com\/hu\/wp-json\/wp\/v2\/types\/product"}],"version-history":[{"count":1,"href":"https:\/\/cmykprinted.com\/hu\/wp-json\/wp\/v2\/product\/2353\/revisions"}],"predecessor-version":[{"id":2362,"href":"https:\/\/cmykprinted.com\/hu\/wp-json\/wp\/v2\/product\/2353\/revisions\/2362"}],"wp:featuredmedia":[{"embeddable":true,"href":"https:\/\/cmykprinted.com\/hu\/wp-json\/wp\/v2\/media\/2354"}],"wp:attachment":[{"href":"https:\/\/cmykprinted.com\/hu\/wp-json\/wp\/v2\/media?parent=2353"}],"wp:term":[{"taxonomy":"product_cat","embeddable":true,"href":"https:\/\/cmykprinted.com\/hu\/wp-json\/wp\/v2\/product_cat?post=2353"},{"taxonomy":"product_tag","embeddable":true,"href":"https:\/\/cmykprinted.com\/hu\/wp-json\/wp\/v2\/product_tag?post=2353"}],"curies":[{"name":"wp","href":"https:\/\/api.w.org\/{rel}","templated":true}]}}