{"id":2405,"date":"2025-03-17T09:13:07","date_gmt":"2025-03-17T09:13:07","guid":{"rendered":"https:\/\/cmykprinted.com\/?post_type=product&#038;p=2405"},"modified":"2025-03-17T09:13:07","modified_gmt":"2025-03-17T09:13:07","slug":"heat-transfer-stickers-for-clothes","status":"publish","type":"product","link":"https:\/\/cmykprinted.com\/hu\/termek\/hoatado-matricak-ruhakhoz\/","title":{"rendered":"H\u0151\u00e1tad\u00f3 matric\u00e1k ruh\u00e1khoz"},"content":{"rendered":"","protected":false},"excerpt":{"rendered":"<p>A ruh\u00e1khoz k\u00e9sz\u00fclt h\u0151\u00e1tad\u00f3 matric\u00e1k, m\u00e1s n\u00e9ven h\u0151\u00e1tad\u00f3 vinil (HTV) vagy vasalhat\u00f3 matric\u00e1k, n\u00e9pszer\u0171 m\u00f3dszer a ruhadarabok mint\u00e1k, mint\u00e1k \u00e9s log\u00f3k hozz\u00e1ad\u00e1s\u00e1ra.<\/p>\n<p><strong>H\u0151\u00e1tad\u00f3 matric\u00e1k ruh\u00e1khoz: Egyszer\u0171en \u00e9s st\u00edlusosan testreszabhatja<\/strong><br \/>\nA h\u0151\u00e1tad\u00f3 matric\u00e1k forradalmian \u00faj m\u00f3dja a ruh\u00e1zat szem\u00e9lyre szab\u00e1s\u00e1nak \u00e9s d\u00edsz\u00edt\u00e9s\u00e9nek, v\u00e9gtelen lehet\u0151s\u00e9get k\u00edn\u00e1lva a kreativit\u00e1s \u00e9s a m\u00e1rka\u00e9p\u00edt\u00e9s sz\u00e1m\u00e1ra. Ezek a matric\u00e1k speci\u00e1lisan tervezett vinilb\u0151l k\u00e9sz\u00fclnek, amely h\u0151 \u00e9s nyom\u00e1s hat\u00e1s\u00e1ra tapad a sz\u00f6vethez, \u00edgy tart\u00f3s \u00e9s \u00e9l\u00e9nk megjelen\u00e9st k\u00f6lcs\u00f6n\u00f6z.<\/p>\n<div style=\"width: 954px;\" class=\"wp-video\"><!--[if lt IE 9]><script>document.createElement('video');<\/script><![endif]--><br \/>\n<video class=\"wp-video-shortcode\" id=\"video-2405-1\" width=\"954\" height=\"540\" preload=\"metadata\" controls=\"controls\"><source type=\"video\/mp4\" src=\"https:\/\/cmykprinted.com\/wp-content\/uploads\/2025\/03\/hot-transfer-labels.mp4?_=1\" \/><a href=\"https:\/\/cmykprinted.com\/wp-content\/uploads\/2025\/03\/hot-transfer-labels.mp4\">https:\/\/cmykprinted.com\/wp-content\/uploads\/2025\/03\/hot-transfer-labels.mp4<\/a><\/video><\/div>","protected":false},"featured_media":2406,"template":"","meta":{"_kad_post_transparent":"default","_kad_post_title":"hide","_kad_post_layout":"fullwidth","_kad_post_sidebar_id":"","_kad_post_content_style":"unboxed","_kad_post_vertical_padding":"hide","_kad_post_feature":"hide","_kad_post_feature_position":"","_kad_post_header":false,"_kad_post_footer":false},"product_cat":[101,103],"product_tag":[538,540,539],"class_list":{"0":"post-2405","1":"product","2":"type-product","3":"status-publish","4":"has-post-thumbnail","6":"product_cat-transfer-stickers","7":"product_cat-uv-transfer-stickers","8":"product_tag-heat-transfer-stickers","9":"product_tag-heat-transfer-stickers-for-clothes","10":"product_tag-transfer-stickers-for-clothes","12":"first","13":"instock","14":"shipping-taxable","15":"product-type-simple","16":"entry","17":"content-bg","18":"loop-entry"},"_links":{"self":[{"href":"https:\/\/cmykprinted.com\/hu\/wp-json\/wp\/v2\/product\/2405","targetHints":{"allow":["GET"]}}],"collection":[{"href":"https:\/\/cmykprinted.com\/hu\/wp-json\/wp\/v2\/product"}],"about":[{"href":"https:\/\/cmykprinted.com\/hu\/wp-json\/wp\/v2\/types\/product"}],"version-history":[{"count":1,"href":"https:\/\/cmykprinted.com\/hu\/wp-json\/wp\/v2\/product\/2405\/revisions"}],"predecessor-version":[{"id":2415,"href":"https:\/\/cmykprinted.com\/hu\/wp-json\/wp\/v2\/product\/2405\/revisions\/2415"}],"wp:featuredmedia":[{"embeddable":true,"href":"https:\/\/cmykprinted.com\/hu\/wp-json\/wp\/v2\/media\/2406"}],"wp:attachment":[{"href":"https:\/\/cmykprinted.com\/hu\/wp-json\/wp\/v2\/media?parent=2405"}],"wp:term":[{"taxonomy":"product_cat","embeddable":true,"href":"https:\/\/cmykprinted.com\/hu\/wp-json\/wp\/v2\/product_cat?post=2405"},{"taxonomy":"product_tag","embeddable":true,"href":"https:\/\/cmykprinted.com\/hu\/wp-json\/wp\/v2\/product_tag?post=2405"}],"curies":[{"name":"wp","href":"https:\/\/api.w.org\/{rel}","templated":true}]}}