{"id":2423,"date":"2025-04-21T06:14:51","date_gmt":"2025-04-21T06:14:51","guid":{"rendered":"https:\/\/cmykprinted.com\/?post_type=product&#038;p=2423"},"modified":"2025-04-21T06:14:51","modified_gmt":"2025-04-21T06:14:51","slug":"dtf-heat-transfer-stickers-for-t-shirts","status":"publish","type":"product","link":"https:\/\/cmykprinted.com\/hu\/termek\/dtf-hoatviteles-matricak-polokhoz\/","title":{"rendered":"DTF h\u0151\u00e1tad\u00f3 matric\u00e1k p\u00f3l\u00f3khoz"},"content":{"rendered":"","protected":false},"excerpt":{"rendered":"<p>K\u00fcl\u00f6nf\u00e9le transzfer matric\u00e1k gy\u00e1rt\u00f3ja vagyunk Foshanban, K\u00edn\u00e1ban. Matric\u00e1ink UV tint\u00e1b\u00f3l k\u00e9sz\u00fclnek, ami k\u00f6rnyezetbar\u00e1t. Transzfer matric\u00e1ink 100% PVC-b\u0151l \u00e9s ftal\u00e1tmentes tint\u00e1b\u00f3l k\u00e9sz\u00fclnek. T\u00f6bb automatiz\u00e1lt g\u00e9pet haszn\u00e1lunk annak biztos\u00edt\u00e1s\u00e1ra, hogy a teljes b\u0151r fest\u00e9kkoncentr\u00e1ci\u00f3ja \u00e9s k\u00e9szterm\u00e9ke m\u00e9rs\u00e9kelt legyen. A min\u0151s\u00e9g \u00e1lland\u00f3 marad.<br \/>\nNincsenek korl\u00e1toz\u00e1saink a sz\u00ednek nyomtat\u00e1s\u00e1ra vonatkoz\u00f3an, \u00e9s minden sz\u00edn elk\u00e9sz\u00edthet\u0151 az \u00d6n terv\u00e9nek \/ alkot\u00e1sainak megfelel\u0151en.<br \/>\nNagyon gyorsan sz\u00e1ll\u00edtjuk, \u00e9s 48 \u00f3r\u00e1n bel\u00fcl el tudjuk k\u00fcldeni a rendel\u00e9st. \u00dcgyfeleink a vil\u00e1g minden t\u00e1j\u00e1r\u00f3l \u00e9rkeznek, szem\u00e9lyre szabott h\u0151\u00e1tad\u00f3 matric\u00e1it alapvet\u0151en egy h\u00e9ten bel\u00fcl megkaphatja.<\/p>\n<div style=\"width: 960px;\" class=\"wp-video\"><!--[if lt IE 9]><script>document.createElement('video');<\/script><![endif]--><br \/>\n<video class=\"wp-video-shortcode\" id=\"video-2423-1\" width=\"960\" height=\"540\" preload=\"metadata\" controls=\"controls\"><source type=\"video\/mp4\" src=\"https:\/\/cmykprinted.com\/wp-content\/uploads\/2025\/04\/DTF-Heat-Transfer-Stickers-for-T-Shirts.mp4?_=1\" \/><a href=\"https:\/\/cmykprinted.com\/wp-content\/uploads\/2025\/04\/DTF-Heat-Transfer-Stickers-for-T-Shirts.mp4\">https:\/\/cmykprinted.com\/wp-content\/uploads\/2025\/04\/DTF-Heat-Transfer-Stickers-for-T-Shirts.mp4<\/a><\/video><\/div>","protected":false},"featured_media":2425,"template":"","meta":{"_kad_post_transparent":"default","_kad_post_title":"hide","_kad_post_layout":"fullwidth","_kad_post_sidebar_id":"","_kad_post_content_style":"unboxed","_kad_post_vertical_padding":"hide","_kad_post_feature":"hide","_kad_post_feature_position":"","_kad_post_header":false,"_kad_post_footer":false},"product_cat":[101,103],"product_tag":[542,538,541],"class_list":{"0":"post-2423","1":"product","2":"type-product","3":"status-publish","4":"has-post-thumbnail","6":"product_cat-transfer-stickers","7":"product_cat-uv-transfer-stickers","8":"product_tag-dtf-heat-transfer-stickers","9":"product_tag-heat-transfer-stickers","10":"product_tag-heat-transfer-stickers-for-t-shirts","12":"first","13":"instock","14":"shipping-taxable","15":"product-type-simple","16":"entry","17":"content-bg","18":"loop-entry"},"_links":{"self":[{"href":"https:\/\/cmykprinted.com\/hu\/wp-json\/wp\/v2\/product\/2423","targetHints":{"allow":["GET"]}}],"collection":[{"href":"https:\/\/cmykprinted.com\/hu\/wp-json\/wp\/v2\/product"}],"about":[{"href":"https:\/\/cmykprinted.com\/hu\/wp-json\/wp\/v2\/types\/product"}],"version-history":[{"count":1,"href":"https:\/\/cmykprinted.com\/hu\/wp-json\/wp\/v2\/product\/2423\/revisions"}],"predecessor-version":[{"id":2430,"href":"https:\/\/cmykprinted.com\/hu\/wp-json\/wp\/v2\/product\/2423\/revisions\/2430"}],"wp:featuredmedia":[{"embeddable":true,"href":"https:\/\/cmykprinted.com\/hu\/wp-json\/wp\/v2\/media\/2425"}],"wp:attachment":[{"href":"https:\/\/cmykprinted.com\/hu\/wp-json\/wp\/v2\/media?parent=2423"}],"wp:term":[{"taxonomy":"product_cat","embeddable":true,"href":"https:\/\/cmykprinted.com\/hu\/wp-json\/wp\/v2\/product_cat?post=2423"},{"taxonomy":"product_tag","embeddable":true,"href":"https:\/\/cmykprinted.com\/hu\/wp-json\/wp\/v2\/product_tag?post=2423"}],"curies":[{"name":"wp","href":"https:\/\/api.w.org\/{rel}","templated":true}]}}