{"id":2443,"date":"2025-04-22T08:49:23","date_gmt":"2025-04-22T08:49:23","guid":{"rendered":"https:\/\/cmykprinted.com\/?post_type=product&#038;p=2443"},"modified":"2025-04-28T02:46:21","modified_gmt":"2025-04-28T02:46:21","slug":"custom-pvc-vinyl-banners-with-eyelets","status":"publish","type":"product","link":"https:\/\/cmykprinted.com\/hu\/termek\/egyedi-pvc-vinyl-molinok-szemekkel\/","title":{"rendered":"Egyedi PVC vinil bannerek f\u0171z\u0151lyukkal"},"content":{"rendered":"","protected":false},"excerpt":{"rendered":"<p>Ha egy mer\u00e9sz \u00fczenetet szeretne megosztani sz\u00e9les k\u00f6z\u00f6ns\u00e9ggel, a nagym\u00e9ret\u0171 PVC bannerek hat\u00e9kony \u00e9s praktikus v\u00e1laszt\u00e1st jelentenek.<\/p>\n<p>Ide\u00e1lis \u00fat menti marketinghez, a f\u00e9m f\u0171z\u0151lyukakkal ell\u00e1tott k\u00fclt\u00e9ri PVC bannerek lehet\u0151v\u00e9 teszik, hogy szemet gy\u00f6ny\u00f6rk\u00f6dtet\u0151, nagyszab\u00e1s\u00fa rekl\u00e1mokat k\u00e9sz\u00edtsen, amelyek azonnal felkeltik a figyelmet. Rendezv\u00e9nyeken vizu\u00e1lis k\u00f6z\u00e9ppontk\u00e9nt szolg\u00e1lnak, \u00e9s t\u00f6k\u00e9letes h\u00e1tteret biztos\u00edtanak az eml\u00e9kezetes f\u00e9nyk\u00e9pekhez.<\/p>\n<p>A Golden Mouth Advertisingn\u00e9l t\u00f6bbf\u00e9le m\u00e9retben \u2013 ak\u00e1r 5 mx 50 m-es \u2013 PVC bannernyomtat\u00e1st k\u00edn\u00e1lunk, \u00edgy \u00fczenet\u00e9vel hatalmas hat\u00e1st \u00e9rhet el.<\/p>\n<p>Egyedi PVC vinil bannereink tart\u00f3s, id\u0151j\u00e1r\u00e1s\u00e1ll\u00f3 PVC-b\u0151l k\u00e9sz\u00fclnek, amely ellen\u00e1ll a kop\u00e1snak \u00e9s a fakul\u00e1snak. A vastag, rugalmas anyag biztos\u00edtja, hogy a design \u00e9l\u00e9nk \u00e9s \u00e9rintetlen maradjon, ak\u00e1r belt\u00e9ren, ak\u00e1r kint van ki\u00e1ll\u00edtva, a hosszabb haszn\u00e1lat \u00e9rdek\u00e9ben.<\/p>\n<p>A beszerel\u00e9s gyors \u00e9s egyszer\u0171 a meger\u0151s\u00edtett f\u0171z\u0151lyukaknak k\u00f6sz\u00f6nhet\u0151en. Ezek a massz\u00edv f\u00e9mgy\u0171r\u0171k j\u00f3l m\u0171k\u00f6dnek k\u00fcl\u00f6nb\u00f6z\u0151 r\u00f6gz\u00edt\u00e9si m\u00f3dokkal, p\u00e9ld\u00e1ul k\u00f6telekkel, bungee-zsin\u00f3rral, kamp\u00f3val vagy k\u00e1belk\u00f6tegel\u0151vel \u2013 \u00edgy k\u00f6nnyen r\u00f6gz\u00edthet\u0151k ker\u00edt\u00e9shez vagy m\u00e1s k\u00fclt\u00e9ri t\u00e1maszt\u00e9khoz. Ha pedig kamp\u00e1nya vagy esem\u00e9nye v\u00e9get \u00e9rt, a bannerek k\u00f6nnyed\u00e9n elt\u00e1vol\u00edthat\u00f3k \u00e9s t\u00e1rolhat\u00f3k.<\/p>\n<p>Minden bannert fejlett, sz\u00e9les form\u00e1tum\u00fa digit\u00e1lis nyomtat\u00f3kkal nyomtatnak az \u00e9les, kiv\u00e1l\u00f3 min\u0151s\u00e9g\u0171 eredm\u00e9nyek \u00e9rdek\u00e9ben. Seg\u00edts\u00e9gre van sz\u00fcks\u00e9ge a banner megtervez\u00e9s\u00e9hez? H\u00e1zon bel\u00fcli kreat\u00edv csapatunk k\u00e9szen \u00e1ll az \u00d6n m\u0171alkot\u00e1saira, hogy \u00fczenete gy\u00f6ny\u00f6r\u0171en \u00e9letre keljen.<\/p>\n<div style=\"width: 1290px;\" class=\"wp-video\"><!--[if lt IE 9]><script>document.createElement('video');<\/script><![endif]--><br \/>\n<video class=\"wp-video-shortcode\" id=\"video-2443-1\" width=\"1290\" height=\"726\" loop autoplay preload=\"auto\" controls=\"controls\"><source type=\"video\/mp4\" src=\"http:\/\/cmykprinted.com\/wp-content\/uploads\/2022\/12\/vinyl-PVC-banners.mp4?_=1\" \/><a href=\"http:\/\/cmykprinted.com\/wp-content\/uploads\/2022\/12\/vinyl-PVC-banners.mp4\">http:\/\/cmykprinted.com\/wp-content\/uploads\/2022\/12\/vinyl-PVC-banners.mp4<\/a><\/video><\/div>\n<p>&nbsp;<\/p>","protected":false},"featured_media":2444,"template":"","meta":{"_kad_post_transparent":"default","_kad_post_title":"hide","_kad_post_layout":"fullwidth","_kad_post_sidebar_id":"","_kad_post_content_style":"unboxed","_kad_post_vertical_padding":"hide","_kad_post_feature":"hide","_kad_post_feature_position":"","_kad_post_header":false,"_kad_post_footer":false},"product_cat":[85,90,91,89],"product_tag":[549,550,548,547],"class_list":{"0":"post-2443","1":"product","2":"type-product","3":"status-publish","4":"has-post-thumbnail","6":"product_cat-outdoor-vinyl-banners","7":"product_cat-glossy-pvc-banners","8":"product_cat-matte-vinyl-banners","9":"product_cat-pvc-banners","10":"product_tag-custom-pvc-vinyl-banners","11":"product_tag-custom-vinyl-banners-with-eyelets","12":"product_tag-pvc-banners-with-eyelets","13":"product_tag-vinyl-banners-with-eyelets","15":"first","16":"instock","17":"shipping-taxable","18":"product-type-simple","19":"entry","20":"content-bg","21":"loop-entry"},"_links":{"self":[{"href":"https:\/\/cmykprinted.com\/hu\/wp-json\/wp\/v2\/product\/2443","targetHints":{"allow":["GET"]}}],"collection":[{"href":"https:\/\/cmykprinted.com\/hu\/wp-json\/wp\/v2\/product"}],"about":[{"href":"https:\/\/cmykprinted.com\/hu\/wp-json\/wp\/v2\/types\/product"}],"version-history":[{"count":3,"href":"https:\/\/cmykprinted.com\/hu\/wp-json\/wp\/v2\/product\/2443\/revisions"}],"predecessor-version":[{"id":2469,"href":"https:\/\/cmykprinted.com\/hu\/wp-json\/wp\/v2\/product\/2443\/revisions\/2469"}],"wp:featuredmedia":[{"embeddable":true,"href":"https:\/\/cmykprinted.com\/hu\/wp-json\/wp\/v2\/media\/2444"}],"wp:attachment":[{"href":"https:\/\/cmykprinted.com\/hu\/wp-json\/wp\/v2\/media?parent=2443"}],"wp:term":[{"taxonomy":"product_cat","embeddable":true,"href":"https:\/\/cmykprinted.com\/hu\/wp-json\/wp\/v2\/product_cat?post=2443"},{"taxonomy":"product_tag","embeddable":true,"href":"https:\/\/cmykprinted.com\/hu\/wp-json\/wp\/v2\/product_tag?post=2443"}],"curies":[{"name":"wp","href":"https:\/\/api.w.org\/{rel}","templated":true}]}}