{"id":2452,"date":"2025-04-23T09:23:08","date_gmt":"2025-04-23T09:23:08","guid":{"rendered":"https:\/\/cmykprinted.com\/?post_type=product&#038;p=2452"},"modified":"2025-04-23T09:23:08","modified_gmt":"2025-04-23T09:23:08","slug":"custom-trade-show-table-drapes","status":"publish","type":"product","link":"https:\/\/cmykprinted.com\/hu\/termek\/egyedi-kiallitasi-asztalteritok\/","title":{"rendered":"Egyedi ki\u00e1ll\u00edt\u00e1si asztalkend\u0151k"},"content":{"rendered":"","protected":false},"excerpt":{"rendered":"<p>Tegye ragyog\u00f3v\u00e1 \u00fcgyfeleit a k\u00f6vetkez\u0151 szakki\u00e1ll\u00edt\u00e1son vagy bemutat\u00f3jukon szemet gy\u00f6ny\u00f6rk\u00f6dtet\u0151, kiv\u00e1l\u00f3 min\u0151s\u00e9g\u0171, egyedi nyomtat\u00e1s\u00fa V\u00e1s\u00e1ri bemutat\u00f3 asztalkend\u0151inkkel. H\u00e1romoldalas, nyitott h\u00e1tt\u00e1ml\u00e1val \u00e9s 4 oldalas, z\u00e1rt h\u00e1t\u00fa kivitelben is kaphat\u00f3k, ezek a huzatok \u00fagy vannak kialak\u00edtva, hogy minden asztalhoz t\u00f6k\u00e9letesen illeszkedjenek, p\u00e9ld\u00e1ul 4 l\u00e1b, 6 l\u00e1b \u00e9s 8 l\u00e1b, vagy testre szabva. A strapab\u00edr\u00f3 8,8 OZ-os poli\u00e9szterb\u0151l k\u00e9sz\u00fclt \u00e9s fejlett fest\u00e9kszublim\u00e1ci\u00f3s technol\u00f3gi\u00e1val nyomtatva ezeket a Trade Show asztali f\u00fcgg\u00f6ny\u00f6ket \u00fagy tervezt\u00e9k, hogy ellen\u00e1lljanak b\u00e1rmilyen esem\u00e9ny forgalmas k\u00f6rnyezet\u00e9nek.<\/p>\n<p>A ki\u00e1ll\u00edt\u00e1si stand rendben tart\u00e1sa kih\u00edv\u00e1st jelenthet, k\u00fcl\u00f6n\u00f6sen az alkalmank\u00e9nti ki\u00f6ml\u00e9sek miatt. Szerencs\u00e9re a teljesen moshat\u00f3, sz\u00ednes asztaltakar\u00f3ink gyerekj\u00e1t\u00e9kk\u00e1 teszik a takar\u00edt\u00e1st. \u00dcgyfelei \u00e9rt\u00e9kelni fogj\u00e1k azt a k\u00e9nyelmet, hogy a nap v\u00e9g\u00e9n bedobhatj\u00e1k az abroszt a mos\u00f3g\u00e9pbe \u2013 \u00edgy egyik napr\u00f3l a m\u00e1sikra vissza\u00e1ll\u00edtj\u00e1k a mer\u00e9sz, \u00e9l\u00e9nk sz\u00edneket. Egyedi Trade Show asztali f\u00fcgg\u00f6nyeinkkel \u00fcgyfelei nap mint nap \u00e9les \u00e9s professzion\u00e1lis kin\u00e9zet\u0171ek maradhatnak.<\/p>","protected":false},"featured_media":2457,"template":"","meta":{"_kad_post_transparent":"default","_kad_post_title":"hide","_kad_post_layout":"fullwidth","_kad_post_sidebar_id":"","_kad_post_content_style":"unboxed","_kad_post_vertical_padding":"hide","_kad_post_feature":"hide","_kad_post_feature_position":"","_kad_post_header":false,"_kad_post_footer":false},"product_cat":[80,81],"product_tag":[552,551],"class_list":{"0":"post-2452","1":"product","2":"type-product","3":"status-publish","4":"has-post-thumbnail","6":"product_cat-custom-tablecloth","7":"product_cat-custom-stretch-tablecloth","8":"product_tag-custom-trade-show-table-drapes","9":"product_tag-trade-show-table-drapes","11":"first","12":"instock","13":"shipping-taxable","14":"product-type-simple","15":"entry","16":"content-bg","17":"loop-entry"},"_links":{"self":[{"href":"https:\/\/cmykprinted.com\/hu\/wp-json\/wp\/v2\/product\/2452","targetHints":{"allow":["GET"]}}],"collection":[{"href":"https:\/\/cmykprinted.com\/hu\/wp-json\/wp\/v2\/product"}],"about":[{"href":"https:\/\/cmykprinted.com\/hu\/wp-json\/wp\/v2\/types\/product"}],"version-history":[{"count":1,"href":"https:\/\/cmykprinted.com\/hu\/wp-json\/wp\/v2\/product\/2452\/revisions"}],"predecessor-version":[{"id":2458,"href":"https:\/\/cmykprinted.com\/hu\/wp-json\/wp\/v2\/product\/2452\/revisions\/2458"}],"wp:featuredmedia":[{"embeddable":true,"href":"https:\/\/cmykprinted.com\/hu\/wp-json\/wp\/v2\/media\/2457"}],"wp:attachment":[{"href":"https:\/\/cmykprinted.com\/hu\/wp-json\/wp\/v2\/media?parent=2452"}],"wp:term":[{"taxonomy":"product_cat","embeddable":true,"href":"https:\/\/cmykprinted.com\/hu\/wp-json\/wp\/v2\/product_cat?post=2452"},{"taxonomy":"product_tag","embeddable":true,"href":"https:\/\/cmykprinted.com\/hu\/wp-json\/wp\/v2\/product_tag?post=2452"}],"curies":[{"name":"wp","href":"https:\/\/api.w.org\/{rel}","templated":true}]}}