{"id":2471,"date":"2025-05-09T08:04:34","date_gmt":"2025-05-09T08:04:34","guid":{"rendered":"https:\/\/cmykprinted.com\/?post_type=product&#038;p=2471"},"modified":"2025-05-09T08:04:34","modified_gmt":"2025-05-09T08:04:34","slug":"cheap-outdoor-printed-mesh-banners-for-fence","status":"publish","type":"product","link":"https:\/\/cmykprinted.com\/hu\/termek\/olcso-kulteri-nyomtatott-halos-molinok-keriteshez\/","title":{"rendered":"Olcs\u00f3 k\u00fclt\u00e9ri nyomtatott h\u00e1l\u00f3s bannerek ker\u00edt\u00e9shez"},"content":{"rendered":"","protected":false},"excerpt":{"rendered":"<p>A ker\u00edt\u00e9sre helyezett rekl\u00e1mh\u00e1l\u00f3s bannerek nagyon hat\u00e9kony m\u00f3dja a m\u00e1rk\u00e1k n\u00e9pszer\u0171s\u00edt\u00e9s\u00e9nek. A ker\u00edt\u00e9sek mindenhol l\u00e1that\u00f3k, \u00e9s a k\u00f6nny\u0171 h\u00e1l\u00f3s bannerek mindk\u00e9t oldalra felszerelhet\u0151k. Ez a fajta banner v\u00edz\u00e1ll\u00f3 \u00e9s napf\u00e9ny\u00e1ll\u00f3, \u00e9s nagyon k\u00f6nnyen telep\u00edthet\u0151. \u00c1ltal\u00e1ban f\u0171z\u0151lyukakat helyez\u00fcnk a banner k\u00f6r\u00e9, hogy a bannert hevederekkel a ker\u00edt\u00e9shez lehessen r\u00f6gz\u00edteni, ami nagyon er\u0151s. A banner sz\u00e9leit hevederrel tekercselj\u00fck be, hogy a banner tart\u00f3sabb legyen. A sz\u00e9l nem k\u00f6nnyen szakad el. A h\u00e1l\u00f3s banner fel\u00fclet\u00e9n sok lyuk van, \u00edgy er\u0151s sz\u00e9l\u00e1ll\u00f3s\u00e1ggal rendelkezik, \u00e9s a sz\u00e9l k\u00f6zvetlen\u00fcl \u00e1thalad a banner fel\u00fclet\u00e9n. A PVC bannerekkel ellent\u00e9tben, amelyeken nincsenek lyukak, n\u00e9ha a PVC bannerek tart\u00f3sabb\u00e1 t\u00e9tele \u00e9rdek\u00e9ben az emberek sz\u00e1nd\u00e9kosan n\u00e9h\u00e1ny bev\u00e1g\u00e1st v\u00e1gnak a fel\u00fcletre oll\u00f3val, ami t\u00f6nkreteszi a teljes fest\u00e9s \u00e9ps\u00e9g\u00e9t.<\/p>\n<div style=\"width: 960px;\" class=\"wp-video\"><!--[if lt IE 9]><script>document.createElement('video');<\/script><![endif]--><br \/>\n<video class=\"wp-video-shortcode\" id=\"video-2471-1\" width=\"960\" height=\"540\" preload=\"metadata\" controls=\"controls\"><source type=\"video\/mp4\" src=\"https:\/\/cmykprinted.com\/wp-content\/uploads\/2025\/02\/Barrier-Covers.mp4?_=1\" \/><a href=\"https:\/\/cmykprinted.com\/wp-content\/uploads\/2025\/02\/Barrier-Covers.mp4\">https:\/\/cmykprinted.com\/wp-content\/uploads\/2025\/02\/Barrier-Covers.mp4<\/a><\/video><\/div>\n<p>r<\/p>\n<div style=\"width: 960px;\" class=\"wp-video\"><video class=\"wp-video-shortcode\" id=\"video-2471-2\" width=\"960\" height=\"540\" preload=\"metadata\" controls=\"controls\"><source type=\"video\/mp4\" src=\"https:\/\/cmykprinted.com\/wp-content\/uploads\/2025\/02\/Fence-Mesh-Signage.mp4?_=2\" \/><a href=\"https:\/\/cmykprinted.com\/wp-content\/uploads\/2025\/02\/Fence-Mesh-Signage.mp4\">https:\/\/cmykprinted.com\/wp-content\/uploads\/2025\/02\/Fence-Mesh-Signage.mp4<\/a><\/video><\/div>","protected":false},"featured_media":2477,"template":"","meta":{"_kad_post_transparent":"default","_kad_post_title":"hide","_kad_post_layout":"fullwidth","_kad_post_sidebar_id":"","_kad_post_content_style":"unboxed","_kad_post_vertical_padding":"hide","_kad_post_feature":"hide","_kad_post_feature_position":"","_kad_post_header":false,"_kad_post_footer":false},"product_cat":[85,86],"product_tag":[554,553,555],"class_list":{"0":"post-2471","1":"product","2":"type-product","3":"status-publish","4":"has-post-thumbnail","6":"product_cat-outdoor-vinyl-banners","7":"product_cat-fence-mesh-banners","8":"product_tag-cheap-outdoor-printed-mesh-banners","9":"product_tag-mesh-banners-for-fence","10":"product_tag-printed-mesh-banners","12":"first","13":"instock","14":"shipping-taxable","15":"product-type-simple","16":"entry","17":"content-bg","18":"loop-entry"},"_links":{"self":[{"href":"https:\/\/cmykprinted.com\/hu\/wp-json\/wp\/v2\/product\/2471","targetHints":{"allow":["GET"]}}],"collection":[{"href":"https:\/\/cmykprinted.com\/hu\/wp-json\/wp\/v2\/product"}],"about":[{"href":"https:\/\/cmykprinted.com\/hu\/wp-json\/wp\/v2\/types\/product"}],"version-history":[{"count":1,"href":"https:\/\/cmykprinted.com\/hu\/wp-json\/wp\/v2\/product\/2471\/revisions"}],"predecessor-version":[{"id":2480,"href":"https:\/\/cmykprinted.com\/hu\/wp-json\/wp\/v2\/product\/2471\/revisions\/2480"}],"wp:featuredmedia":[{"embeddable":true,"href":"https:\/\/cmykprinted.com\/hu\/wp-json\/wp\/v2\/media\/2477"}],"wp:attachment":[{"href":"https:\/\/cmykprinted.com\/hu\/wp-json\/wp\/v2\/media?parent=2471"}],"wp:term":[{"taxonomy":"product_cat","embeddable":true,"href":"https:\/\/cmykprinted.com\/hu\/wp-json\/wp\/v2\/product_cat?post=2471"},{"taxonomy":"product_tag","embeddable":true,"href":"https:\/\/cmykprinted.com\/hu\/wp-json\/wp\/v2\/product_tag?post=2471"}],"curies":[{"name":"wp","href":"https:\/\/api.w.org\/{rel}","templated":true}]}}